{"id":95628,"date":"2024-02-05T18:44:25","date_gmt":"2024-02-05T15:53:15","guid":{"rendered":"https:\/\/kingarms.ee\/product\/airsoft-ase-ak47-spartac\/"},"modified":"2024-08-06T12:19:03","modified_gmt":"2024-08-06T09:19:03","slug":"airsoft-relv-ak47-spartac","status":"publish","type":"product","link":"https:\/\/kingarms.ee\/fi\/product\/airsoft-relv-ak47-spartac\/","title":{"rendered":"Airsoft ase AK47 (Spartac)"},"content":{"rendered":"<p><img loading=\"lazy\" decoding=\"async\" class=\"alignnone size-full wp-image-95608\" src=\"https:\/\/kingarms.ee\/wp-content\/uploads\/2024\/02\/1152204725_1.png\" alt=\"\" width=\"800\" height=\"533\" srcset=\"https:\/\/kingarms.ee\/wp-content\/uploads\/2024\/02\/1152204725_1.png 800w, https:\/\/kingarms.ee\/wp-content\/uploads\/2024\/02\/1152204725_1-300x200.png 300w, https:\/\/kingarms.ee\/wp-content\/uploads\/2024\/02\/1152204725_1-768x512.png 768w, https:\/\/kingarms.ee\/wp-content\/uploads\/2024\/02\/1152204725_1-500x333.png 500w, https:\/\/kingarms.ee\/wp-content\/uploads\/2024\/02\/1152204725_1-150x100.png 150w\" sizes=\"auto, (max-width: 800px) 100vw, 800px\" \/><\/p>\n","protected":false},"excerpt":{"rendered":"<p>Valmistaja SRT<br \/>\nNopeus [FPS] 400<br \/>\nGearbox-versio Gearbox v3<br \/>\nAmmuntatyyppi yksitt\u00e4islaukaukset ja laukaisulaukaukset<br \/>\nSis\u00e4putken pituus [mm] 455<br \/>\nSalvovoima [tk] 500<br \/>\nHop-Up Kyll\u00e4<br \/>\nTakaisinkytkent\u00e4 Ei<br \/>\nTuotteen paino [g] 2155<br \/>\nMateriaali Muovi<br \/>\nTuotteen pituus [cm] 87<br \/>\nVirtal\u00e4hde S\u00e4hk\u00f6<br \/>\nMOSFET\/ETU NO<\/p>\n<p>Akku ja laturi eiv\u00e4t sis\u00e4lly. Suosittelemme LIPO<\/p>\n","protected":false},"featured_media":95610,"template":"","meta":{"_acf_changed":false},"product_brand":[],"product_cat":[251],"product_tag":[],"class_list":{"0":"post-95628","1":"product","2":"type-product","3":"status-publish","4":"has-post-thumbnail","6":"product_cat-sahkoaseet","8":"first","9":"onbackorder","10":"taxable","11":"shipping-taxable","12":"product-type-simple"},"acf":[],"_links":{"self":[{"href":"https:\/\/kingarms.ee\/fi\/wp-json\/wp\/v2\/product\/95628","targetHints":{"allow":["GET"]}}],"collection":[{"href":"https:\/\/kingarms.ee\/fi\/wp-json\/wp\/v2\/product"}],"about":[{"href":"https:\/\/kingarms.ee\/fi\/wp-json\/wp\/v2\/types\/product"}],"wp:featuredmedia":[{"embeddable":true,"href":"https:\/\/kingarms.ee\/fi\/wp-json\/wp\/v2\/media\/95610"}],"wp:attachment":[{"href":"https:\/\/kingarms.ee\/fi\/wp-json\/wp\/v2\/media?parent=95628"}],"wp:term":[{"taxonomy":"product_brand","embeddable":true,"href":"https:\/\/kingarms.ee\/fi\/wp-json\/wp\/v2\/product_brand?post=95628"},{"taxonomy":"product_cat","embeddable":true,"href":"https:\/\/kingarms.ee\/fi\/wp-json\/wp\/v2\/product_cat?post=95628"},{"taxonomy":"product_tag","embeddable":true,"href":"https:\/\/kingarms.ee\/fi\/wp-json\/wp\/v2\/product_tag?post=95628"}],"curies":[{"name":"wp","href":"https:\/\/api.w.org\/{rel}","templated":true}]}}