{"id":95658,"date":"2024-02-05T19:08:27","date_gmt":"2024-02-05T16:09:13","guid":{"rendered":"https:\/\/kingarms.ee\/product\/airsoft-ase-sa-c02-core-specna-arms\/"},"modified":"2024-08-06T12:18:19","modified_gmt":"2024-08-06T09:18:19","slug":"airsoft-relv-sa-c02-ydin-specna-aseet","status":"publish","type":"product","link":"https:\/\/kingarms.ee\/fi\/product\/airsoft-relv-sa-c02-ydin-specna-aseet\/","title":{"rendered":"Airsoft ase SA-C02 CORE (Specna Arms)"},"content":{"rendered":"<p><img loading=\"lazy\" decoding=\"async\" class=\"alignnone size-full wp-image-95631\" src=\"https:\/\/kingarms.ee\/wp-content\/uploads\/2024\/02\/1152215718_1.png\" alt=\"\" width=\"2000\" height=\"1333\" srcset=\"https:\/\/kingarms.ee\/wp-content\/uploads\/2024\/02\/1152215718_1.png 2000w, https:\/\/kingarms.ee\/wp-content\/uploads\/2024\/02\/1152215718_1-300x200.png 300w, https:\/\/kingarms.ee\/wp-content\/uploads\/2024\/02\/1152215718_1-1024x682.png 1024w, https:\/\/kingarms.ee\/wp-content\/uploads\/2024\/02\/1152215718_1-768x512.png 768w, https:\/\/kingarms.ee\/wp-content\/uploads\/2024\/02\/1152215718_1-1536x1024.png 1536w, https:\/\/kingarms.ee\/wp-content\/uploads\/2024\/02\/1152215718_1-500x333.png 500w, https:\/\/kingarms.ee\/wp-content\/uploads\/2024\/02\/1152215718_1-150x100.png 150w\" sizes=\"auto, (max-width: 2000px) 100vw, 2000px\" \/><\/p>\n","protected":false},"excerpt":{"rendered":"<p>Valmistaja Specna Arms<br \/>\nNopeus [FPS] 380<br \/>\nGerbox-versio Gearbox v2:sta<br \/>\nAmmuntatyyppi yksitt\u00e4islaukaukset ja laukaisulaukaukset<br \/>\nSis\u00e4putken pituus [mm] 270<br \/>\nLokeron kapasiteetti[tk] 300<br \/>\nHop-Up Kyll\u00e4<br \/>\nKierretyyppi 14mm CCW<br \/>\nSpecna Relvalin CORE\u2122:lle<br \/>\nV\u00e4ri musta<br \/>\nTuotteen pituus [cm] 78<br \/>\nTuotteen paino [g] 2250<br \/>\nMateriaali Muovi<br \/>\nTulppatyyppi Tamiya pieni<br \/>\nVirtal\u00e4hde S\u00e4hk\u00f6<\/p>\n<p>Akku ja laturi eiv\u00e4t sis\u00e4lly. Suosittelemme LIPO<\/p>\n","protected":false},"featured_media":95633,"template":"","meta":{"_acf_changed":false},"product_brand":[],"product_cat":[251],"product_tag":[],"class_list":{"0":"post-95658","1":"product","2":"type-product","3":"status-publish","4":"has-post-thumbnail","6":"product_cat-sahkoaseet","8":"first","9":"instock","10":"taxable","11":"shipping-taxable","12":"purchasable","13":"product-type-simple"},"acf":[],"_links":{"self":[{"href":"https:\/\/kingarms.ee\/fi\/wp-json\/wp\/v2\/product\/95658","targetHints":{"allow":["GET"]}}],"collection":[{"href":"https:\/\/kingarms.ee\/fi\/wp-json\/wp\/v2\/product"}],"about":[{"href":"https:\/\/kingarms.ee\/fi\/wp-json\/wp\/v2\/types\/product"}],"wp:featuredmedia":[{"embeddable":true,"href":"https:\/\/kingarms.ee\/fi\/wp-json\/wp\/v2\/media\/95633"}],"wp:attachment":[{"href":"https:\/\/kingarms.ee\/fi\/wp-json\/wp\/v2\/media?parent=95658"}],"wp:term":[{"taxonomy":"product_brand","embeddable":true,"href":"https:\/\/kingarms.ee\/fi\/wp-json\/wp\/v2\/product_brand?post=95658"},{"taxonomy":"product_cat","embeddable":true,"href":"https:\/\/kingarms.ee\/fi\/wp-json\/wp\/v2\/product_cat?post=95658"},{"taxonomy":"product_tag","embeddable":true,"href":"https:\/\/kingarms.ee\/fi\/wp-json\/wp\/v2\/product_tag?post=95658"}],"curies":[{"name":"wp","href":"https:\/\/api.w.org\/{rel}","templated":true}]}}