{"id":95701,"date":"2024-02-05T19:27:16","date_gmt":"2024-02-05T16:30:32","guid":{"rendered":"https:\/\/kingarms.ee\/product\/airsoft-ase-sa-j71-core-specna-arms\/"},"modified":"2024-08-06T12:16:54","modified_gmt":"2024-08-06T09:16:54","slug":"airsoft-relv-sa-j71-ydin-specna-aseet","status":"publish","type":"product","link":"https:\/\/kingarms.ee\/fi\/product\/airsoft-relv-sa-j71-ydin-specna-aseet\/","title":{"rendered":"Airsoft ase SA-J71 CORE (Specna Arms)"},"content":{"rendered":"<p><img loading=\"lazy\" decoding=\"async\" class=\"alignnone size-full wp-image-95679\" src=\"https:\/\/kingarms.ee\/wp-content\/uploads\/2024\/02\/1152233140_1.png\" alt=\"\" width=\"2000\" height=\"1333\" srcset=\"https:\/\/kingarms.ee\/wp-content\/uploads\/2024\/02\/1152233140_1.png 2000w, https:\/\/kingarms.ee\/wp-content\/uploads\/2024\/02\/1152233140_1-300x200.png 300w, https:\/\/kingarms.ee\/wp-content\/uploads\/2024\/02\/1152233140_1-1024x682.png 1024w, https:\/\/kingarms.ee\/wp-content\/uploads\/2024\/02\/1152233140_1-768x512.png 768w, https:\/\/kingarms.ee\/wp-content\/uploads\/2024\/02\/1152233140_1-1536x1024.png 1536w, https:\/\/kingarms.ee\/wp-content\/uploads\/2024\/02\/1152233140_1-500x333.png 500w, https:\/\/kingarms.ee\/wp-content\/uploads\/2024\/02\/1152233140_1-150x100.png 150w\" sizes=\"auto, (max-width: 2000px) 100vw, 2000px\" \/><\/p>\n","protected":false},"excerpt":{"rendered":"<p>Valmistaja Specna Arms<br \/>\nNopeus [FPS] 380<br \/>\nGearbox-versio Gearbox v3<br \/>\nAmmuntatyyppi yksitt\u00e4islaukaukset ja laukaisulaukaukset<br \/>\nSis\u00e4putken pituus [mm] 455<br \/>\nSalvojen m\u00e4\u00e4r\u00e4 [tk] 430<br \/>\nHop-Up Kyll\u00e4<br \/>\nPutkikierteen tyyppi 24mm CW<br \/>\nPikalukitusj\u00e4rjestelm\u00e4 Kyll\u00e4<br \/>\nTulppa Tyyppi Tamiya pieni<br \/>\nV\u00e4ri musta<br \/>\nTuotteen paino [g] 2565<br \/>\nMateriaali Muovi<br \/>\nV\u00e4himm\u00e4ispituus [mm] 720<br \/>\nTuotteen pituus [cm] 95<br \/>\nSpecna Arms line J CORE\u2122-sarja<br \/>\nVirtal\u00e4hde S\u00e4hk\u00f6<\/p>\n<p>Akku ja laturi eiv\u00e4t sis\u00e4lly. Suosittelemme LIPO<\/p>\n","protected":false},"featured_media":95681,"template":"","meta":{"_acf_changed":false},"product_brand":[],"product_cat":[251],"product_tag":[],"class_list":{"0":"post-95701","1":"product","2":"type-product","3":"status-publish","4":"has-post-thumbnail","6":"product_cat-sahkoaseet","8":"first","9":"instock","10":"taxable","11":"shipping-taxable","12":"purchasable","13":"product-type-simple"},"acf":[],"_links":{"self":[{"href":"https:\/\/kingarms.ee\/fi\/wp-json\/wp\/v2\/product\/95701","targetHints":{"allow":["GET"]}}],"collection":[{"href":"https:\/\/kingarms.ee\/fi\/wp-json\/wp\/v2\/product"}],"about":[{"href":"https:\/\/kingarms.ee\/fi\/wp-json\/wp\/v2\/types\/product"}],"wp:featuredmedia":[{"embeddable":true,"href":"https:\/\/kingarms.ee\/fi\/wp-json\/wp\/v2\/media\/95681"}],"wp:attachment":[{"href":"https:\/\/kingarms.ee\/fi\/wp-json\/wp\/v2\/media?parent=95701"}],"wp:term":[{"taxonomy":"product_brand","embeddable":true,"href":"https:\/\/kingarms.ee\/fi\/wp-json\/wp\/v2\/product_brand?post=95701"},{"taxonomy":"product_cat","embeddable":true,"href":"https:\/\/kingarms.ee\/fi\/wp-json\/wp\/v2\/product_cat?post=95701"},{"taxonomy":"product_tag","embeddable":true,"href":"https:\/\/kingarms.ee\/fi\/wp-json\/wp\/v2\/product_tag?post=95701"}],"curies":[{"name":"wp","href":"https:\/\/api.w.org\/{rel}","templated":true}]}}