{"id":95724,"date":"2024-02-05T19:35:15","date_gmt":"2024-02-05T16:36:55","guid":{"rendered":"https:\/\/kingarms.ee\/product\/airsoft-ase-cm028-cyma\/"},"modified":"2024-08-06T12:16:10","modified_gmt":"2024-08-06T09:16:10","slug":"airsoft-relv-cm028-cyma","status":"publish","type":"product","link":"https:\/\/kingarms.ee\/fi\/product\/airsoft-relv-cm028-cyma\/","title":{"rendered":"Airsoft ase CM028 (CYMA)"},"content":{"rendered":"<p><img loading=\"lazy\" decoding=\"async\" class=\"alignnone size-full wp-image-95705\" src=\"https:\/\/kingarms.ee\/wp-content\/uploads\/2024\/02\/1144793020_1.png\" alt=\"\" width=\"2000\" height=\"1333\" srcset=\"https:\/\/kingarms.ee\/wp-content\/uploads\/2024\/02\/1144793020_1.png 2000w, https:\/\/kingarms.ee\/wp-content\/uploads\/2024\/02\/1144793020_1-300x200.png 300w, https:\/\/kingarms.ee\/wp-content\/uploads\/2024\/02\/1144793020_1-1024x682.png 1024w, https:\/\/kingarms.ee\/wp-content\/uploads\/2024\/02\/1144793020_1-768x512.png 768w, https:\/\/kingarms.ee\/wp-content\/uploads\/2024\/02\/1144793020_1-1536x1024.png 1536w, https:\/\/kingarms.ee\/wp-content\/uploads\/2024\/02\/1144793020_1-500x333.png 500w, https:\/\/kingarms.ee\/wp-content\/uploads\/2024\/02\/1144793020_1-150x100.png 150w\" sizes=\"auto, (max-width: 2000px) 100vw, 2000px\" \/><\/p>\n","protected":false},"excerpt":{"rendered":"<p>Valmistaja CYMA<br \/>\nNopeus [FPS] 380<br \/>\nGearbox-versio Gearbox v3<br \/>\nAmmuntatyyppi yhdell\u00e4 laukauksella ja liipaisimella<br \/>\nSis\u00e4putken pituus [mm] 455<br \/>\nSalvovoima [tk] 500<br \/>\nHop-Up Kyll\u00e4<br \/>\nTuotteen paino [g] 2700<br \/>\nMateriaali Muovi\/alumiini<br \/>\nV\u00e4himm\u00e4ispituus [mm] 880<br \/>\nTuotteen pituus [cm] 88<br \/>\nVirtal\u00e4hde S\u00e4hk\u00f6<\/p>\n","protected":false},"featured_media":95707,"template":"","meta":{"_acf_changed":false},"product_brand":[],"product_cat":[251],"product_tag":[],"class_list":{"0":"post-95724","1":"product","2":"type-product","3":"status-publish","4":"has-post-thumbnail","6":"product_cat-sahkoaseet","8":"first","9":"instock","10":"taxable","11":"shipping-taxable","12":"purchasable","13":"product-type-simple"},"acf":[],"_links":{"self":[{"href":"https:\/\/kingarms.ee\/fi\/wp-json\/wp\/v2\/product\/95724","targetHints":{"allow":["GET"]}}],"collection":[{"href":"https:\/\/kingarms.ee\/fi\/wp-json\/wp\/v2\/product"}],"about":[{"href":"https:\/\/kingarms.ee\/fi\/wp-json\/wp\/v2\/types\/product"}],"wp:featuredmedia":[{"embeddable":true,"href":"https:\/\/kingarms.ee\/fi\/wp-json\/wp\/v2\/media\/95707"}],"wp:attachment":[{"href":"https:\/\/kingarms.ee\/fi\/wp-json\/wp\/v2\/media?parent=95724"}],"wp:term":[{"taxonomy":"product_brand","embeddable":true,"href":"https:\/\/kingarms.ee\/fi\/wp-json\/wp\/v2\/product_brand?post=95724"},{"taxonomy":"product_cat","embeddable":true,"href":"https:\/\/kingarms.ee\/fi\/wp-json\/wp\/v2\/product_cat?post=95724"},{"taxonomy":"product_tag","embeddable":true,"href":"https:\/\/kingarms.ee\/fi\/wp-json\/wp\/v2\/product_tag?post=95724"}],"curies":[{"name":"wp","href":"https:\/\/api.w.org\/{rel}","templated":true}]}}