{"id":95927,"date":"2024-02-10T12:38:30","date_gmt":"2024-02-10T09:42:35","guid":{"rendered":"https:\/\/kingarms.ee\/product\/ase-laukku-remington-130cm\/"},"modified":"2024-08-06T12:14:41","modified_gmt":"2024-08-06T09:14:41","slug":"ase-remington-130cm","status":"publish","type":"product","link":"https:\/\/kingarms.ee\/fi\/product\/ase-remington-130cm\/","title":{"rendered":"Ase laukku Remington 130cm"},"content":{"rendered":"<p><img loading=\"lazy\" decoding=\"async\" class=\"alignnone size-full wp-image-95918\" src=\"https:\/\/kingarms.ee\/wp-content\/uploads\/2024\/02\/chehol-remington-dlya-ruzhya-130-sm-5.jpg\" alt=\"\" width=\"840\" height=\"700\" srcset=\"https:\/\/kingarms.ee\/wp-content\/uploads\/2024\/02\/chehol-remington-dlya-ruzhya-130-sm-5.jpg 840w, https:\/\/kingarms.ee\/wp-content\/uploads\/2024\/02\/chehol-remington-dlya-ruzhya-130-sm-5-300x250.jpg 300w, https:\/\/kingarms.ee\/wp-content\/uploads\/2024\/02\/chehol-remington-dlya-ruzhya-130-sm-5-768x640.jpg 768w, https:\/\/kingarms.ee\/wp-content\/uploads\/2024\/02\/chehol-remington-dlya-ruzhya-130-sm-5-500x417.jpg 500w, https:\/\/kingarms.ee\/wp-content\/uploads\/2024\/02\/chehol-remington-dlya-ruzhya-130-sm-5-150x125.jpg 150w\" sizes=\"auto, (max-width: 840px) 100vw, 840px\" \/><\/p>\n","protected":false},"excerpt":{"rendered":"<p>Arvostetun Remingtonin mets\u00e4styskiv\u00e4\u00e4ri-, haulikko- ja karbiinimerkin suojus.<br \/>\nKantohihnalla sek\u00e4 s\u00e4\u00e4dett\u00e4v\u00e4ll\u00e4 ja irrotettavalla olkahihnalla, joka helpottaa kantamista.<br \/>\nUlkotasku tarvikkeiden, ammusten jne. s\u00e4ilytt\u00e4miseen.<br \/>\nValmistettu ensiluokkaisesta cordurasta.<br \/>\nV\u00e4ri: hiekanruskea.<br \/>\nRaskas tuppi, joka on ihanteellinen suojaamaan kiv\u00e4\u00e4ri\u00e4 kolhuilta ja naarmuilta.<br \/>\nKoko: 130 cm (ihanteellinen 110-120 cm kiv\u00e4\u00e4rille).<br \/>\nT\u00e4rke\u00e4\u00e4: merkittyjen kansien mitat ovat aina ulkomittoja. Huomaa, ett\u00e4 pussin on oltava pistoolia suurempi, jotta se sulkeutuu kunnolla.<\/p>\n","protected":false},"featured_media":95920,"template":"","meta":{"_acf_changed":false},"product_brand":[],"product_cat":[645],"product_tag":[],"class_list":{"0":"post-95927","1":"product","2":"type-product","3":"status-publish","4":"has-post-thumbnail","6":"product_cat-laukut","8":"first","9":"instock","10":"taxable","11":"shipping-taxable","12":"purchasable","13":"product-type-simple"},"acf":[],"_links":{"self":[{"href":"https:\/\/kingarms.ee\/fi\/wp-json\/wp\/v2\/product\/95927","targetHints":{"allow":["GET"]}}],"collection":[{"href":"https:\/\/kingarms.ee\/fi\/wp-json\/wp\/v2\/product"}],"about":[{"href":"https:\/\/kingarms.ee\/fi\/wp-json\/wp\/v2\/types\/product"}],"wp:featuredmedia":[{"embeddable":true,"href":"https:\/\/kingarms.ee\/fi\/wp-json\/wp\/v2\/media\/95920"}],"wp:attachment":[{"href":"https:\/\/kingarms.ee\/fi\/wp-json\/wp\/v2\/media?parent=95927"}],"wp:term":[{"taxonomy":"product_brand","embeddable":true,"href":"https:\/\/kingarms.ee\/fi\/wp-json\/wp\/v2\/product_brand?post=95927"},{"taxonomy":"product_cat","embeddable":true,"href":"https:\/\/kingarms.ee\/fi\/wp-json\/wp\/v2\/product_cat?post=95927"},{"taxonomy":"product_tag","embeddable":true,"href":"https:\/\/kingarms.ee\/fi\/wp-json\/wp\/v2\/product_tag?post=95927"}],"curies":[{"name":"wp","href":"https:\/\/api.w.org\/{rel}","templated":true}]}}