{"id":95958,"date":"2024-02-10T13:14:24","date_gmt":"2024-02-10T10:15:43","guid":{"rendered":"https:\/\/kingarms.ee\/product\/aseenkantokotelo-remington-128x15x25x6\/"},"modified":"2024-08-06T12:13:12","modified_gmt":"2024-08-06T09:13:12","slug":"aseenkantokotelo-remington-128x15x25x6","status":"publish","type":"product","link":"https:\/\/kingarms.ee\/fi\/product\/aseenkantokotelo-remington-128x15x25x6\/","title":{"rendered":"Aseenkantokotelo Remington 128x15x25x6"},"content":{"rendered":"<p><img loading=\"lazy\" decoding=\"async\" class=\"alignnone size-full wp-image-95951\" src=\"https:\/\/kingarms.ee\/wp-content\/uploads\/2024\/02\/img_99274-1.jpg\" alt=\"\" width=\"1000\" height=\"667\" srcset=\"https:\/\/kingarms.ee\/wp-content\/uploads\/2024\/02\/img_99274-1.jpg 1000w, https:\/\/kingarms.ee\/wp-content\/uploads\/2024\/02\/img_99274-1-300x200.jpg 300w, https:\/\/kingarms.ee\/wp-content\/uploads\/2024\/02\/img_99274-1-768x512.jpg 768w, https:\/\/kingarms.ee\/wp-content\/uploads\/2024\/02\/img_99274-1-500x334.jpg 500w, https:\/\/kingarms.ee\/wp-content\/uploads\/2024\/02\/img_99274-1-150x100.jpg 150w\" sizes=\"auto, (max-width: 1000px) 100vw, 1000px\" \/><\/p>\n","protected":false},"excerpt":{"rendered":"<p>Remingtonin aseenkantokotelo 128x15x25x6 vihre\u00e4.<\/p>\n<p>Ulkokangas &#8211; oliivinv\u00e4rinen cordura. Sis\u00e4ll\u00e4 on synteettisell\u00e4 kankaalla p\u00e4\u00e4llystetty\u00e4 vaahtomuovia. Kotelon ala- ja yl\u00e4osa on p\u00e4\u00e4llystetty keinonahalla. Siin\u00e4 on tasku pienille tavaroille. Matkalaukkua voi kantaa joko kahvoista tai olalla: siin\u00e4 on erityinen hihna. Sopii kiv\u00e4\u00e4reille, joissa ei ole t\u00e4ht\u00e4imi\u00e4, sek\u00e4 pienille ja keskikokoisille kiv\u00e4\u00e4reille.<\/p>\n","protected":false},"featured_media":95953,"template":"","meta":{"_acf_changed":false},"product_brand":[],"product_cat":[652,645],"product_tag":[],"class_list":{"0":"post-95958","1":"product","2":"type-product","3":"status-publish","4":"has-post-thumbnail","6":"product_cat-laukut-fi","7":"product_cat-laukut","9":"first","10":"instock","11":"taxable","12":"shipping-taxable","13":"purchasable","14":"product-type-simple"},"acf":[],"_links":{"self":[{"href":"https:\/\/kingarms.ee\/fi\/wp-json\/wp\/v2\/product\/95958","targetHints":{"allow":["GET"]}}],"collection":[{"href":"https:\/\/kingarms.ee\/fi\/wp-json\/wp\/v2\/product"}],"about":[{"href":"https:\/\/kingarms.ee\/fi\/wp-json\/wp\/v2\/types\/product"}],"wp:featuredmedia":[{"embeddable":true,"href":"https:\/\/kingarms.ee\/fi\/wp-json\/wp\/v2\/media\/95953"}],"wp:attachment":[{"href":"https:\/\/kingarms.ee\/fi\/wp-json\/wp\/v2\/media?parent=95958"}],"wp:term":[{"taxonomy":"product_brand","embeddable":true,"href":"https:\/\/kingarms.ee\/fi\/wp-json\/wp\/v2\/product_brand?post=95958"},{"taxonomy":"product_cat","embeddable":true,"href":"https:\/\/kingarms.ee\/fi\/wp-json\/wp\/v2\/product_cat?post=95958"},{"taxonomy":"product_tag","embeddable":true,"href":"https:\/\/kingarms.ee\/fi\/wp-json\/wp\/v2\/product_tag?post=95958"}],"curies":[{"name":"wp","href":"https:\/\/api.w.org\/{rel}","templated":true}]}}