{"id":95990,"date":"2024-02-10T16:33:10","date_gmt":"2024-02-10T13:34:20","guid":{"rendered":"https:\/\/kingarms.ee\/product\/silikonioljy-aerosoli-200ml-general-nano\/"},"modified":"2024-08-06T11:20:23","modified_gmt":"2024-08-06T08:20:23","slug":"siliconol-aerosoli-200ml-yleinen-nano","status":"publish","type":"product","link":"https:\/\/kingarms.ee\/fi\/product\/siliconol-aerosoli-200ml-yleinen-nano\/","title":{"rendered":"Silikoni\u00f6ljy aerosoli 200ml (General Nano)"},"content":{"rendered":"<p><img loading=\"lazy\" decoding=\"async\" class=\"alignnone size-full wp-image-95973\" src=\"https:\/\/kingarms.ee\/wp-content\/uploads\/2024\/02\/118787000_1-scaled.jpg\" alt=\"\" width=\"2560\" height=\"1792\" srcset=\"https:\/\/kingarms.ee\/wp-content\/uploads\/2024\/02\/118787000_1-scaled.jpg 2560w, https:\/\/kingarms.ee\/wp-content\/uploads\/2024\/02\/118787000_1-300x210.jpg 300w, https:\/\/kingarms.ee\/wp-content\/uploads\/2024\/02\/118787000_1-1024x717.jpg 1024w, https:\/\/kingarms.ee\/wp-content\/uploads\/2024\/02\/118787000_1-768x538.jpg 768w, https:\/\/kingarms.ee\/wp-content\/uploads\/2024\/02\/118787000_1-1536x1075.jpg 1536w, https:\/\/kingarms.ee\/wp-content\/uploads\/2024\/02\/118787000_1-2048x1434.jpg 2048w, https:\/\/kingarms.ee\/wp-content\/uploads\/2024\/02\/118787000_1-500x350.jpg 500w, https:\/\/kingarms.ee\/wp-content\/uploads\/2024\/02\/118787000_1-150x105.jpg 150w\" sizes=\"auto, (max-width: 2560px) 100vw, 2560px\" \/><\/p>\n","protected":false},"excerpt":{"rendered":"<p>Super Nano Grease Silicone Oil on General Nano Protectionin tunnustama korkealaatuinen silikoni\u00f6ljy aseiden, ASG-replikaatioiden ja ilma-aseiden tehokkaaseen huoltoon. Se on ihanteellinen kumi- ja muovipintojen liukkauden lis\u00e4\u00e4miseen sek\u00e4 venttiilien ja tiivisteiden huoltoon.<\/p>\n<p>Pullossa on pidennetty applikaattori, joka helpottaa tuotteen levitt\u00e4mist\u00e4 ja mahdollistaa sen suihkuttamisen suihkuna tai levitt\u00e4misen. Silikoni\u00f6ljy ei haihdu, ei vahingoita puuta ja kest\u00e4\u00e4 vett\u00e4 ja likaa.<\/p>\n<p>Ominaisuudet:<br \/>\nValmistaa, suojaa ja s\u00e4ilytt\u00e4\u00e4 muovit, metallit ja kumit, pident\u00e4\u00e4 k\u00e4ytt\u00f6ik\u00e4\u00e4.<br \/>\nSoveltuu kaikentyyppisille ampuma- ja ilma-aseille.<br \/>\nEhk\u00e4isee ik\u00e4\u00e4ntymist\u00e4<br \/>\nEst\u00e4\u00e4 kumi- ja muoviosien kuivumisen ja j\u00e4\u00e4tymisen.<br \/>\nSuojaa kosteudelta, korroosiolta, ruosteelta ja hapettumiselta.<br \/>\nVahva tartunta<br \/>\nL\u00e4mp\u00f6tila-alue -50\u00b0C &#8211; +200\u00b0C<\/p>\n","protected":false},"featured_media":95974,"template":"","meta":{"_acf_changed":false},"product_brand":[],"product_cat":[335],"product_tag":[],"class_list":{"0":"post-95990","1":"product","2":"type-product","3":"status-publish","4":"has-post-thumbnail","6":"product_cat-aseiden-huolto","8":"first","9":"instock","10":"taxable","11":"shipping-taxable","12":"purchasable","13":"product-type-simple"},"acf":[],"_links":{"self":[{"href":"https:\/\/kingarms.ee\/fi\/wp-json\/wp\/v2\/product\/95990","targetHints":{"allow":["GET"]}}],"collection":[{"href":"https:\/\/kingarms.ee\/fi\/wp-json\/wp\/v2\/product"}],"about":[{"href":"https:\/\/kingarms.ee\/fi\/wp-json\/wp\/v2\/types\/product"}],"wp:featuredmedia":[{"embeddable":true,"href":"https:\/\/kingarms.ee\/fi\/wp-json\/wp\/v2\/media\/95974"}],"wp:attachment":[{"href":"https:\/\/kingarms.ee\/fi\/wp-json\/wp\/v2\/media?parent=95990"}],"wp:term":[{"taxonomy":"product_brand","embeddable":true,"href":"https:\/\/kingarms.ee\/fi\/wp-json\/wp\/v2\/product_brand?post=95990"},{"taxonomy":"product_cat","embeddable":true,"href":"https:\/\/kingarms.ee\/fi\/wp-json\/wp\/v2\/product_cat?post=95990"},{"taxonomy":"product_tag","embeddable":true,"href":"https:\/\/kingarms.ee\/fi\/wp-json\/wp\/v2\/product_tag?post=95990"}],"curies":[{"name":"wp","href":"https:\/\/api.w.org\/{rel}","templated":true}]}}