{"id":96016,"date":"2024-02-10T16:46:54","date_gmt":"2024-02-10T13:47:40","guid":{"rendered":"https:\/\/kingarms.ee\/product\/sotilassaippua-3in1-300-ml\/"},"modified":"2024-08-06T11:18:15","modified_gmt":"2024-08-06T08:18:15","slug":"militaarseep-3in1-300-ml","status":"publish","type":"product","link":"https:\/\/kingarms.ee\/fi\/product\/militaarseep-3in1-300-ml\/","title":{"rendered":"Sotilassaippua 3in1 300 ml"},"content":{"rendered":"<p><img loading=\"lazy\" decoding=\"async\" class=\"alignnone size-full wp-image-96010\" src=\"https:\/\/kingarms.ee\/wp-content\/uploads\/2024\/02\/123081000_1-scaled.jpg\" alt=\"\" width=\"2560\" height=\"1792\" srcset=\"https:\/\/kingarms.ee\/wp-content\/uploads\/2024\/02\/123081000_1-scaled.jpg 2560w, https:\/\/kingarms.ee\/wp-content\/uploads\/2024\/02\/123081000_1-300x210.jpg 300w, https:\/\/kingarms.ee\/wp-content\/uploads\/2024\/02\/123081000_1-1024x717.jpg 1024w, https:\/\/kingarms.ee\/wp-content\/uploads\/2024\/02\/123081000_1-768x537.jpg 768w, https:\/\/kingarms.ee\/wp-content\/uploads\/2024\/02\/123081000_1-1536x1075.jpg 1536w, https:\/\/kingarms.ee\/wp-content\/uploads\/2024\/02\/123081000_1-2048x1433.jpg 2048w, https:\/\/kingarms.ee\/wp-content\/uploads\/2024\/02\/123081000_1-500x350.jpg 500w, https:\/\/kingarms.ee\/wp-content\/uploads\/2024\/02\/123081000_1-150x105.jpg 150w\" sizes=\"auto, (max-width: 2560px) 100vw, 2560px\" \/><\/p>\n","protected":false},"excerpt":{"rendered":"<p>Saippua on tarkoitettu ampujille, ampumaratojen k\u00e4ytt\u00e4jille ja raskasmetallien kanssa ty\u00f6skenteleville teollisuusty\u00f6ntekij\u00f6ille.<\/p>\n<p>Useat sis\u00e4- ja ulkotiloissa k\u00e4ytett\u00e4vi\u00e4 laukaisulaitteita koskevat tutkimukset osoittavat, ett\u00e4 luodin hajoamisesta aiheutuvat hajallaan olevat metallihiukkaset voivat aiheuttaa vakavia terveysongelmia. T\u00e4m\u00e4 voi vaikuttaa ampujiin, kouluttajiin, henkil\u00f6kuntaan ja ampumaratojen k\u00e4vij\u00f6ihin.<br \/>\nKoska ampumatarvikkeiden valmistuksessa k\u00e4ytet\u00e4\u00e4n usein kuparia, kromia, lyijy\u00e4 ja messinki\u00e4, ne ovat myrkyllisi\u00e4 jo pienin\u00e4 m\u00e4\u00e4rin\u00e4.<\/p>\n","protected":false},"featured_media":96012,"template":"","meta":{"_acf_changed":false},"product_brand":[],"product_cat":[335,352],"product_tag":[],"class_list":{"0":"post-96016","1":"product","2":"type-product","3":"status-publish","4":"has-post-thumbnail","6":"product_cat-aseiden-huolto","7":"product_cat-matkatavarat","9":"first","10":"instock","11":"taxable","12":"shipping-taxable","13":"purchasable","14":"product-type-simple"},"acf":[],"_links":{"self":[{"href":"https:\/\/kingarms.ee\/fi\/wp-json\/wp\/v2\/product\/96016","targetHints":{"allow":["GET"]}}],"collection":[{"href":"https:\/\/kingarms.ee\/fi\/wp-json\/wp\/v2\/product"}],"about":[{"href":"https:\/\/kingarms.ee\/fi\/wp-json\/wp\/v2\/types\/product"}],"wp:featuredmedia":[{"embeddable":true,"href":"https:\/\/kingarms.ee\/fi\/wp-json\/wp\/v2\/media\/96012"}],"wp:attachment":[{"href":"https:\/\/kingarms.ee\/fi\/wp-json\/wp\/v2\/media?parent=96016"}],"wp:term":[{"taxonomy":"product_brand","embeddable":true,"href":"https:\/\/kingarms.ee\/fi\/wp-json\/wp\/v2\/product_brand?post=96016"},{"taxonomy":"product_cat","embeddable":true,"href":"https:\/\/kingarms.ee\/fi\/wp-json\/wp\/v2\/product_cat?post=96016"},{"taxonomy":"product_tag","embeddable":true,"href":"https:\/\/kingarms.ee\/fi\/wp-json\/wp\/v2\/product_tag?post=96016"}],"curies":[{"name":"wp","href":"https:\/\/api.w.org\/{rel}","templated":true}]}}