{"id":96590,"date":"2023-11-18T16:40:48","date_gmt":"2024-02-12T09:41:10","guid":{"rendered":"https:\/\/kingarms.ee\/product\/monikaliiperisen-aseen-puhdistussarja\/"},"modified":"2024-08-06T16:19:21","modified_gmt":"2024-08-06T13:19:21","slug":"monikaliiperisen-aseen-puhdistussarja","status":"publish","type":"product","link":"https:\/\/kingarms.ee\/fi\/product\/monikaliiperisen-aseen-puhdistussarja\/","title":{"rendered":"Monikaliiperisen aseen puhdistussarja"},"content":{"rendered":"<p><img loading=\"lazy\" decoding=\"async\" class=\"alignnone size-full wp-image-83453\" src=\"https:\/\/kingarms.ee\/wp-content\/uploads\/2023\/11\/27387.jpg\" alt=\"\" width=\"1200\" height=\"1200\" srcset=\"https:\/\/kingarms.ee\/wp-content\/uploads\/2023\/11\/27387.jpg 1200w, https:\/\/kingarms.ee\/wp-content\/uploads\/2023\/11\/27387-300x300.jpg 300w, https:\/\/kingarms.ee\/wp-content\/uploads\/2023\/11\/27387-1024x1024.jpg 1024w, https:\/\/kingarms.ee\/wp-content\/uploads\/2023\/11\/27387-150x150.jpg 150w, https:\/\/kingarms.ee\/wp-content\/uploads\/2023\/11\/27387-768x768.jpg 768w, https:\/\/kingarms.ee\/wp-content\/uploads\/2023\/11\/27387-500x500.jpg 500w\" sizes=\"auto, (max-width: 1200px) 100vw, 1200px\" \/><\/p>\n","protected":false},"excerpt":{"rendered":"<p>Setti sis\u00e4lt\u00e4\u00e4:<br \/>\n&#8211; messinkiharjat (.22, .270, .30, 9 mm, .40, .45 ja .410, 20 ja 12).<br \/>\n&#8211; Puuvillamopit (.22, 9 mm, .410, 20, 12)<\/p>\n<p>MFA int. comp. Puhdistussarja BULLET<br \/>\n1 messinkinen puhdistussauva, jossa 3-osainen kahva<br \/>\n10 messinkilankaharja<br \/>\n5 puhdistusmoppia<br \/>\n2 messinkisovitinta<br \/>\n2 muovipidikett\u00e4<br \/>\npyyhkeet (n. 25 kpl)<br \/>\n1 puhdistusharja<br \/>\n1 puhdistuskorkki<br \/>\n1 pullo \u00f6ljy\u00e4<br \/>\nPallon mitat: korkeus: n. 33 cm, halkaisija: n. 9,5 cm<\/p>\n","protected":false},"featured_media":83466,"template":"","meta":{"_acf_changed":false},"product_brand":[],"product_cat":[335],"product_tag":[],"class_list":{"0":"post-96590","1":"product","2":"type-product","3":"status-publish","4":"has-post-thumbnail","6":"product_cat-aseiden-huolto","8":"first","9":"instock","10":"taxable","11":"shipping-taxable","12":"purchasable","13":"product-type-simple"},"acf":[],"_links":{"self":[{"href":"https:\/\/kingarms.ee\/fi\/wp-json\/wp\/v2\/product\/96590","targetHints":{"allow":["GET"]}}],"collection":[{"href":"https:\/\/kingarms.ee\/fi\/wp-json\/wp\/v2\/product"}],"about":[{"href":"https:\/\/kingarms.ee\/fi\/wp-json\/wp\/v2\/types\/product"}],"wp:featuredmedia":[{"embeddable":true,"href":"https:\/\/kingarms.ee\/fi\/wp-json\/wp\/v2\/media\/83466"}],"wp:attachment":[{"href":"https:\/\/kingarms.ee\/fi\/wp-json\/wp\/v2\/media?parent=96590"}],"wp:term":[{"taxonomy":"product_brand","embeddable":true,"href":"https:\/\/kingarms.ee\/fi\/wp-json\/wp\/v2\/product_brand?post=96590"},{"taxonomy":"product_cat","embeddable":true,"href":"https:\/\/kingarms.ee\/fi\/wp-json\/wp\/v2\/product_cat?post=96590"},{"taxonomy":"product_tag","embeddable":true,"href":"https:\/\/kingarms.ee\/fi\/wp-json\/wp\/v2\/product_tag?post=96590"}],"curies":[{"name":"wp","href":"https:\/\/api.w.org\/{rel}","templated":true}]}}