{"id":96739,"date":"2024-02-14T21:35:08","date_gmt":"2024-02-14T18:55:27","guid":{"rendered":"https:\/\/kingarms.ee\/product\/selviytymispakkaus-kranaatti-48-in-1-tyokalupakki\/"},"modified":"2024-08-06T11:17:33","modified_gmt":"2024-08-06T08:17:33","slug":"ellujaamiskompleksi-granaatti-48-in-1-tooriista","status":"publish","type":"product","link":"https:\/\/kingarms.ee\/fi\/product\/ellujaamiskompleksi-granaatti-48-in-1-tooriista\/","title":{"rendered":"Selviytymispakkaus Kranaatti (48-in-1 ty\u00f6kalupakki)"},"content":{"rendered":"<p><img loading=\"lazy\" decoding=\"async\" class=\"alignnone size-full wp-image-96705\" src=\"https:\/\/kingarms.ee\/wp-content\/uploads\/2024\/02\/71clZQ3qIpL._AC_SL1500_.jpeg\" alt=\"\" width=\"1319\" height=\"1470\" srcset=\"https:\/\/kingarms.ee\/wp-content\/uploads\/2024\/02\/71clZQ3qIpL._AC_SL1500_.jpeg 1319w, https:\/\/kingarms.ee\/wp-content\/uploads\/2024\/02\/71clZQ3qIpL._AC_SL1500_-269x300.jpeg 269w, https:\/\/kingarms.ee\/wp-content\/uploads\/2024\/02\/71clZQ3qIpL._AC_SL1500_-919x1024.jpeg 919w, https:\/\/kingarms.ee\/wp-content\/uploads\/2024\/02\/71clZQ3qIpL._AC_SL1500_-768x856.jpeg 768w, https:\/\/kingarms.ee\/wp-content\/uploads\/2024\/02\/71clZQ3qIpL._AC_SL1500_-500x557.jpeg 500w, https:\/\/kingarms.ee\/wp-content\/uploads\/2024\/02\/71clZQ3qIpL._AC_SL1500_-150x167.jpeg 150w\" sizes=\"auto, (max-width: 1319px) 100vw, 1319px\" \/><\/p>\n","protected":false},"excerpt":{"rendered":"<p>\u2b50 OLE VALMIINA: \u00c4l\u00e4 l\u00e4hde kotoa ilman kranaatin selviytymispakkausta, joka sis\u00e4lt\u00e4\u00e4 48 ty\u00f6kalua, jotka auttavat suojelemaan sinua ja rakkaitasi!<\/p>\n<p>Se on laadukas, hy\u00f6dyllinen, kest\u00e4v\u00e4, tekee vaikutuksen yst\u00e4viisi ja voi pelastaa el\u00e4m\u00e4si.<\/p>\n<p>&#8211; 45 metri\u00e4 550 paracordia<br \/>\n&#8211; 2 metri\u00e4 oranssia ohutta turvaparacordia<br \/>\n&#8211; Kompassi<br \/>\n&#8211; LED taskulamppu<br \/>\n&#8211; Monitoiminen taskuveitsi<br \/>\n&#8211; Merkkivalopeili<br \/>\n&#8211; Tulen tekoon k\u00e4ytett\u00e4v\u00e4t kivet<br \/>\n&#8211; 30 metri\u00e4 12-kiloista tamililaista koelankaa.<br \/>\n&#8211; 4 koukkua<br \/>\n&#8211; 4 jaettua osumapainoa<br \/>\n&#8211; 2 nuppineulaa<br \/>\n&#8211; 2 perhosaumaa<br \/>\n&#8211; P38-s\u00e4ilytysavain<br \/>\n&#8211; Puristettu pyyhetabletti (veden kanssa kosketuksissa oleva pyyhe n. 30cm x 30cm).<br \/>\n&#8211; 6 vedenpit\u00e4v\u00e4\u00e4 tikkua<br \/>\n&#8211; 2 myrskynkest\u00e4v\u00e4\u00e4 tikkua<br \/>\n&#8211; juuttinarua<br \/>\n&#8211; Neula ja lanka<br \/>\n&#8211; pardlitera<br \/>\n-Sotilasluokan Tripwire<br \/>\n&#8211; Alumiinifolio<br \/>\n&#8211; Traadisaag<br \/>\n&#8211; 4 vedenpuhdistustablettia<br \/>\n&#8211; 2 hakaneulaa<br \/>\n&#8211; Tulikipin\u00e4n pilli solki<br \/>\n&#8211; 2 puolitettua rengasta<br \/>\n&#8211; 3 tuuman s\u00e4hk\u00f6teippi<br \/>\n&#8211; Muovipallo (voidaan k\u00e4ytt\u00e4\u00e4 t\u00e4ytteen\u00e4)<\/p>\n","protected":false},"featured_media":96748,"template":"","meta":{"_acf_changed":false},"product_brand":[],"product_cat":[481,385,1327,249,352],"product_tag":[],"class_list":{"0":"post-96739","1":"product","2":"type-product","3":"status-publish","4":"has-post-thumbnail","6":"product_cat-ensiapu","7":"product_cat-kranaatti","8":"product_cat-kriisipakkaus","9":"product_cat-kuljetusvalineet","10":"product_cat-matkatavarat","12":"first","13":"instock","14":"sale","15":"taxable","16":"shipping-taxable","17":"purchasable","18":"product-type-simple"},"acf":[],"_links":{"self":[{"href":"https:\/\/kingarms.ee\/fi\/wp-json\/wp\/v2\/product\/96739","targetHints":{"allow":["GET"]}}],"collection":[{"href":"https:\/\/kingarms.ee\/fi\/wp-json\/wp\/v2\/product"}],"about":[{"href":"https:\/\/kingarms.ee\/fi\/wp-json\/wp\/v2\/types\/product"}],"wp:featuredmedia":[{"embeddable":true,"href":"https:\/\/kingarms.ee\/fi\/wp-json\/wp\/v2\/media\/96748"}],"wp:attachment":[{"href":"https:\/\/kingarms.ee\/fi\/wp-json\/wp\/v2\/media?parent=96739"}],"wp:term":[{"taxonomy":"product_brand","embeddable":true,"href":"https:\/\/kingarms.ee\/fi\/wp-json\/wp\/v2\/product_brand?post=96739"},{"taxonomy":"product_cat","embeddable":true,"href":"https:\/\/kingarms.ee\/fi\/wp-json\/wp\/v2\/product_cat?post=96739"},{"taxonomy":"product_tag","embeddable":true,"href":"https:\/\/kingarms.ee\/fi\/wp-json\/wp\/v2\/product_tag?post=96739"}],"curies":[{"name":"wp","href":"https:\/\/api.w.org\/{rel}","templated":true}]}}