{"id":97479,"date":"2024-02-19T13:48:21","date_gmt":"2024-02-19T10:49:05","guid":{"rendered":"https:\/\/kingarms.ee\/product\/arpol-vilja-ja-hedelmapatukka-35-g\/"},"modified":"2024-08-06T11:16:48","modified_gmt":"2024-08-06T08:16:48","slug":"arpol-muroja-ja-papuja-batoon-35-g","status":"publish","type":"product","link":"https:\/\/kingarms.ee\/fi\/product\/arpol-muroja-ja-papuja-batoon-35-g\/","title":{"rendered":"Arpol vilja- ja hedelm\u00e4patukka 35 g"},"content":{"rendered":"<p><img loading=\"lazy\" decoding=\"async\" class=\"alignnone size-full wp-image-97472\" src=\"https:\/\/kingarms.ee\/wp-content\/uploads\/2024\/02\/arpol-cereal-and-fruit-bar-35-g-028d22044f2e4f9996e702fb3f8ef81e-29ab6b3d.jpeg\" alt=\"\" width=\"900\" height=\"900\" srcset=\"https:\/\/kingarms.ee\/wp-content\/uploads\/2024\/02\/arpol-cereal-and-fruit-bar-35-g-028d22044f2e4f9996e702fb3f8ef81e-29ab6b3d.jpeg 900w, https:\/\/kingarms.ee\/wp-content\/uploads\/2024\/02\/arpol-cereal-and-fruit-bar-35-g-028d22044f2e4f9996e702fb3f8ef81e-29ab6b3d-300x300.jpeg 300w, https:\/\/kingarms.ee\/wp-content\/uploads\/2024\/02\/arpol-cereal-and-fruit-bar-35-g-028d22044f2e4f9996e702fb3f8ef81e-29ab6b3d-150x150.jpeg 150w, https:\/\/kingarms.ee\/wp-content\/uploads\/2024\/02\/arpol-cereal-and-fruit-bar-35-g-028d22044f2e4f9996e702fb3f8ef81e-29ab6b3d-768x768.jpeg 768w, https:\/\/kingarms.ee\/wp-content\/uploads\/2024\/02\/arpol-cereal-and-fruit-bar-35-g-028d22044f2e4f9996e702fb3f8ef81e-29ab6b3d-500x500.jpeg 500w\" sizes=\"auto, (max-width: 900px) 100vw, 900px\" \/><\/p>\n","protected":false},"excerpt":{"rendered":"<p>Arpol 35 g muro-muropatukka on terveellinen energiapala, joka kuuluu sotilasvalikoimaan.<\/p>\n<p>Viljahedelm\u00e4baaraton ei ainoastaan anna energiaa voimakkaan rasituksen j\u00e4lkeen, vaan my\u00f6s parantaa mielialaa ja kohottaa moraalia, kun tilanne n\u00e4ytt\u00e4\u00e4 toivottomalta. Siksi Arpol 35 g:n muro-muropatukka on jo pitk\u00e4\u00e4n kuulunut sotilaiden, selviytyjien ja partiolaisten sotilasperinteeseen.<\/p>\n","protected":false},"featured_media":97474,"template":"","meta":{"_acf_changed":false},"product_brand":[],"product_cat":[352,363],"product_tag":[],"class_list":{"0":"post-97479","1":"product","2":"type-product","3":"status-publish","4":"has-post-thumbnail","6":"product_cat-matkatavarat","7":"product_cat-taktinen-ruokapaketti","9":"first","10":"instock","11":"taxable","12":"shipping-taxable","13":"purchasable","14":"product-type-simple"},"acf":[],"_links":{"self":[{"href":"https:\/\/kingarms.ee\/fi\/wp-json\/wp\/v2\/product\/97479","targetHints":{"allow":["GET"]}}],"collection":[{"href":"https:\/\/kingarms.ee\/fi\/wp-json\/wp\/v2\/product"}],"about":[{"href":"https:\/\/kingarms.ee\/fi\/wp-json\/wp\/v2\/types\/product"}],"wp:featuredmedia":[{"embeddable":true,"href":"https:\/\/kingarms.ee\/fi\/wp-json\/wp\/v2\/media\/97474"}],"wp:attachment":[{"href":"https:\/\/kingarms.ee\/fi\/wp-json\/wp\/v2\/media?parent=97479"}],"wp:term":[{"taxonomy":"product_brand","embeddable":true,"href":"https:\/\/kingarms.ee\/fi\/wp-json\/wp\/v2\/product_brand?post=97479"},{"taxonomy":"product_cat","embeddable":true,"href":"https:\/\/kingarms.ee\/fi\/wp-json\/wp\/v2\/product_cat?post=97479"},{"taxonomy":"product_tag","embeddable":true,"href":"https:\/\/kingarms.ee\/fi\/wp-json\/wp\/v2\/product_tag?post=97479"}],"curies":[{"name":"wp","href":"https:\/\/api.w.org\/{rel}","templated":true}]}}