{"id":97605,"date":"2023-07-02T13:00:45","date_gmt":"2024-02-19T16:06:32","guid":{"rendered":"https:\/\/kingarms.ee\/product\/teleskooppinen-retkeilytuoli-kingarms\/"},"modified":"2024-08-06T17:32:14","modified_gmt":"2024-08-06T14:32:14","slug":"teleskooppi-taburet-mobiili-tyokalu-kuninkaalliset-aseet","status":"publish","type":"product","link":"https:\/\/kingarms.ee\/fi\/product\/teleskooppi-taburet-mobiili-tyokalu-kuninkaalliset-aseet\/","title":{"rendered":"Teleskooppinen retkeilytuoli (KingArms)"},"content":{"rendered":"<p><img loading=\"lazy\" decoding=\"async\" class=\"alignnone size-full wp-image-79580\" src=\"https:\/\/kingarms.ee\/wp-content\/uploads\/2023\/07\/180912131.webp\" alt=\"\" width=\"630\" height=\"630\" srcset=\"https:\/\/kingarms.ee\/wp-content\/uploads\/2023\/07\/180912131.webp 630w, https:\/\/kingarms.ee\/wp-content\/uploads\/2023\/07\/180912131-300x300.webp 300w, https:\/\/kingarms.ee\/wp-content\/uploads\/2023\/07\/180912131-150x150.webp 150w, https:\/\/kingarms.ee\/wp-content\/uploads\/2023\/07\/180912131-500x500.webp 500w\" sizes=\"auto, (max-width: 630px) 100vw, 630px\" \/><\/p>\n","protected":false},"excerpt":{"rendered":"<p>Teleskooppinen retkeilytuoli (KingArms)<\/p>\n<p>Teleskooppituoli on valmistettu korkealaatuisesta muovista, ja se aukeaa alle 5 sekunnissa. Eritt\u00e4in pienikokoinen ja kevyt, se voidaan laittaa reppuun tai laukkuun. Tuoli on varustettu kokoontaitettavilla rakenteilla, mik\u00e4 takaa laajan k\u00e4ytt\u00f6mahdollisuuden: kalastus, piknikit, mets\u00e4stys, julkinen liikenne, ulkoilmak\u00e4velyt, vaihtoehtona perinteisille tuoleille vanhuksille, vaellus ja matkailu.<\/p>\n<p>Ominaisuudet:<\/p>\n<p>paino: 995 g<br \/>\nhalkaisija: 25 cm<br \/>\nkorkeus kokoontaitettuna jopa 47 cm<br \/>\npaksuus taitettuna: 6 cm<br \/>\nkest\u00e4\u00e4 kokoontaitettuna enint\u00e4\u00e4n 150 kg:n kuorman.<br \/>\nmukana hihna ja kantokahva<br \/>\nkorkeuss\u00e4\u00e4t\u00f6<\/p>\n","protected":false},"featured_media":87965,"template":"","meta":{"_acf_changed":false},"product_brand":[],"product_cat":[352],"product_tag":[],"class_list":{"0":"post-97605","1":"product","2":"type-product","3":"status-publish","4":"has-post-thumbnail","6":"product_cat-matkatavarat","8":"first","9":"outofstock","10":"taxable","11":"shipping-taxable","12":"purchasable","13":"product-type-simple"},"acf":[],"_links":{"self":[{"href":"https:\/\/kingarms.ee\/fi\/wp-json\/wp\/v2\/product\/97605","targetHints":{"allow":["GET"]}}],"collection":[{"href":"https:\/\/kingarms.ee\/fi\/wp-json\/wp\/v2\/product"}],"about":[{"href":"https:\/\/kingarms.ee\/fi\/wp-json\/wp\/v2\/types\/product"}],"wp:featuredmedia":[{"embeddable":true,"href":"https:\/\/kingarms.ee\/fi\/wp-json\/wp\/v2\/media\/87965"}],"wp:attachment":[{"href":"https:\/\/kingarms.ee\/fi\/wp-json\/wp\/v2\/media?parent=97605"}],"wp:term":[{"taxonomy":"product_brand","embeddable":true,"href":"https:\/\/kingarms.ee\/fi\/wp-json\/wp\/v2\/product_brand?post=97605"},{"taxonomy":"product_cat","embeddable":true,"href":"https:\/\/kingarms.ee\/fi\/wp-json\/wp\/v2\/product_cat?post=97605"},{"taxonomy":"product_tag","embeddable":true,"href":"https:\/\/kingarms.ee\/fi\/wp-json\/wp\/v2\/product_tag?post=97605"}],"curies":[{"name":"wp","href":"https:\/\/api.w.org\/{rel}","templated":true}]}}