{"id":98056,"date":"2024-02-24T13:35:41","date_gmt":"2024-02-24T10:36:42","guid":{"rendered":"https:\/\/kingarms.ee\/product\/monikayttoinen-tyokalupakki-retkeilyyn\/"},"modified":"2024-08-06T11:08:56","modified_gmt":"2024-08-06T08:08:56","slug":"monitoimi-torister-paketti-matkustaa","status":"publish","type":"product","link":"https:\/\/kingarms.ee\/fi\/product\/monitoimi-torister-paketti-matkustaa\/","title":{"rendered":"Monik\u00e4ytt\u00f6inen ty\u00f6kalupakki retkeilyyn"},"content":{"rendered":"<p><img loading=\"lazy\" decoding=\"async\" class=\"alignnone size-full wp-image-98050\" src=\"https:\/\/kingarms.ee\/wp-content\/uploads\/2024\/02\/H4cf95ca1955f46f4bf2adf1e5d4a536bo_500x-ezgif.com-webp-to-png-converter.png\" alt=\"\" width=\"500\" height=\"500\" srcset=\"https:\/\/kingarms.ee\/wp-content\/uploads\/2024\/02\/H4cf95ca1955f46f4bf2adf1e5d4a536bo_500x-ezgif.com-webp-to-png-converter.png 500w, https:\/\/kingarms.ee\/wp-content\/uploads\/2024\/02\/H4cf95ca1955f46f4bf2adf1e5d4a536bo_500x-ezgif.com-webp-to-png-converter-300x300.png 300w, https:\/\/kingarms.ee\/wp-content\/uploads\/2024\/02\/H4cf95ca1955f46f4bf2adf1e5d4a536bo_500x-ezgif.com-webp-to-png-converter-150x150.png 150w\" sizes=\"auto, (max-width: 500px) 100vw, 500px\" \/><\/p>\n","protected":false},"excerpt":{"rendered":"<p>MULTI-TOOLS: Pakkaus sis\u00e4lt\u00e4\u00e4 t\u00e4ydellisen selviytymisty\u00f6kalupaketin sinulle, lapio, kirves, yhdystanko, kolme jatkotankoa, pilli, harppuuna, monitoimiveitsi, rynn\u00e4kk\u00f6kartio, kaksip\u00e4inen ruuvimeisseli, kompassi, kahvallinen liukastumisenesto ja s\u00e4ilytyslaatikko.<br \/>\nSOPIVA MATERIAALI: Lapio ja kirves on valmistettu korkeahiiliter\u00e4ksest\u00e4 kulutuskest\u00e4vyyden ja lujuuden vuoksi. Lis\u00e4ksi jatkovarsi on valmistettu aerometallisesta materiaalista, joten kahvan kosketus on kevyt ja mukava. N\u00e4in voit varautua kaikenlaisiin h\u00e4t\u00e4tilanteisiin, kun viet heid\u00e4t ulos.<\/p>\n","protected":false},"featured_media":98052,"template":"","meta":{"_acf_changed":false},"product_brand":[],"product_cat":[352],"product_tag":[],"class_list":{"0":"post-98056","1":"product","2":"type-product","3":"status-publish","4":"has-post-thumbnail","6":"product_cat-matkatavarat","8":"first","9":"instock","10":"sale","11":"taxable","12":"shipping-taxable","13":"purchasable","14":"product-type-simple"},"acf":[],"_links":{"self":[{"href":"https:\/\/kingarms.ee\/fi\/wp-json\/wp\/v2\/product\/98056","targetHints":{"allow":["GET"]}}],"collection":[{"href":"https:\/\/kingarms.ee\/fi\/wp-json\/wp\/v2\/product"}],"about":[{"href":"https:\/\/kingarms.ee\/fi\/wp-json\/wp\/v2\/types\/product"}],"wp:featuredmedia":[{"embeddable":true,"href":"https:\/\/kingarms.ee\/fi\/wp-json\/wp\/v2\/media\/98052"}],"wp:attachment":[{"href":"https:\/\/kingarms.ee\/fi\/wp-json\/wp\/v2\/media?parent=98056"}],"wp:term":[{"taxonomy":"product_brand","embeddable":true,"href":"https:\/\/kingarms.ee\/fi\/wp-json\/wp\/v2\/product_brand?post=98056"},{"taxonomy":"product_cat","embeddable":true,"href":"https:\/\/kingarms.ee\/fi\/wp-json\/wp\/v2\/product_cat?post=98056"},{"taxonomy":"product_tag","embeddable":true,"href":"https:\/\/kingarms.ee\/fi\/wp-json\/wp\/v2\/product_tag?post=98056"}],"curies":[{"name":"wp","href":"https:\/\/api.w.org\/{rel}","templated":true}]}}