{"id":98106,"date":"2024-02-24T13:52:23","date_gmt":"2024-02-24T10:53:19","guid":{"rendered":"https:\/\/kingarms.ee\/product\/hatatilanteen-selviytymispilli\/"},"modified":"2024-08-06T11:08:12","modified_gmt":"2024-08-06T08:08:12","slug":"hada-case-evacuation-vile","status":"publish","type":"product","link":"https:\/\/kingarms.ee\/fi\/product\/hada-case-evacuation-vile\/","title":{"rendered":"H\u00e4t\u00e4tilanteen selviytymispilli"},"content":{"rendered":"<p><img loading=\"lazy\" decoding=\"async\" class=\"alignnone size-full wp-image-98095\" src=\"https:\/\/kingarms.ee\/wp-content\/uploads\/2024\/02\/86fb04c7-8668-4df6-9456-f890b53722cf_1959x1959-ezgif.com-webp-to-png-converter.png\" alt=\"\" width=\"800\" height=\"800\" srcset=\"https:\/\/kingarms.ee\/wp-content\/uploads\/2024\/02\/86fb04c7-8668-4df6-9456-f890b53722cf_1959x1959-ezgif.com-webp-to-png-converter.png 800w, https:\/\/kingarms.ee\/wp-content\/uploads\/2024\/02\/86fb04c7-8668-4df6-9456-f890b53722cf_1959x1959-ezgif.com-webp-to-png-converter-300x300.png 300w, https:\/\/kingarms.ee\/wp-content\/uploads\/2024\/02\/86fb04c7-8668-4df6-9456-f890b53722cf_1959x1959-ezgif.com-webp-to-png-converter-150x150.png 150w, https:\/\/kingarms.ee\/wp-content\/uploads\/2024\/02\/86fb04c7-8668-4df6-9456-f890b53722cf_1959x1959-ezgif.com-webp-to-png-converter-768x768.png 768w, https:\/\/kingarms.ee\/wp-content\/uploads\/2024\/02\/86fb04c7-8668-4df6-9456-f890b53722cf_1959x1959-ezgif.com-webp-to-png-converter-500x500.png 500w\" sizes=\"auto, (max-width: 800px) 100vw, 800px\" \/><\/p>\n","protected":false},"excerpt":{"rendered":"<p>7-in-one-h\u00e4t\u00e4pilli: monik\u00e4ytt\u00f6inen kentt\u00e4ty\u00f6kalu melontaan, veneilyyn, vaellukseen, retkeilyyn, kiipeilyyn, mets\u00e4stykseen, kalastukseen ja pelastukseen.<\/p>\n","protected":false},"featured_media":98097,"template":"","meta":{"_acf_changed":false},"product_brand":[],"product_cat":[352],"product_tag":[],"class_list":{"0":"post-98106","1":"product","2":"type-product","3":"status-publish","4":"has-post-thumbnail","6":"product_cat-matkatavarat","8":"first","9":"instock","10":"taxable","11":"shipping-taxable","12":"purchasable","13":"product-type-simple"},"acf":[],"_links":{"self":[{"href":"https:\/\/kingarms.ee\/fi\/wp-json\/wp\/v2\/product\/98106","targetHints":{"allow":["GET"]}}],"collection":[{"href":"https:\/\/kingarms.ee\/fi\/wp-json\/wp\/v2\/product"}],"about":[{"href":"https:\/\/kingarms.ee\/fi\/wp-json\/wp\/v2\/types\/product"}],"wp:featuredmedia":[{"embeddable":true,"href":"https:\/\/kingarms.ee\/fi\/wp-json\/wp\/v2\/media\/98097"}],"wp:attachment":[{"href":"https:\/\/kingarms.ee\/fi\/wp-json\/wp\/v2\/media?parent=98106"}],"wp:term":[{"taxonomy":"product_brand","embeddable":true,"href":"https:\/\/kingarms.ee\/fi\/wp-json\/wp\/v2\/product_brand?post=98106"},{"taxonomy":"product_cat","embeddable":true,"href":"https:\/\/kingarms.ee\/fi\/wp-json\/wp\/v2\/product_cat?post=98106"},{"taxonomy":"product_tag","embeddable":true,"href":"https:\/\/kingarms.ee\/fi\/wp-json\/wp\/v2\/product_tag?post=98106"}],"curies":[{"name":"wp","href":"https:\/\/api.w.org\/{rel}","templated":true}]}}