{"id":98869,"date":"2024-02-29T19:35:28","date_gmt":"2024-02-29T16:36:15","guid":{"rendered":"https:\/\/kingarms.ee\/product\/eva-matto-jossa-on-8-mmn-naamiointikerros\/"},"modified":"2024-08-06T11:04:41","modified_gmt":"2024-08-06T08:04:41","slug":"eva-matt-8mm-chamfered-laatta","status":"publish","type":"product","link":"https:\/\/kingarms.ee\/fi\/product\/eva-matt-8mm-chamfered-laatta\/","title":{"rendered":"EVA-matto, jossa on 8 mm:n naamiointikerros."},"content":{"rendered":"<p><img loading=\"lazy\" decoding=\"async\" class=\"alignnone size-full wp-image-98863\" src=\"https:\/\/kingarms.ee\/wp-content\/uploads\/2024\/02\/31340T.jpg\" alt=\"\" width=\"1200\" height=\"1200\" srcset=\"https:\/\/kingarms.ee\/wp-content\/uploads\/2024\/02\/31340T.jpg 1200w, https:\/\/kingarms.ee\/wp-content\/uploads\/2024\/02\/31340T-300x300.jpg 300w, https:\/\/kingarms.ee\/wp-content\/uploads\/2024\/02\/31340T-1024x1024.jpg 1024w, https:\/\/kingarms.ee\/wp-content\/uploads\/2024\/02\/31340T-150x150.jpg 150w, https:\/\/kingarms.ee\/wp-content\/uploads\/2024\/02\/31340T-768x768.jpg 768w, https:\/\/kingarms.ee\/wp-content\/uploads\/2024\/02\/31340T-500x500.jpg 500w\" sizes=\"auto, (max-width: 1200px) 100vw, 1200px\" \/><\/p>\n","protected":false},"excerpt":{"rendered":"<p>Mitat: 200x60x1,2 cm cm Paino: 0,335kg.<\/p>\n<p>Vaellusmatto on kevyt, l\u00e4mp\u00f6\u00e4 pit\u00e4v\u00e4 ja kosteutta hylkiv\u00e4. Sopii vaellukselle, teltassa nukkumiseen. Helppo rullata ja mukana tulee 2 kumirullaa kiinnityst\u00e4 varten. Se sopii my\u00f6s perusmatoksi kevyisiin voimisteluharjoituksiin.<\/p>\n<p>Materiaali: vaahtomuovipolyeteeni<\/p>\n","protected":false},"featured_media":98865,"template":"","meta":{"_acf_changed":false},"product_brand":[],"product_cat":[352],"product_tag":[],"class_list":{"0":"post-98869","1":"product","2":"type-product","3":"status-publish","4":"has-post-thumbnail","6":"product_cat-matkatavarat","8":"first","9":"instock","10":"taxable","11":"shipping-taxable","12":"purchasable","13":"product-type-simple"},"acf":[],"_links":{"self":[{"href":"https:\/\/kingarms.ee\/fi\/wp-json\/wp\/v2\/product\/98869","targetHints":{"allow":["GET"]}}],"collection":[{"href":"https:\/\/kingarms.ee\/fi\/wp-json\/wp\/v2\/product"}],"about":[{"href":"https:\/\/kingarms.ee\/fi\/wp-json\/wp\/v2\/types\/product"}],"wp:featuredmedia":[{"embeddable":true,"href":"https:\/\/kingarms.ee\/fi\/wp-json\/wp\/v2\/media\/98865"}],"wp:attachment":[{"href":"https:\/\/kingarms.ee\/fi\/wp-json\/wp\/v2\/media?parent=98869"}],"wp:term":[{"taxonomy":"product_brand","embeddable":true,"href":"https:\/\/kingarms.ee\/fi\/wp-json\/wp\/v2\/product_brand?post=98869"},{"taxonomy":"product_cat","embeddable":true,"href":"https:\/\/kingarms.ee\/fi\/wp-json\/wp\/v2\/product_cat?post=98869"},{"taxonomy":"product_tag","embeddable":true,"href":"https:\/\/kingarms.ee\/fi\/wp-json\/wp\/v2\/product_tag?post=98869"}],"curies":[{"name":"wp","href":"https:\/\/api.w.org\/{rel}","templated":true}]}}