{"id":98910,"date":"2024-03-01T18:20:39","date_gmt":"2024-03-01T15:22:13","guid":{"rendered":"https:\/\/kingarms.ee\/product\/man-kung-varsijousi-175lbs-musta-mk-xb25b\/"},"modified":"2024-08-06T11:03:16","modified_gmt":"2024-08-06T08:03:16","slug":"man-kung-varsijousi-175lbs-musta-mk-xb25b","status":"publish","type":"product","link":"https:\/\/kingarms.ee\/fi\/product\/man-kung-varsijousi-175lbs-musta-mk-xb25b\/","title":{"rendered":"Man Kung varsijousi 175LBS musta (MK-XB25B)"},"content":{"rendered":"<p><img loading=\"lazy\" decoding=\"async\" class=\"alignnone size-full wp-image-98902\" src=\"https:\/\/kingarms.ee\/wp-content\/uploads\/2024\/03\/man-kung-pre-strung-recurve-crossbow-specter-175-lbs-black-mk-xb25b.jpg\" alt=\"\" width=\"600\" height=\"600\" srcset=\"https:\/\/kingarms.ee\/wp-content\/uploads\/2024\/03\/man-kung-pre-strung-recurve-crossbow-specter-175-lbs-black-mk-xb25b.jpg 600w, https:\/\/kingarms.ee\/wp-content\/uploads\/2024\/03\/man-kung-pre-strung-recurve-crossbow-specter-175-lbs-black-mk-xb25b-300x300.jpg 300w, https:\/\/kingarms.ee\/wp-content\/uploads\/2024\/03\/man-kung-pre-strung-recurve-crossbow-specter-175-lbs-black-mk-xb25b-150x150.jpg 150w, https:\/\/kingarms.ee\/wp-content\/uploads\/2024\/03\/man-kung-pre-strung-recurve-crossbow-specter-175-lbs-black-mk-xb25b-500x500.jpg 500w\" sizes=\"auto, (max-width: 600px) 100vw, 600px\" \/><\/p>\n","protected":false},"excerpt":{"rendered":"<p>Tekniset tiedot:<\/p>\n<p>Compund amb SPECTER MAN KUNG tuotanto.<br \/>\n175 kiloa.<br \/>\n260FPS sekunnissa.<br \/>\nvaihde 12 tuumaa.<br \/>\nLasikuitu raajat.<br \/>\nPunapiste, jossa on kolminkertainen punainen piste, 11 voimakkuusastetta, s\u00e4\u00e4dett\u00e4viss\u00e4 yl\u00f6sp\u00e4in ja CR2032-paristo.<br \/>\nAlumiinitanko ja hihnapy\u00f6r\u00e4t.<br \/>\nKorkeuss\u00e4\u00e4dett\u00e4v\u00e4 poskipehmuste ja polymeerimateriaali, jossa kumipintainen olkatyyny.<br \/>\nDRY-FIRE-INHIBITOR-teknologia est\u00e4\u00e4 laukaisun tyhj\u00e4st\u00e4.<br \/>\nLiug 20 mm.<br \/>\nKumiset t\u00e4rin\u00e4nvaimentimet.<br \/>\nMukana 4 18&#8243; nuolenkantajaa.<br \/>\nMukana laturi.<br \/>\nMukana tulee hihna ja vaha.<br \/>\nPituus 81-86 cm.<br \/>\nPaino 2600 g.<\/p>\n","protected":false},"featured_media":98903,"template":"","meta":{"_acf_changed":false},"product_brand":[],"product_cat":[791],"product_tag":[],"class_list":{"0":"post-98910","1":"product","2":"type-product","3":"status-publish","4":"has-post-thumbnail","6":"product_cat-varsijouset","8":"first","9":"instock","10":"taxable","11":"shipping-taxable","12":"purchasable","13":"product-type-simple"},"acf":[],"_links":{"self":[{"href":"https:\/\/kingarms.ee\/fi\/wp-json\/wp\/v2\/product\/98910","targetHints":{"allow":["GET"]}}],"collection":[{"href":"https:\/\/kingarms.ee\/fi\/wp-json\/wp\/v2\/product"}],"about":[{"href":"https:\/\/kingarms.ee\/fi\/wp-json\/wp\/v2\/types\/product"}],"wp:featuredmedia":[{"embeddable":true,"href":"https:\/\/kingarms.ee\/fi\/wp-json\/wp\/v2\/media\/98903"}],"wp:attachment":[{"href":"https:\/\/kingarms.ee\/fi\/wp-json\/wp\/v2\/media?parent=98910"}],"wp:term":[{"taxonomy":"product_brand","embeddable":true,"href":"https:\/\/kingarms.ee\/fi\/wp-json\/wp\/v2\/product_brand?post=98910"},{"taxonomy":"product_cat","embeddable":true,"href":"https:\/\/kingarms.ee\/fi\/wp-json\/wp\/v2\/product_cat?post=98910"},{"taxonomy":"product_tag","embeddable":true,"href":"https:\/\/kingarms.ee\/fi\/wp-json\/wp\/v2\/product_tag?post=98910"}],"curies":[{"name":"wp","href":"https:\/\/api.w.org\/{rel}","templated":true}]}}