{"id":98920,"date":"2024-03-01T18:27:28","date_gmt":"2024-03-01T15:46:00","guid":{"rendered":"https:\/\/kingarms.ee\/product\/varsijousi-jag-175-lbs-ek-archery\/"},"modified":"2024-08-06T11:02:33","modified_gmt":"2024-08-06T08:02:33","slug":"varsijousi-jag-175-lbs-ek-archery","status":"publish","type":"product","link":"https:\/\/kingarms.ee\/fi\/product\/varsijousi-jag-175-lbs-ek-archery\/","title":{"rendered":"Varsijousi JAG 175 LBS (EK ARCHERY)"},"content":{"rendered":"<p><img loading=\"lazy\" decoding=\"async\" class=\"alignnone size-full wp-image-98913\" src=\"https:\/\/kingarms.ee\/wp-content\/uploads\/2024\/03\/ek-archery-crossbow-jag-1-175-lbs-spring-camo-cr013tc.jpg\" alt=\"\" width=\"1000\" height=\"1000\" srcset=\"https:\/\/kingarms.ee\/wp-content\/uploads\/2024\/03\/ek-archery-crossbow-jag-1-175-lbs-spring-camo-cr013tc.jpg 1000w, https:\/\/kingarms.ee\/wp-content\/uploads\/2024\/03\/ek-archery-crossbow-jag-1-175-lbs-spring-camo-cr013tc-300x300.jpg 300w, https:\/\/kingarms.ee\/wp-content\/uploads\/2024\/03\/ek-archery-crossbow-jag-1-175-lbs-spring-camo-cr013tc-150x150.jpg 150w, https:\/\/kingarms.ee\/wp-content\/uploads\/2024\/03\/ek-archery-crossbow-jag-1-175-lbs-spring-camo-cr013tc-768x768.jpg 768w, https:\/\/kingarms.ee\/wp-content\/uploads\/2024\/03\/ek-archery-crossbow-jag-1-175-lbs-spring-camo-cr013tc-500x500.jpg 500w\" sizes=\"auto, (max-width: 1000px) 100vw, 1000px\" \/><\/p>\n","protected":false},"excerpt":{"rendered":"<p>Tekniset ominaisuudet:<\/p>\n<p>Nostokapasiteetti: 75 kg (175 lbs).<br \/>\nL\u00e4ht\u00f6nopeus: 83 m\/s &#8211; 280 km\/h.<br \/>\nToimintas\u00e4de: 120 mt. (enint\u00e4\u00e4n 140 mt.)<br \/>\nPituus: cm. 90 (suljetulla lastausrenkaalla).<br \/>\nLeveys: cm. 69.<br \/>\nPaino: 2600 gr.<br \/>\nVarustettu:<\/p>\n<p>S\u00e4\u00e4dett\u00e4v\u00e4 t\u00e4ht\u00e4in<br \/>\nPunainen piste vision ammattilainen<br \/>\nNuolen v\u00e4r\u00e4htely<br \/>\nVaunu tarvikkeille<br \/>\n3 alumiinista nuolta, joissa on irrotettavat ter\u00e4sk\u00e4rjet<br \/>\nManuaalinen lastaus<br \/>\nStick Parafina<\/p>\n","protected":false},"featured_media":98915,"template":"","meta":{"_acf_changed":false},"product_brand":[],"product_cat":[791],"product_tag":[],"class_list":{"0":"post-98920","1":"product","2":"type-product","3":"status-publish","4":"has-post-thumbnail","6":"product_cat-varsijouset","8":"first","9":"instock","10":"taxable","11":"shipping-taxable","12":"purchasable","13":"product-type-simple"},"acf":[],"_links":{"self":[{"href":"https:\/\/kingarms.ee\/fi\/wp-json\/wp\/v2\/product\/98920","targetHints":{"allow":["GET"]}}],"collection":[{"href":"https:\/\/kingarms.ee\/fi\/wp-json\/wp\/v2\/product"}],"about":[{"href":"https:\/\/kingarms.ee\/fi\/wp-json\/wp\/v2\/types\/product"}],"wp:featuredmedia":[{"embeddable":true,"href":"https:\/\/kingarms.ee\/fi\/wp-json\/wp\/v2\/media\/98915"}],"wp:attachment":[{"href":"https:\/\/kingarms.ee\/fi\/wp-json\/wp\/v2\/media?parent=98920"}],"wp:term":[{"taxonomy":"product_brand","embeddable":true,"href":"https:\/\/kingarms.ee\/fi\/wp-json\/wp\/v2\/product_brand?post=98920"},{"taxonomy":"product_cat","embeddable":true,"href":"https:\/\/kingarms.ee\/fi\/wp-json\/wp\/v2\/product_cat?post=98920"},{"taxonomy":"product_tag","embeddable":true,"href":"https:\/\/kingarms.ee\/fi\/wp-json\/wp\/v2\/product_tag?post=98920"}],"curies":[{"name":"wp","href":"https:\/\/api.w.org\/{rel}","templated":true}]}}