{"id":98930,"date":"2024-03-01T18:53:38","date_gmt":"2024-03-01T16:02:31","guid":{"rendered":"https:\/\/kingarms.ee\/product\/man-kung-varsijousi-185-lbs-camo-mk-xb86dc\/"},"modified":"2024-08-06T11:01:50","modified_gmt":"2024-08-06T08:01:50","slug":"man-kung-varsijousi-185-lbs-camo-mk-xb86dc","status":"publish","type":"product","link":"https:\/\/kingarms.ee\/fi\/product\/man-kung-varsijousi-185-lbs-camo-mk-xb86dc\/","title":{"rendered":"Man Kung varsijousi 185 LBS CAMO (MK-XB86DC)"},"content":{"rendered":"<p><img loading=\"lazy\" decoding=\"async\" class=\"alignnone size-full wp-image-98923\" src=\"https:\/\/kingarms.ee\/wp-content\/uploads\/2024\/03\/man-kung-compound-crossbow-fighter-185-lbs-camo-mk-xb86dc.jpg\" alt=\"\" width=\"600\" height=\"600\" srcset=\"https:\/\/kingarms.ee\/wp-content\/uploads\/2024\/03\/man-kung-compound-crossbow-fighter-185-lbs-camo-mk-xb86dc.jpg 600w, https:\/\/kingarms.ee\/wp-content\/uploads\/2024\/03\/man-kung-compound-crossbow-fighter-185-lbs-camo-mk-xb86dc-300x300.jpg 300w, https:\/\/kingarms.ee\/wp-content\/uploads\/2024\/03\/man-kung-compound-crossbow-fighter-185-lbs-camo-mk-xb86dc-150x150.jpg 150w, https:\/\/kingarms.ee\/wp-content\/uploads\/2024\/03\/man-kung-compound-crossbow-fighter-185-lbs-camo-mk-xb86dc-500x500.jpg 500w\" sizes=\"auto, (max-width: 600px) 100vw, 600px\" \/><\/p>\n","protected":false},"excerpt":{"rendered":"<p>Tekniset tiedot:<\/p>\n<p>Compund amb FIGHTER MAN KUNG tuotanto.<br \/>\n185 kiloa.<br \/>\nNopeus 370 kuvaa sekunnissa.<br \/>\nYlh\u00e4\u00e4lt\u00e4 alas 21,5 tuumaa.<br \/>\nvaihde 14,5 tuumaa.<br \/>\nLasikuitu raajat.<br \/>\nCNC-alumiininen tynnyri ja hihnapy\u00f6r\u00e4t.<br \/>\nKorkeuss\u00e4\u00e4dett\u00e4v\u00e4 poskipehmuste ja polymeerimateriaali, jossa kumipintainen olkatyyny.<br \/>\nDRY-FIRE-INHIBITOR-teknologia, joka est\u00e4\u00e4 itsesyttymisen.<br \/>\nVakio liukukiskot 20 mm.<br \/>\nEtukahva. 4-kertainen zoom-optiikka, 32 mm:n heijastamaton LENS LENS LENS AND LENS LENS LENS LENS LENS, s\u00e4\u00e4dett\u00e4v\u00e4 nosto ja drift.<br \/>\nKumiset t\u00e4rin\u00e4nvaimentimet.<br \/>\nNuolenpidike, jossa on 4 20-tuumaista hiilikuituista nuolta.<br \/>\nMukana laturi.<br \/>\nMukana tulee hihna ja vaha.<br \/>\nPituus 94 cm.<br \/>\nPaino 3500 g.<br \/>\nEnnen l\u00e4hett\u00e4mist\u00e4,<\/p>\n","protected":false},"featured_media":98925,"template":"","meta":{"_acf_changed":false},"product_brand":[],"product_cat":[791],"product_tag":[],"class_list":{"0":"post-98930","1":"product","2":"type-product","3":"status-publish","4":"has-post-thumbnail","6":"product_cat-varsijouset","8":"first","9":"instock","10":"taxable","11":"shipping-taxable","12":"purchasable","13":"product-type-simple"},"acf":[],"_links":{"self":[{"href":"https:\/\/kingarms.ee\/fi\/wp-json\/wp\/v2\/product\/98930","targetHints":{"allow":["GET"]}}],"collection":[{"href":"https:\/\/kingarms.ee\/fi\/wp-json\/wp\/v2\/product"}],"about":[{"href":"https:\/\/kingarms.ee\/fi\/wp-json\/wp\/v2\/types\/product"}],"wp:featuredmedia":[{"embeddable":true,"href":"https:\/\/kingarms.ee\/fi\/wp-json\/wp\/v2\/media\/98925"}],"wp:attachment":[{"href":"https:\/\/kingarms.ee\/fi\/wp-json\/wp\/v2\/media?parent=98930"}],"wp:term":[{"taxonomy":"product_brand","embeddable":true,"href":"https:\/\/kingarms.ee\/fi\/wp-json\/wp\/v2\/product_brand?post=98930"},{"taxonomy":"product_cat","embeddable":true,"href":"https:\/\/kingarms.ee\/fi\/wp-json\/wp\/v2\/product_cat?post=98930"},{"taxonomy":"product_tag","embeddable":true,"href":"https:\/\/kingarms.ee\/fi\/wp-json\/wp\/v2\/product_tag?post=98930"}],"curies":[{"name":"wp","href":"https:\/\/api.w.org\/{rel}","templated":true}]}}