{"id":99325,"date":"2024-03-05T12:53:16","date_gmt":"2024-03-05T10:00:19","guid":{"rendered":"https:\/\/kingarms.ee\/product\/lampokamera-sytong-ys03-25\/"},"modified":"2024-08-06T10:59:41","modified_gmt":"2024-08-06T07:59:41","slug":"lampokamera-sytong-ys03-25","status":"publish","type":"product","link":"https:\/\/kingarms.ee\/fi\/product\/lampokamera-sytong-ys03-25\/","title":{"rendered":"L\u00e4mp\u00f6kamera Sytong YS03-25"},"content":{"rendered":"<p><img loading=\"lazy\" decoding=\"async\" class=\"alignnone size-full wp-image-99314\" src=\"https:\/\/kingarms.ee\/wp-content\/uploads\/2024\/03\/624bd350-b804-11ed-b779-00155d65b408_515a84aa-bc26-11ed-b779-00155d65b408-2.jpg\" alt=\"\" width=\"944\" height=\"944\" srcset=\"https:\/\/kingarms.ee\/wp-content\/uploads\/2024\/03\/624bd350-b804-11ed-b779-00155d65b408_515a84aa-bc26-11ed-b779-00155d65b408-2.jpg 944w, https:\/\/kingarms.ee\/wp-content\/uploads\/2024\/03\/624bd350-b804-11ed-b779-00155d65b408_515a84aa-bc26-11ed-b779-00155d65b408-2-300x300.jpg 300w, https:\/\/kingarms.ee\/wp-content\/uploads\/2024\/03\/624bd350-b804-11ed-b779-00155d65b408_515a84aa-bc26-11ed-b779-00155d65b408-2-150x150.jpg 150w, https:\/\/kingarms.ee\/wp-content\/uploads\/2024\/03\/624bd350-b804-11ed-b779-00155d65b408_515a84aa-bc26-11ed-b779-00155d65b408-2-768x768.jpg 768w, https:\/\/kingarms.ee\/wp-content\/uploads\/2024\/03\/624bd350-b804-11ed-b779-00155d65b408_515a84aa-bc26-11ed-b779-00155d65b408-2-500x500.jpg 500w\" sizes=\"auto, (max-width: 944px) 100vw, 944px\" \/><\/p>\n","protected":false},"excerpt":{"rendered":"<p>Sytong YS03-25 (2x, F25) kannettava l\u00e4mp\u00f6kuvausmonokulaari, jossa on Wi-Fi, tallennin ja 8-kertainen zoom, on suunniteltu ymp\u00e4rivuorokautiseen tarkkailuun ja infrapunakuvaukseen kaupunki- ja luonnonymp\u00e4rist\u00f6iss\u00e4, ja sen l\u00e4mp\u00f6kohteen havaitsemisalue on noin 1,25 km pime\u00e4ss\u00e4.<\/p>\n<p>Matriisi 384\u00d7288 (12\u00b5m, NETD&lt;30mK) ja F25mm objektiivi.<br \/>\nSuurennus 2x&#8230;16x. Tunnistusalue &#8211; jopa 1250 m.<br \/>\nDigitaalinen zoom x1&#8230;x8, LCC (laser), kuuman pisteen tunnistus.<br \/>\nKuva-\/videotallennus \u00e4\u00e4nen kanssa irrotettavalle muistikortille.<br \/>\nWi-Fi (Sytong APP), videol\u00e4ht\u00f6 (TV-liit\u00e4nt\u00e4).<br \/>\n9 tuntia yht\u00e4jaksoista ty\u00f6t\u00e4. Sis\u00e4\u00e4nrakennettu akku. USB-C<br \/>\n2 erilaista kalibrointia (kalibrointisakselin avulla). Automaattinen sammutus<br \/>\nAMOLED 1280P-n\u00e4ytt\u00f6, 6 palettia, lepotila.<br \/>\nSuojattu p\u00f6lylt\u00e4 ja sateelta (IP65), k\u00e4ytt\u00f6l\u00e4mp\u00f6tila -20 \u00b0C \/ + 50 \u00b0C. Asennus jalustalle (1\u20444&#8243;).<\/p>\n<p>Eritt\u00e4in herkk\u00e4 IR-anturi erottaa ja tallentaa l\u00e4mp\u00f6tilakontrastit 0,03 asteen tarkkuudella (NETD&lt; 30 mK), ja laite n\u00e4ytt\u00e4\u00e4 my\u00f6s huonolla s\u00e4\u00e4ll\u00e4 selke\u00e4mm\u00e4n ja informatiivisemman kuvan kuin vastaavat kannettavat l\u00e4mp\u00f6kamerat. NETD &lt; 40 mK.<\/p>\n<p>Voi aktivoida nauhurin ja mikrofonin. Tiedostot, joiden resoluutio on 1024\u00d7768, kirjoitetaan irrotettavalle muistikortille (myyd\u00e4\u00e4n erikseen), eik\u00e4 kuvissa ole muita huoltotietoja kuin p\u00e4iv\u00e4m\u00e4\u00e4r\u00e4 ja tallennusaika.<\/p>\n","protected":false},"featured_media":99316,"template":"","meta":{"_acf_changed":false},"product_brand":[],"product_cat":[510],"product_tag":[],"class_list":{"0":"post-99325","1":"product","2":"type-product","3":"status-publish","4":"has-post-thumbnail","6":"product_cat-lampokamerat","8":"first","9":"instock","10":"sale","11":"taxable","12":"shipping-taxable","13":"purchasable","14":"product-type-simple"},"acf":[],"_links":{"self":[{"href":"https:\/\/kingarms.ee\/fi\/wp-json\/wp\/v2\/product\/99325","targetHints":{"allow":["GET"]}}],"collection":[{"href":"https:\/\/kingarms.ee\/fi\/wp-json\/wp\/v2\/product"}],"about":[{"href":"https:\/\/kingarms.ee\/fi\/wp-json\/wp\/v2\/types\/product"}],"wp:featuredmedia":[{"embeddable":true,"href":"https:\/\/kingarms.ee\/fi\/wp-json\/wp\/v2\/media\/99316"}],"wp:attachment":[{"href":"https:\/\/kingarms.ee\/fi\/wp-json\/wp\/v2\/media?parent=99325"}],"wp:term":[{"taxonomy":"product_brand","embeddable":true,"href":"https:\/\/kingarms.ee\/fi\/wp-json\/wp\/v2\/product_brand?post=99325"},{"taxonomy":"product_cat","embeddable":true,"href":"https:\/\/kingarms.ee\/fi\/wp-json\/wp\/v2\/product_cat?post=99325"},{"taxonomy":"product_tag","embeddable":true,"href":"https:\/\/kingarms.ee\/fi\/wp-json\/wp\/v2\/product_tag?post=99325"}],"curies":[{"name":"wp","href":"https:\/\/api.w.org\/{rel}","templated":true}]}}