{"id":99339,"date":"2024-03-05T13:02:57","date_gmt":"2024-03-05T10:03:36","guid":{"rendered":"https:\/\/kingarms.ee\/product\/lampokamerakamera-sytong-gs06-25lrf\/"},"modified":"2024-08-06T10:58:59","modified_gmt":"2024-08-06T07:58:59","slug":"lampokamera-sytong-gs06-25lrf","status":"publish","type":"product","link":"https:\/\/kingarms.ee\/fi\/product\/lampokamera-sytong-gs06-25lrf\/","title":{"rendered":"L\u00e4mp\u00f6kamerakamera Sytong GS06-25LRF"},"content":{"rendered":"<p><img loading=\"lazy\" decoding=\"async\" class=\"alignnone size-full wp-image-99329\" src=\"https:\/\/kingarms.ee\/wp-content\/uploads\/2024\/03\/2d214336-b763-11ed-b779-00155d65b408_908f3171-bc08-11ed-b779-00155d65b408-2.webp\" alt=\"\" width=\"961\" height=\"963\" srcset=\"https:\/\/kingarms.ee\/wp-content\/uploads\/2024\/03\/2d214336-b763-11ed-b779-00155d65b408_908f3171-bc08-11ed-b779-00155d65b408-2.webp 961w, https:\/\/kingarms.ee\/wp-content\/uploads\/2024\/03\/2d214336-b763-11ed-b779-00155d65b408_908f3171-bc08-11ed-b779-00155d65b408-2-300x300.webp 300w, https:\/\/kingarms.ee\/wp-content\/uploads\/2024\/03\/2d214336-b763-11ed-b779-00155d65b408_908f3171-bc08-11ed-b779-00155d65b408-2-150x150.webp 150w, https:\/\/kingarms.ee\/wp-content\/uploads\/2024\/03\/2d214336-b763-11ed-b779-00155d65b408_908f3171-bc08-11ed-b779-00155d65b408-2-768x770.webp 768w, https:\/\/kingarms.ee\/wp-content\/uploads\/2024\/03\/2d214336-b763-11ed-b779-00155d65b408_908f3171-bc08-11ed-b779-00155d65b408-2-500x501.webp 500w\" sizes=\"auto, (max-width: 961px) 100vw, 961px\" \/><\/p>\n","protected":false},"excerpt":{"rendered":"<p>Et\u00e4isyysmittari ja 640. Sytong GS06-25LRF (1,2x) kompakti matriisilla varustettu l\u00e4mp\u00f6kamera on suunniteltu kaupunki- ja ulkotilojen tarkkailuun eri s\u00e4\u00e4olosuhteissa. Laite &#8221;n\u00e4kee&#8221; sumun ja savun l\u00e4pi, antaa k\u00e4ytt\u00e4j\u00e4lle selke\u00e4n ja informatiivisen kuvan lumessa ja sateessa, suorittaa lineaarisia mittauksia 1000 metrin s\u00e4teell\u00e4 ja pystyy havaitsemaan henkil\u00f6n 1250 metrin et\u00e4isyydell\u00e4 tabletista (WiFi) tai televisiosta (TV OUT).<\/p>\n<p>Anturi 640\u00d7480 (12 \u00b5m, NETD&lt;30mK). 6 v\u00e4ri\u00e4.<br \/>\nSuurennos 1,2&#8230;9,6x, havaintoalue &#8211; 1,25 km.<br \/>\nLaseret\u00e4isyysmittari, laserluotain, &#8221;hot spot&#8221; -valvonta.<br \/>\nKalibrointi verholla, 5 sekunnin ajastin.<br \/>\nPikak\u00e4ynnistys (&lt;3 s), lepotila, automaattinen virrankatkaisu.<br \/>\nIrrottamaton akku, USB-liit\u00e4nt\u00e4, 9 tunnin akunkesto.<br \/>\nWi-Fi, videol\u00e4ht\u00f6, valokuvien\/videoiden tallennus siirrett\u00e4v\u00e4lle TF-kortille.<br \/>\nKompakti rakenne, sade- ja p\u00f6lysuojaus (IP65), toimii kylm\u00e4ss\u00e4 ja kuumassa (-20\u00b0C\/+50\u00b0C).<br \/>\nK\u00e4sivaralta tai jalustalta (1\u20444&#8243;) teht\u00e4v\u00e4t havainnot. Mukana kaulahihna.<\/p>\n<p>Pieni 1,2-kertainen optinen suurennus yhdistyy hyv\u00e4\u00e4n n\u00e4k\u00f6kentt\u00e4\u00e4n ja jopa 1,25 km:n havaintoalueeseen. 640\u00d7480 pikselin matriisin ansiosta l\u00e4mp\u00f6kamera antaa yksityiskohtaisemman ja rikkaamman kuvan y\u00f6ll\u00e4 ja t\u00e4ydellisess\u00e4 pimeydess\u00e4, ja korkean l\u00e4mp\u00f6tila-herkkyyden (NETD) ansiosta l\u00e4mp\u00f6tilakontrastit voidaan erottaa 0,003 asteen l\u00e4mp\u00f6tilakontrasteista ja tarjota tehokas visualisointi.<\/p>\n<p>Laseret\u00e4isyysmittari toimii kaikissa valaistusolosuhteissa ja mittaa jopa 1000 metrin et\u00e4isyydelle metrin tarkkuudella. 905 nm:n lasers\u00e4de on paljain silmin n\u00e4kym\u00e4t\u00f6n (eik\u00e4 paljasta tarkkailijan sijaintia), ja nopea mittaussuunta on sama kuin AMOLED-n\u00e4yt\u00f6n keskipiste.<\/p>\n<p>Tehokas 8-kertainen digitaalinen zoom lis\u00e4\u00e4 p\u00e4\u00e4zoomin 9,6-kertaiseksi, mik\u00e4 parantaa yksityiskohtia ja tunnistusta kuvanlaadusta tinkim\u00e4tt\u00e4. Laserosoitin (LCD) toimii pime\u00e4ss\u00e4 kuin laserkursori, ja se n\u00e4kyy selv\u00e4sti suurelta et\u00e4isyydelt\u00e4.<\/p>\n<p>Ladattavaa akkua ei tarvitse vaihtaa, ja se ladataan USB-liit\u00e4nn\u00e4n kautta tietokoneeseen, verkkovirtaan tai Power Bankiin (5V2A). &#8221;Lepotilan&#8221; avulla voit s\u00e4\u00e4st\u00e4\u00e4 akkuvirtaa ja palata nopeasti t\u00f6ihin.<\/p>\n<p>Valokuvauksen ja videokuvauksen harrastajia varten siin\u00e4 on nauhuri ja mikrofoni. 1024\u00d7768-resoluution infrapunakuva kirjoitetaan irrotettavalle muistikortille (kortti myyd\u00e4\u00e4n erikseen). L\u00e4mp\u00f6kameraa voidaan k\u00e4ytt\u00e4\u00e4 my\u00f6s kauko-ohjattavana itsen\u00e4isen\u00e4 valvontakamerana, joka antaa reaaliaikaisen kuvan ulkoiselle n\u00e4yt\u00f6lle &#8211; liit\u00e4 se yksinkertaisesti \u00e4lypuhelimeen\/tablettiin (Wi-Fi) tai televisioon (TV OUT).<\/p>\n","protected":false},"featured_media":99331,"template":"","meta":{"_acf_changed":false},"product_brand":[],"product_cat":[510],"product_tag":[],"class_list":{"0":"post-99339","1":"product","2":"type-product","3":"status-publish","4":"has-post-thumbnail","6":"product_cat-lampokamerat","8":"first","9":"instock","10":"sale","11":"taxable","12":"shipping-taxable","13":"purchasable","14":"product-type-simple"},"acf":[],"_links":{"self":[{"href":"https:\/\/kingarms.ee\/fi\/wp-json\/wp\/v2\/product\/99339","targetHints":{"allow":["GET"]}}],"collection":[{"href":"https:\/\/kingarms.ee\/fi\/wp-json\/wp\/v2\/product"}],"about":[{"href":"https:\/\/kingarms.ee\/fi\/wp-json\/wp\/v2\/types\/product"}],"wp:featuredmedia":[{"embeddable":true,"href":"https:\/\/kingarms.ee\/fi\/wp-json\/wp\/v2\/media\/99331"}],"wp:attachment":[{"href":"https:\/\/kingarms.ee\/fi\/wp-json\/wp\/v2\/media?parent=99339"}],"wp:term":[{"taxonomy":"product_brand","embeddable":true,"href":"https:\/\/kingarms.ee\/fi\/wp-json\/wp\/v2\/product_brand?post=99339"},{"taxonomy":"product_cat","embeddable":true,"href":"https:\/\/kingarms.ee\/fi\/wp-json\/wp\/v2\/product_cat?post=99339"},{"taxonomy":"product_tag","embeddable":true,"href":"https:\/\/kingarms.ee\/fi\/wp-json\/wp\/v2\/product_tag?post=99339"}],"curies":[{"name":"wp","href":"https:\/\/api.w.org\/{rel}","templated":true}]}}