{"id":99359,"date":"2024-03-05T13:06:19","date_gmt":"2024-03-05T10:08:17","guid":{"rendered":"https:\/\/kingarms.ee\/product\/lampokamerakamera-sytong-gs03-25lrf\/"},"modified":"2024-08-06T10:58:16","modified_gmt":"2024-08-06T07:58:16","slug":"lampokamera-sytong-gs03-25lrf","status":"publish","type":"product","link":"https:\/\/kingarms.ee\/fi\/product\/lampokamera-sytong-gs03-25lrf\/","title":{"rendered":"L\u00e4mp\u00f6kamerakamera Sytong GS03-25LRF"},"content":{"rendered":"<p><img loading=\"lazy\" decoding=\"async\" class=\"alignnone size-full wp-image-99344\" src=\"https:\/\/kingarms.ee\/wp-content\/uploads\/2024\/03\/08967f7c-b75e-11ed-b779-00155d65b408_5592cd3e-b75e-11ed-b779-00155d65b408-2.webp\" alt=\"\" width=\"760\" height=\"630\" srcset=\"https:\/\/kingarms.ee\/wp-content\/uploads\/2024\/03\/08967f7c-b75e-11ed-b779-00155d65b408_5592cd3e-b75e-11ed-b779-00155d65b408-2.webp 760w, https:\/\/kingarms.ee\/wp-content\/uploads\/2024\/03\/08967f7c-b75e-11ed-b779-00155d65b408_5592cd3e-b75e-11ed-b779-00155d65b408-2-300x249.webp 300w, https:\/\/kingarms.ee\/wp-content\/uploads\/2024\/03\/08967f7c-b75e-11ed-b779-00155d65b408_5592cd3e-b75e-11ed-b779-00155d65b408-2-500x414.webp 500w, https:\/\/kingarms.ee\/wp-content\/uploads\/2024\/03\/08967f7c-b75e-11ed-b779-00155d65b408_5592cd3e-b75e-11ed-b779-00155d65b408-2-150x124.webp 150w\" sizes=\"auto, (max-width: 760px) 100vw, 760px\" \/><\/p>\n","protected":false},"excerpt":{"rendered":"<p>Sytongin et\u00e4isyysmittarilla varustettua l\u00e4mp\u00f6kamera-monokulaaria voidaan k\u00e4ytt\u00e4\u00e4 havainnointiin ja valokuvaukseen\/videokuvaukseen miss\u00e4 tahansa valaistustasossa l\u00e4mp\u00f6tila-alueella -20 &#8230; +50 \u00b0C. Objektiivi &#8211; 2x, 25 mm:n polttov\u00e4li, digitaalinen zoom (x1&#8230;x8) mahdollistaa p\u00e4\u00e4kuvan suurennuksen muuttamisen 2x:st\u00e4 16-kertaiseksi. Objektiivin manuaalinen tarkennus, v\u00e4himm\u00e4iset\u00e4isyys 5 m.<\/p>\n<p>AMOLED-tyyppinen n\u00e4ytt\u00f6, jonka l\u00e4pimitta on 0,39\u2033 ja resoluutio 1024\u00d7768. Hoiab 6 skeemi: Black Hot, White Hot, Red Hot, Fusion, Target Highlight, Edge. Kuvanparannusvaihtoehto: s\u00e4\u00e4d\u00e4 5 kirkkaustasoa, 10 kontrastitasoa, 4 yksityiskohdan moodia, 50 Hz:n kuvan virkistystaajuus.<\/p>\n<p>384\u00d7288-resoluutioinen anturi erottaa toisistaan 0,03\u00b0:n l\u00e4mp\u00f6tilaerolla olevat pisteet. 1,7 \u00d7 0,5 m:n kokoisen kohteen havaitsemisalue on 1250 m. Laseret\u00e4isyysmittari mittaa jopa 1 km:n et\u00e4isyyden 1 m:n tarkkuudella. Hot Trace -tilassa voit seurata korkean l\u00e4mp\u00f6tilan kohteita.<\/p>\n<p>Voit tallentaa valokuvia ja videoita 1024\u00d7768-resoluutiolla, \u00e4\u00e4nen kanssa tai ilman \u00e4\u00e4nt\u00e4, irrotettavalle muistikortille (ei sis\u00e4lly toimitukseen). Sytong GS03-25 LRF -l\u00e4mp\u00f6kuvakamera tarjoaa reaaliaikaisen kuvan ulostulon ulkoiselle n\u00e4yt\u00f6lle, kun se kytket\u00e4\u00e4n Wi-Fi- tai TV OUT -liit\u00e4nn\u00e4n kautta.<\/p>\n<p>B-Pack 6000 mAh:n irrotettava akku kest\u00e4\u00e4 jopa 9 tuntia, ja se voidaan ladata USB:n kautta. Voidaan m\u00e4\u00e4ritt\u00e4\u00e4 sammumaan automaattisesti 3 tai 5 minuutin k\u00e4ytt\u00e4m\u00e4tt\u00f6myyden j\u00e4lkeen. Laite on suojattu p\u00f6lylt\u00e4 ja kosteudelta (IP65). Jalustakiinnityst\u00e4 varten on 1\/4 tuuman liitin.<\/p>\n<p>Erityispiirteet:<br \/>\n&#8211; matriisi &#8211; 384\u00d7288 (12 mikronia, NETD &lt; 30mK);<br \/>\n&#8211; okulaarin tarkennus &#8211; -5&#8230;+5 dioptriaa;<br \/>\n&#8211; Objektiivi &#8211; F19 mm;<br \/>\n&#8211; poistokupun poistaminen &#8211; 30 mm;<\/p>\n","protected":false},"featured_media":99346,"template":"","meta":{"_acf_changed":false},"product_brand":[],"product_cat":[510],"product_tag":[],"class_list":{"0":"post-99359","1":"product","2":"type-product","3":"status-publish","4":"has-post-thumbnail","6":"product_cat-lampokamerat","8":"first","9":"instock","10":"sale","11":"taxable","12":"shipping-taxable","13":"purchasable","14":"product-type-simple"},"acf":[],"_links":{"self":[{"href":"https:\/\/kingarms.ee\/fi\/wp-json\/wp\/v2\/product\/99359","targetHints":{"allow":["GET"]}}],"collection":[{"href":"https:\/\/kingarms.ee\/fi\/wp-json\/wp\/v2\/product"}],"about":[{"href":"https:\/\/kingarms.ee\/fi\/wp-json\/wp\/v2\/types\/product"}],"wp:featuredmedia":[{"embeddable":true,"href":"https:\/\/kingarms.ee\/fi\/wp-json\/wp\/v2\/media\/99346"}],"wp:attachment":[{"href":"https:\/\/kingarms.ee\/fi\/wp-json\/wp\/v2\/media?parent=99359"}],"wp:term":[{"taxonomy":"product_brand","embeddable":true,"href":"https:\/\/kingarms.ee\/fi\/wp-json\/wp\/v2\/product_brand?post=99359"},{"taxonomy":"product_cat","embeddable":true,"href":"https:\/\/kingarms.ee\/fi\/wp-json\/wp\/v2\/product_cat?post=99359"},{"taxonomy":"product_tag","embeddable":true,"href":"https:\/\/kingarms.ee\/fi\/wp-json\/wp\/v2\/product_tag?post=99359"}],"curies":[{"name":"wp","href":"https:\/\/api.w.org\/{rel}","templated":true}]}}