{"id":99387,"date":"2024-03-05T13:12:52","date_gmt":"2024-03-05T10:13:37","guid":{"rendered":"https:\/\/kingarms.ee\/product\/sytong-night-vision-ht-88-yonakolaite\/"},"modified":"2024-08-06T10:57:33","modified_gmt":"2024-08-06T07:57:33","slug":"sytong-night-vision-ht-88-oonageming-laite","status":"publish","type":"product","link":"https:\/\/kingarms.ee\/fi\/product\/sytong-night-vision-ht-88-oonageming-laite\/","title":{"rendered":"Sytong Night Vision HT-88 y\u00f6n\u00e4k\u00f6laite"},"content":{"rendered":"<p><img loading=\"lazy\" decoding=\"async\" class=\"alignnone size-full wp-image-99364\" src=\"https:\/\/kingarms.ee\/wp-content\/uploads\/2024\/03\/Sytong-Night-vision-device-HT-88-16mm-940nm-48mm-Eyepiece-German-Edition.jpg\" alt=\"\" width=\"800\" height=\"800\" srcset=\"https:\/\/kingarms.ee\/wp-content\/uploads\/2024\/03\/Sytong-Night-vision-device-HT-88-16mm-940nm-48mm-Eyepiece-German-Edition.jpg 800w, https:\/\/kingarms.ee\/wp-content\/uploads\/2024\/03\/Sytong-Night-vision-device-HT-88-16mm-940nm-48mm-Eyepiece-German-Edition-300x300.jpg 300w, https:\/\/kingarms.ee\/wp-content\/uploads\/2024\/03\/Sytong-Night-vision-device-HT-88-16mm-940nm-48mm-Eyepiece-German-Edition-150x150.jpg 150w, https:\/\/kingarms.ee\/wp-content\/uploads\/2024\/03\/Sytong-Night-vision-device-HT-88-16mm-940nm-48mm-Eyepiece-German-Edition-768x768.jpg 768w, https:\/\/kingarms.ee\/wp-content\/uploads\/2024\/03\/Sytong-Night-vision-device-HT-88-16mm-940nm-48mm-Eyepiece-German-Edition-500x500.jpg 500w\" sizes=\"auto, (max-width: 800px) 100vw, 800px\" \/><\/p>\n","protected":false},"excerpt":{"rendered":"<p>SYTONG HT-88 HD DUAL USE NV850 -y\u00f6kamera, jossa on 16 mm:n objektiivi, on Sytongin hiljattain kehitt\u00e4m\u00e4 y\u00f6kameralaite, joka on varustettu uusimmalla SONY FULL-HD (SONY HD CMOS) -kennolla ja uudella SONY OLED-n\u00e4yt\u00f6ll\u00e4, jonka resoluutio on 1440 x 1080 pikseli\u00e4.<\/p>\n<p>SYTONG HT-88 (16 mm:n objektiivi) edut:<br \/>\n&#8211; etu FOCUSin s\u00e4\u00e4t\u00e4minen laitteen sivulta, laitteen tarkennus on 2,5 &#8211; 8 cm.<br \/>\n&#8211; HT-88:n ballistinen kest\u00e4vyys (iskunkest\u00e4vyys) on noin 6000 J.<br \/>\n&#8211; laitteessa on sis\u00e4\u00e4nrakennettu gyrometrianturi, jossa on py\u00f6rimis- ja kallistuskulman n\u00e4ytt\u00f6.<br \/>\n&#8211; kuva kuvassa-toiminnolla<br \/>\n&#8211; KUVAN ja VIDEON toistotoiminto (MP4-videomuoto, AVI-videotyyppi).<br \/>\n&#8211; Laitteen sivulla olevat \u00e4\u00e4nett\u00f6m\u00e4t painikkeet, yksinkertaistettu laitteen hallinta.<br \/>\n&#8211; Soveltuu p\u00e4iv\u00e4- ja y\u00f6k\u00e4ytt\u00f6\u00f6n (p\u00e4iv\u00e4tilat + 2 y\u00f6tilaa (BW + vihre\u00e4)).<br \/>\n&#8211; k\u00e4ytt\u00e4m\u00e4ll\u00e4 laitetta ilman lis\u00e4suurennusta optisen t\u00e4ht\u00e4imen avulla laite, jossa on 2-kertainen optinen ja digitaalinen zoom (1x &#8211; 3,5x), havaitsee el\u00e4imet selv\u00e4sti jopa noin 250 metrin et\u00e4isyydelt\u00e4.<br \/>\n&#8211; tiedonsiirto WLANin kautta, laitteeseen mahtuu jopa 32 Gt:n muistikortti<br \/>\n&#8211; laite toimii 18650 ladattavalla akulla, akun kesto noin 6-8 tuntia (akkulokero p\u00e4\u00e4ll\u00e4).<br \/>\n&#8211; laite toimii 3,6 V:n j\u00e4nnitteell\u00e4, liit\u00e4nt\u00e4tyyppi USB Type C.<br \/>\n&#8211; laitteessa on Picatinny- ja jalustakiinnitys.<\/p>\n<p>Koko PxLxS (mm): 115x103x62<br \/>\nNettopaino (g): 270<br \/>\nValokuvan tarkkuus (pikseli\u00e4): 2608\u00d71944 (5 megapikseli\u00e4)<br \/>\nVideon tarkkuus (pikseli\u00e4): 1920\u00d71080 (Full HD)<br \/>\nKuvataajuus (fps): 30 kuvaa sekunnissa<br \/>\nSopii okulaarin \u00d8 (mm): 25-47<br \/>\nDiopterin s\u00e4\u00e4t\u00f6: +5\/-5<br \/>\nL\u00e4mp\u00f6tila-alue: -20 \u00b0C &#8211; +50 \u00b0C.<br \/>\nReaaliaikainen kuvansiirto p\u00e4\u00e4telaitteeseen: kyll\u00e4<br \/>\nValikko useilla kielill\u00e4: Kyll\u00e4<br \/>\nSis\u00e4\u00e4nrakennettu infrapunalamppu: kyll\u00e4, 850 nm.<\/p>\n","protected":false},"featured_media":99432,"template":"","meta":{"_acf_changed":false},"product_brand":[],"product_cat":[514],"product_tag":[],"class_list":{"0":"post-99387","1":"product","2":"type-product","3":"status-publish","4":"has-post-thumbnail","6":"product_cat-yonakolaitteet","8":"first","9":"instock","10":"taxable","11":"shipping-taxable","12":"purchasable","13":"product-type-simple"},"acf":[],"_links":{"self":[{"href":"https:\/\/kingarms.ee\/fi\/wp-json\/wp\/v2\/product\/99387","targetHints":{"allow":["GET"]}}],"collection":[{"href":"https:\/\/kingarms.ee\/fi\/wp-json\/wp\/v2\/product"}],"about":[{"href":"https:\/\/kingarms.ee\/fi\/wp-json\/wp\/v2\/types\/product"}],"wp:featuredmedia":[{"embeddable":true,"href":"https:\/\/kingarms.ee\/fi\/wp-json\/wp\/v2\/media\/99432"}],"wp:attachment":[{"href":"https:\/\/kingarms.ee\/fi\/wp-json\/wp\/v2\/media?parent=99387"}],"wp:term":[{"taxonomy":"product_brand","embeddable":true,"href":"https:\/\/kingarms.ee\/fi\/wp-json\/wp\/v2\/product_brand?post=99387"},{"taxonomy":"product_cat","embeddable":true,"href":"https:\/\/kingarms.ee\/fi\/wp-json\/wp\/v2\/product_cat?post=99387"},{"taxonomy":"product_tag","embeddable":true,"href":"https:\/\/kingarms.ee\/fi\/wp-json\/wp\/v2\/product_tag?post=99387"}],"curies":[{"name":"wp","href":"https:\/\/api.w.org\/{rel}","templated":true}]}}