{"id":99399,"date":"2024-03-05T13:36:14","date_gmt":"2024-03-05T10:36:46","guid":{"rendered":"https:\/\/kingarms.ee\/product\/lampokamera-sytong-xs03lrf\/"},"modified":"2024-08-06T10:56:51","modified_gmt":"2024-08-06T07:56:51","slug":"lampokamera-sytong-xs03lrf","status":"publish","type":"product","link":"https:\/\/kingarms.ee\/fi\/product\/lampokamera-sytong-xs03lrf\/","title":{"rendered":"L\u00e4mp\u00f6kamera SYTONG XS03LRF"},"content":{"rendered":"<p><img loading=\"lazy\" decoding=\"async\" class=\"alignnone size-full wp-image-99390\" src=\"https:\/\/kingarms.ee\/wp-content\/uploads\/2024\/03\/age-catalog-sytong-xs-lrf-10-800x800-1.png\" alt=\"\" width=\"800\" height=\"800\" srcset=\"https:\/\/kingarms.ee\/wp-content\/uploads\/2024\/03\/age-catalog-sytong-xs-lrf-10-800x800-1.png 800w, https:\/\/kingarms.ee\/wp-content\/uploads\/2024\/03\/age-catalog-sytong-xs-lrf-10-800x800-1-300x300.png 300w, https:\/\/kingarms.ee\/wp-content\/uploads\/2024\/03\/age-catalog-sytong-xs-lrf-10-800x800-1-150x150.png 150w, https:\/\/kingarms.ee\/wp-content\/uploads\/2024\/03\/age-catalog-sytong-xs-lrf-10-800x800-1-768x768.png 768w, https:\/\/kingarms.ee\/wp-content\/uploads\/2024\/03\/age-catalog-sytong-xs-lrf-10-800x800-1-500x500.png 500w\" sizes=\"auto, (max-width: 800px) 100vw, 800px\" \/><\/p>\n","protected":false},"excerpt":{"rendered":"<p>L\u00e4mp\u00f6kamera Sytong XS03-25LRF on kompakti monokulaari, jossa on laseret\u00e4isyysmittari. Edistyksellisimm\u00e4lle akkualustalle rakennetussa huipputeknologisessa l\u00e4mp\u00f6kamerassa on vaikuttava ominaisuusvalikoima, eik\u00e4 se ole toiminnoiltaan huonompi kuin markkinajohtajien huippumallit. Eritt\u00e4in herkk\u00e4 IR-anturi (17\u03bcm) ja kristallinkirkas germaniumoptiikka mahdollistavat suurten ihmisten tai el\u00e4inten kokoisten kohteiden havaitsemisen jopa (3000) metrin et\u00e4isyydelt\u00e4. Voit tutkia yksityiskohtia yksityiskohtaisesti k\u00e4ytt\u00e4m\u00e4ll\u00e4 digitaalista zoomia x1-x8. Laadun parantamiseksi on patentoitu kuvank\u00e4sittelylaite, erilaisia v\u00e4rimaailmoja, visuaalisia tehosteita ja hienos\u00e4\u00e4dettyj\u00e4 k\u00e4ytt\u00e4j\u00e4ohjauksia. XS03-25LRF:n omistajien arvostelut ovat pelk\u00e4st\u00e4\u00e4n positiivisia. Yksinkertainen ja luotettava l\u00e4mp\u00f6kamera, jossa on t\u00e4ydet multimediatoiminnot, on uskollinen kumppani mets\u00e4styksess\u00e4, partiossa, pelastustoiminnassa jne.<\/p>\n<p>Tekniset tiedot<\/p>\n<p>Anturi (sotilasluokka):<br \/>\nTyyppi J\u00e4\u00e4hdytt\u00e4m\u00e4t\u00f6n<br \/>\nResoluutio, pikseli\u00e4 384&#215;288 Eritt\u00e4in herkk\u00e4<br \/>\nKuvataajuus 50 Hz<br \/>\nVy\u00f6t\u00e4r\u00f6n pikselit 12\u03bcm<br \/>\nNETD &lt;30mK<\/p>\n<p>Optiset ominaisuudet:<br \/>\nObjektiivi f25mm, F\/1.0<br \/>\nSuurennus 1,5X\/2,0X\/2,8X<br \/>\nJatkuva digitaalinen zoom x1\/x2\/x4\/x6\/x8<br \/>\nSilm\u00e4korkeus 30 mm<br \/>\nDiopterin s\u00e4\u00e4t\u00f6 +5\/-5 D<br \/>\nIlmaisimen kantama (korkeus 1,7 m, leveys 0,5 m) 1250 m<br \/>\nL\u00e4hiet\u00e4isyys 5m-\u221e<\/p>\n<p>Kuva:<br \/>\nV\u00e4rivalikoimat Black Hot, White Hot, Red Hot, Fusion, Defog<br \/>\nTyyppi \/ resoluutio 0,39 tuumaa \/ AMOLED \/ 1024X768<\/p>\n<p>Ty\u00f6ominaisuudet:<br \/>\n3D-gyroskooppi Ei<br \/>\nKuuma polku kyll\u00e4<br \/>\nVirtal\u00e4hde 3-4,2 V<br \/>\nAkku 18650 \/ 3200mAh<br \/>\nUlkoinen virtal\u00e4hde 5V (USB)<br \/>\nTy\u00f6aika (t=22 \u2103) 4 tuntia<br \/>\nMaksimikapasiteettiteho, jouleina<br \/>\nVedenkest\u00e4vyysluokitus IP66<br \/>\nK\u00e4ytt\u00f6l\u00e4mp\u00f6tila -20 \u2103&#8230;50 \u2103<br \/>\nMitat 156X68X75mm<br \/>\nPaino 390g<\/p>\n<p>Videonauhuri:<br \/>\nVideon\/valokuvan resoluutio 1024&#215;768<br \/>\nVideo-\/valokuvaformaatti .mp4 \/ .jpg<br \/>\nTallennustyyppi FAT32 TF-kortti, max.support 128G<\/p>\n<p>Wi-Fi-kanava:<br \/>\nTaajuus 2,4 GHz<br \/>\nStandardi 802.11 b\/g<br \/>\nN\u00e4kyvyyset\u00e4isyys 15 m<\/p>\n<p>Et\u00e4isyysmittari:<br \/>\nAallonpituus 905 nm<br \/>\nSuurin mittausalue 1800m<br \/>\nMittaustarkkuus +\/- 1 m<\/p>\n","protected":false},"featured_media":99392,"template":"","meta":{"_acf_changed":false},"product_brand":[],"product_cat":[510],"product_tag":[],"class_list":{"0":"post-99399","1":"product","2":"type-product","3":"status-publish","4":"has-post-thumbnail","6":"product_cat-lampokamerat","8":"first","9":"instock","10":"sale","11":"taxable","12":"shipping-taxable","13":"purchasable","14":"product-type-simple"},"acf":[],"_links":{"self":[{"href":"https:\/\/kingarms.ee\/fi\/wp-json\/wp\/v2\/product\/99399","targetHints":{"allow":["GET"]}}],"collection":[{"href":"https:\/\/kingarms.ee\/fi\/wp-json\/wp\/v2\/product"}],"about":[{"href":"https:\/\/kingarms.ee\/fi\/wp-json\/wp\/v2\/types\/product"}],"wp:featuredmedia":[{"embeddable":true,"href":"https:\/\/kingarms.ee\/fi\/wp-json\/wp\/v2\/media\/99392"}],"wp:attachment":[{"href":"https:\/\/kingarms.ee\/fi\/wp-json\/wp\/v2\/media?parent=99399"}],"wp:term":[{"taxonomy":"product_brand","embeddable":true,"href":"https:\/\/kingarms.ee\/fi\/wp-json\/wp\/v2\/product_brand?post=99399"},{"taxonomy":"product_cat","embeddable":true,"href":"https:\/\/kingarms.ee\/fi\/wp-json\/wp\/v2\/product_cat?post=99399"},{"taxonomy":"product_tag","embeddable":true,"href":"https:\/\/kingarms.ee\/fi\/wp-json\/wp\/v2\/product_tag?post=99399"}],"curies":[{"name":"wp","href":"https:\/\/api.w.org\/{rel}","templated":true}]}}