{"id":99532,"date":"2024-03-08T15:19:33","date_gmt":"2024-03-08T12:21:21","guid":{"rendered":"https:\/\/kingarms.ee\/product\/fenix-tk20r-ue-desert-camo-taydellinen-paketti\/"},"modified":"2024-08-06T10:52:31","modified_gmt":"2024-08-06T07:52:31","slug":"fenix-tk20r-ue-desert-camo-nauhoitussarja","status":"publish","type":"product","link":"https:\/\/kingarms.ee\/fi\/product\/fenix-tk20r-ue-desert-camo-nauhoitussarja\/","title":{"rendered":"Fenix TK20R UE Desert Camo t\u00e4ydellinen paketti"},"content":{"rendered":"<p><img loading=\"lazy\" decoding=\"async\" class=\"alignnone size-full wp-image-99505\" src=\"https:\/\/kingarms.ee\/wp-content\/uploads\/2024\/03\/TK20R-UE-01.jpg\" alt=\"\" width=\"1000\" height=\"1000\" srcset=\"https:\/\/kingarms.ee\/wp-content\/uploads\/2024\/03\/TK20R-UE-01.jpg 1000w, https:\/\/kingarms.ee\/wp-content\/uploads\/2024\/03\/TK20R-UE-01-300x300.jpg 300w, https:\/\/kingarms.ee\/wp-content\/uploads\/2024\/03\/TK20R-UE-01-150x150.jpg 150w, https:\/\/kingarms.ee\/wp-content\/uploads\/2024\/03\/TK20R-UE-01-768x768.jpg 768w, https:\/\/kingarms.ee\/wp-content\/uploads\/2024\/03\/TK20R-UE-01-500x500.jpg 500w\" sizes=\"auto, (max-width: 1000px) 100vw, 1000px\" \/><\/p>\n","protected":false},"excerpt":{"rendered":"<p>Rungon v\u00e4ri Ruskea camo (Desert Camo)<br \/>\nSuurin valoteho 2800 lumenia<br \/>\nPienin valaistusvoimakkuus 30 lumenia<br \/>\nLED-akun tyyppi Luminus SST70<br \/>\nValaisimen l\u00e4mp\u00f6tila valkoinen 6500K<br \/>\nOptiikkatyyppi Sile\u00e4tarkenteinen parabolinen heijastin<br \/>\nSuora lataus Kyll\u00e4 (USB-C)<br \/>\nParisto mukana Kyll\u00e4<br \/>\nMukana tulevan akun kapasiteetti 5000mAh<br \/>\nLampun kytkent\u00e4mekanismi Takaosan virta- ja toimintatilan kytkin + takaosan toimintatilan valintakytkin (Flexisensa-ohjauksen vaihtokytkin).<br \/>\nV\u00e4rillinen valotila Ei<br \/>\nEnimm\u00e4isk\u00e4ytt\u00f6aika yhdell\u00e4 latauksella 40h@max.30lm<br \/>\nToiminta-aika maksimitilassa 3h@max.2800lm (sis.stepdown)<br \/>\nSuurin valovirta-alue 465 metri\u00e4<br \/>\nSuurin valovirran voimakkuus 53880cd<br \/>\nTehon vakautus Kyll\u00e4<br \/>\nYlikuumenemissuoja Kyll\u00e4 (lampun k\u00e4ytt\u00f6l\u00e4mp\u00f6tila riippuu)<br \/>\nToimintatilat Taktinen ryhm\u00e4: max.2800lm@3h ja 2800lm stroboskooppi; Ty\u00f6ryhm\u00e4: max.2800lm@3h, 1000lm@3h15min, 350lm@9h, 30lm@40h.<br \/>\nSuojausluokka IP68 2m<br \/>\nTestattu iskunkest\u00e4vyys Jopa 1 metriin asti<br \/>\nLampun mitat 153,7 mm (pituus) x 34 mm (p\u00e4\u00e4) x 25,4 mm (runko).<br \/>\nLampun paino 135 g (ilman virtal\u00e4hdett\u00e4)<br \/>\nRungon materiaali Tyypin III anodisoitu alumiini<br \/>\nEnsisijaisen virtal\u00e4hteen tyyppi Tyypin 21700 Li-ion-akku, jossa on painike ja PCB-sulake (suosittelemme Fenix ARB-L21-sarjan akkua).<br \/>\nSis\u00e4lt\u00e4\u00e4 lampun, Fenix Type 21700 5000mAh Li-ion-akun, varmistusrenkaan pidikkeen, USB-C-latauskaapelin, kevyen vy\u00f6klipsin, rannehihnan.<\/p>\n","protected":false},"featured_media":99507,"template":"","meta":{"_acf_changed":false},"product_brand":[],"product_cat":[273],"product_tag":[],"class_list":{"0":"post-99532","1":"product","2":"type-product","3":"status-publish","4":"has-post-thumbnail","6":"product_cat-valaisimet","8":"first","9":"instock","10":"taxable","11":"shipping-taxable","12":"purchasable","13":"product-type-simple"},"acf":[],"_links":{"self":[{"href":"https:\/\/kingarms.ee\/fi\/wp-json\/wp\/v2\/product\/99532","targetHints":{"allow":["GET"]}}],"collection":[{"href":"https:\/\/kingarms.ee\/fi\/wp-json\/wp\/v2\/product"}],"about":[{"href":"https:\/\/kingarms.ee\/fi\/wp-json\/wp\/v2\/types\/product"}],"wp:featuredmedia":[{"embeddable":true,"href":"https:\/\/kingarms.ee\/fi\/wp-json\/wp\/v2\/media\/99507"}],"wp:attachment":[{"href":"https:\/\/kingarms.ee\/fi\/wp-json\/wp\/v2\/media?parent=99532"}],"wp:term":[{"taxonomy":"product_brand","embeddable":true,"href":"https:\/\/kingarms.ee\/fi\/wp-json\/wp\/v2\/product_brand?post=99532"},{"taxonomy":"product_cat","embeddable":true,"href":"https:\/\/kingarms.ee\/fi\/wp-json\/wp\/v2\/product_cat?post=99532"},{"taxonomy":"product_tag","embeddable":true,"href":"https:\/\/kingarms.ee\/fi\/wp-json\/wp\/v2\/product_tag?post=99532"}],"curies":[{"name":"wp","href":"https:\/\/api.w.org\/{rel}","templated":true}]}}