{"id":99566,"date":"2024-03-08T15:45:04","date_gmt":"2024-03-08T12:46:40","guid":{"rendered":"https:\/\/kingarms.ee\/product\/fenix-tk22r-taydellinen-paketti\/"},"modified":"2024-08-06T10:51:47","modified_gmt":"2024-08-06T07:51:47","slug":"fenix-tk22r-reppupakkaus","status":"publish","type":"product","link":"https:\/\/kingarms.ee\/fi\/product\/fenix-tk22r-reppupakkaus\/","title":{"rendered":"Fenix TK22R t\u00e4ydellinen paketti"},"content":{"rendered":"<p><img loading=\"lazy\" decoding=\"async\" class=\"alignnone size-full wp-image-99535\" src=\"https:\/\/kingarms.ee\/wp-content\/uploads\/2024\/03\/01.jpg\" alt=\"\" width=\"1000\" height=\"1000\" srcset=\"https:\/\/kingarms.ee\/wp-content\/uploads\/2024\/03\/01.jpg 1000w, https:\/\/kingarms.ee\/wp-content\/uploads\/2024\/03\/01-300x300.jpg 300w, https:\/\/kingarms.ee\/wp-content\/uploads\/2024\/03\/01-150x150.jpg 150w, https:\/\/kingarms.ee\/wp-content\/uploads\/2024\/03\/01-768x768.jpg 768w, https:\/\/kingarms.ee\/wp-content\/uploads\/2024\/03\/01-500x500.jpg 500w\" sizes=\"auto, (max-width: 1000px) 100vw, 1000px\" \/><\/p>\n","protected":false},"excerpt":{"rendered":"<p>Suurin valoteho 3200 lumenia<br \/>\nPienin valaistusvoimakkuus 30 lumenia<br \/>\nLED-akun tyyppi Luminus SST70<br \/>\nValaisimen l\u00e4mp\u00f6tila valkoinen 6500K<br \/>\nOptiikkatyyppi Sile\u00e4tarkenteinen parabolinen heijastin<br \/>\nSuora lataus Kyll\u00e4 (USB-C)<br \/>\nParisto mukana Kyll\u00e4<br \/>\nMukana tulevan akun kapasiteetti 5000mAh<br \/>\nLampun kytkent\u00e4mekanismi Takaosan virta- ja toimintatilan kytkin + takaosan toimintatilan valintakytkin (Flexisensa-ohjauksen vaihtokytkin).<br \/>\nV\u00e4rillinen valotila Ei<br \/>\nEnimm\u00e4isk\u00e4ytt\u00f6aika yhdell\u00e4 latauksella 50h@max.30lm<br \/>\nToiminta-aika maksimitilassa 2h15min (sis.stepdown)<br \/>\nSuurin valovirta-alue 480 metri\u00e4<br \/>\nSuurin valovirran voimakkuus 57400cd<br \/>\nTehon vakautus Kyll\u00e4<br \/>\nYlikuumenemissuoja Kyll\u00e4 (lampun k\u00e4ytt\u00f6l\u00e4mp\u00f6tila riippuu)<br \/>\nToimintatilat Taktinen ryhm\u00e4: max.3200lm@2h15min ja 3200lm strobo; Ty\u00f6ryhm\u00e4: max.3200lm@2h15min, 1000lm@2h35min, 350lm@7h45min, 30lm@50h.<br \/>\nSuojausluokka IP68 2m<br \/>\nTestattu iskunkest\u00e4vyys Jopa 1 metriin asti<br \/>\nLampun mitat 158mm (pituus) x 40mm (p\u00e4\u00e4n halkaisija) x 25.4mm (rungon halkaisija).<br \/>\nLampun paino 218 g (mukaan lukien virtal\u00e4hde)<br \/>\nRungon materiaali Tyypin III anodisoitu alumiini<br \/>\nEnsisijaisen virtal\u00e4hteen tyyppi Tyypin 21700 Li-ion-akku, jossa on painike ja PCB-sulake (suosittelemme Fenix ARB-L21-sarjan akkua).<br \/>\nSis\u00e4lt\u00e4\u00e4 lampun, Fenix Type 21700 5000mAh Li-ion-akun, varmistusrengas kahvat, USB-C-latauskaapeli, kevyt vy\u00f6klipsi, rannehihna.<\/p>\n","protected":false},"featured_media":99537,"template":"","meta":{"_acf_changed":false},"product_brand":[],"product_cat":[273],"product_tag":[],"class_list":{"0":"post-99566","1":"product","2":"type-product","3":"status-publish","4":"has-post-thumbnail","6":"product_cat-valaisimet","8":"first","9":"instock","10":"taxable","11":"shipping-taxable","12":"purchasable","13":"product-type-simple"},"acf":[],"_links":{"self":[{"href":"https:\/\/kingarms.ee\/fi\/wp-json\/wp\/v2\/product\/99566","targetHints":{"allow":["GET"]}}],"collection":[{"href":"https:\/\/kingarms.ee\/fi\/wp-json\/wp\/v2\/product"}],"about":[{"href":"https:\/\/kingarms.ee\/fi\/wp-json\/wp\/v2\/types\/product"}],"wp:featuredmedia":[{"embeddable":true,"href":"https:\/\/kingarms.ee\/fi\/wp-json\/wp\/v2\/media\/99537"}],"wp:attachment":[{"href":"https:\/\/kingarms.ee\/fi\/wp-json\/wp\/v2\/media?parent=99566"}],"wp:term":[{"taxonomy":"product_brand","embeddable":true,"href":"https:\/\/kingarms.ee\/fi\/wp-json\/wp\/v2\/product_brand?post=99566"},{"taxonomy":"product_cat","embeddable":true,"href":"https:\/\/kingarms.ee\/fi\/wp-json\/wp\/v2\/product_cat?post=99566"},{"taxonomy":"product_tag","embeddable":true,"href":"https:\/\/kingarms.ee\/fi\/wp-json\/wp\/v2\/product_tag?post=99566"}],"curies":[{"name":"wp","href":"https:\/\/api.w.org\/{rel}","templated":true}]}}