{"id":136687,"date":"2024-11-02T16:08:16","date_gmt":"2024-11-02T13:08:16","guid":{"rendered":"https:\/\/kingarms.ee\/auksto-slegio-cilindro-uzpildymas\/"},"modified":"2024-11-02T16:08:19","modified_gmt":"2024-11-02T13:08:19","slug":"auksto-slegio-cilindro-uzpildymas","status":"publish","type":"page","link":"https:\/\/kingarms.ee\/lt\/auksto-slegio-cilindro-uzpildymas\/","title":{"rendered":"Auk\u0161to sl\u0117gio cilindro u\u017epildymas"},"content":{"rendered":"<div class=\"wpb-content-wrapper\"><p>[vc_row][vc_column width=&#8221;1\/2&#8243;][vc_column_text woodmart_inline=&#8221;no&#8221; text_larger=&#8221;no&#8221;]<\/p>\n<h1>Auk\u0161to sl\u0117gio cilindro u\u017epildymas<\/h1>\n<p><span style=\"color: #000000; font-size: 20px;\">Auk\u0161to sl\u0117gio cilindro i\u0161sipildymas Taline<\/span><\/p>\n<p><span style=\"color: #000000; font-size: 20px;\">2 \u20ac<\/span><\/p>\n<p>\u201eKingarms\u201c parduotuv\u0117je mes visada galime u\u017epildyti j\u016bs\u0173 PCP ir HPA ginklus oru. I\u0161sipildymas iki 300 atmosfer\u0173 arba 4500 psi. Vykdymo laikas priklauso nuo cilindro t\u016brio[\/vc_column_text][\/vc_column][vc_column width=&#8221;1\/2&#8243;][vc_single_image image=&#8221;115326&#8243; img_size=&#8221;full&#8221; parallax_scroll=&#8221;no&#8221; woodmart_inline=&#8221;no&#8221;][\/vc_column][\/vc_row]<\/p>\n<\/div>","protected":false},"excerpt":{"rendered":"<p>[vc_row][vc_column width=&#8221;1\/2&#8243;][vc_column_text woodmart_inline=&#8221;no&#8221; text_larger=&#8221;no&#8221;] Auk\u0161to sl\u0117gio cilindro u\u017epildymas Auk\u0161to sl\u0117gio cilindro i\u0161sipildymas Taline 2 \u20ac \u201eKingarms\u201c parduotuv\u0117je mes visada galime<\/p>\n","protected":false},"author":10,"featured_media":0,"parent":0,"menu_order":0,"comment_status":"closed","ping_status":"closed","template":"","meta":{"_acf_changed":false,"footnotes":""},"class_list":["post-136687","page","type-page","status-publish","hentry"],"acf":[],"_links":{"self":[{"href":"https:\/\/kingarms.ee\/lt\/wp-json\/wp\/v2\/pages\/136687","targetHints":{"allow":["GET"]}}],"collection":[{"href":"https:\/\/kingarms.ee\/lt\/wp-json\/wp\/v2\/pages"}],"about":[{"href":"https:\/\/kingarms.ee\/lt\/wp-json\/wp\/v2\/types\/page"}],"author":[{"embeddable":true,"href":"https:\/\/kingarms.ee\/lt\/wp-json\/wp\/v2\/users\/10"}],"replies":[{"embeddable":true,"href":"https:\/\/kingarms.ee\/lt\/wp-json\/wp\/v2\/comments?post=136687"}],"version-history":[{"count":0,"href":"https:\/\/kingarms.ee\/lt\/wp-json\/wp\/v2\/pages\/136687\/revisions"}],"wp:attachment":[{"href":"https:\/\/kingarms.ee\/lt\/wp-json\/wp\/v2\/media?parent=136687"}],"curies":[{"name":"wp","href":"https:\/\/api.w.org\/{rel}","templated":true}]}}