{"id":136642,"date":"2024-10-15T16:13:33","date_gmt":"2024-11-02T11:38:16","guid":{"rendered":"https:\/\/kingarms.ee\/product\/airsoft-pistol-glock-17-vigor\/"},"modified":"2024-11-02T14:38:16","modified_gmt":"2024-11-02T11:38:16","slug":"airsoft-pustol-glock-17-vigor","status":"publish","type":"product","link":"https:\/\/kingarms.ee\/lt\/product\/airsoft-pustol-glock-17-vigor\/","title":{"rendered":"\u201eAirsoft Pistol Glock 17\u201c (Vigor)"},"content":{"rendered":"<p><img loading=\"lazy\" decoding=\"async\" class=\"alignnone size-full wp-image-136471\" src=\"https:\/\/kingarms.ee\/wp-content\/uploads\/2024\/10\/blowback-gas-pistol-with-knurled-grip-vg1-b.jpg\" alt=\"\" width=\"1000\" height=\"1000\" srcset=\"https:\/\/kingarms.ee\/wp-content\/uploads\/2024\/10\/blowback-gas-pistol-with-knurled-grip-vg1-b.jpg 1000w, https:\/\/kingarms.ee\/wp-content\/uploads\/2024\/10\/blowback-gas-pistol-with-knurled-grip-vg1-b-300x300.jpg 300w, https:\/\/kingarms.ee\/wp-content\/uploads\/2024\/10\/blowback-gas-pistol-with-knurled-grip-vg1-b-150x150.jpg 150w, https:\/\/kingarms.ee\/wp-content\/uploads\/2024\/10\/blowback-gas-pistol-with-knurled-grip-vg1-b-768x768.jpg 768w, https:\/\/kingarms.ee\/wp-content\/uploads\/2024\/10\/blowback-gas-pistol-with-knurled-grip-vg1-b-500x500.jpg 500w\" sizes=\"auto, (max-width: 1000px) 100vw, 1000px\" \/><\/p>\n","protected":false},"excerpt":{"rendered":"<p>Airsoft p\u00fcstol Glock 17 (Vigor)<\/p>\n<p>Tagasil\u00f6\u00f6giga Airsoft p\u00fcstol<br \/>\nPol\u00fcmeer korpusega ja metallist kelguga<br \/>\nSalve maht on 25 kuuli<br \/>\nSalve laadimine on Green Gas m\u00f5jul salve all<br \/>\nK\u00e4epide on libisvastase haardega<br \/>\nLaskmisv\u00f5imalus on ainult \u00fcksiklaskudega<br \/>\nPikkus 190mm<br \/>\nKaal 728g<br \/>\nMusta v\u00e4rv<\/p>\n","protected":false},"featured_media":136475,"template":"","meta":{"_acf_changed":false},"product_brand":[],"product_cat":[1138],"product_tag":[],"class_list":{"0":"post-136642","1":"product","2":"type-product","3":"status-publish","4":"has-post-thumbnail","6":"product_cat-airsoft-pistols","8":"first","9":"instock","10":"taxable","11":"shipping-taxable","12":"purchasable","13":"product-type-simple"},"acf":[],"_links":{"self":[{"href":"https:\/\/kingarms.ee\/lt\/wp-json\/wp\/v2\/product\/136642","targetHints":{"allow":["GET"]}}],"collection":[{"href":"https:\/\/kingarms.ee\/lt\/wp-json\/wp\/v2\/product"}],"about":[{"href":"https:\/\/kingarms.ee\/lt\/wp-json\/wp\/v2\/types\/product"}],"wp:featuredmedia":[{"embeddable":true,"href":"https:\/\/kingarms.ee\/lt\/wp-json\/wp\/v2\/media\/136475"}],"wp:attachment":[{"href":"https:\/\/kingarms.ee\/lt\/wp-json\/wp\/v2\/media?parent=136642"}],"wp:term":[{"taxonomy":"product_brand","embeddable":true,"href":"https:\/\/kingarms.ee\/lt\/wp-json\/wp\/v2\/product_brand?post=136642"},{"taxonomy":"product_cat","embeddable":true,"href":"https:\/\/kingarms.ee\/lt\/wp-json\/wp\/v2\/product_cat?post=136642"},{"taxonomy":"product_tag","embeddable":true,"href":"https:\/\/kingarms.ee\/lt\/wp-json\/wp\/v2\/product_tag?post=136642"}],"curies":[{"name":"wp","href":"https:\/\/api.w.org\/{rel}","templated":true}]}}