{"id":136703,"date":"2024-10-15T15:38:02","date_gmt":"2024-11-02T21:18:31","guid":{"rendered":"https:\/\/kingarms.ee\/product\/radijo-siustuvas-uv82-baofeng\/"},"modified":"2024-11-03T00:18:31","modified_gmt":"2024-11-02T21:18:31","slug":"raadiosaatja-uv82-baofeng-lt","status":"publish","type":"product","link":"https:\/\/kingarms.ee\/lt\/product\/raadiosaatja-uv82-baofeng-lt\/","title":{"rendered":"Radijo si\u0173stuvas UV82 (\u201eBaofeng\u201c)"},"content":{"rendered":"<p><img loading=\"lazy\" decoding=\"async\" class=\"alignnone size-full wp-image-136409\" src=\"https:\/\/kingarms.ee\/wp-content\/uploads\/2024\/10\/baofeng-dual-band-vhfuhf-fm-radio-bf-uv82.jpg\" alt=\"\" width=\"1000\" height=\"1000\" srcset=\"https:\/\/kingarms.ee\/wp-content\/uploads\/2024\/10\/baofeng-dual-band-vhfuhf-fm-radio-bf-uv82.jpg 1000w, https:\/\/kingarms.ee\/wp-content\/uploads\/2024\/10\/baofeng-dual-band-vhfuhf-fm-radio-bf-uv82-300x300.jpg 300w, https:\/\/kingarms.ee\/wp-content\/uploads\/2024\/10\/baofeng-dual-band-vhfuhf-fm-radio-bf-uv82-150x150.jpg 150w, https:\/\/kingarms.ee\/wp-content\/uploads\/2024\/10\/baofeng-dual-band-vhfuhf-fm-radio-bf-uv82-768x768.jpg 768w, https:\/\/kingarms.ee\/wp-content\/uploads\/2024\/10\/baofeng-dual-band-vhfuhf-fm-radio-bf-uv82-500x500.jpg 500w\" sizes=\"auto, (max-width: 1000px) 100vw, 1000px\" \/><\/p>\n","protected":false},"excerpt":{"rendered":"<p>Radijo si\u0173stuvas UV82 (BAOFENG) dviej\u0173 eilu\u010di\u0173 VHF\/UHF FM radijo du PTT: Leid\u017eia perduoti du skirtingus 128 kanal\u0173 da\u017enius<\/p>\n<p>Da\u017enio sritis: &#8211; VHF 136-174 MHz &#8211; UHF 400-520 MHz &#8211; FM 65-108MHz Da\u017enis: 2,5 kHz \/ 5 kHz \/ 6,25 kHz \/ 10 kHz \/ 12,5 kHz \/ 25 kHz \/ 30 kHz \/ 50 kHz \/ 50 kHz pirmyn i\u0161ankstinis galios galios fondo galios fondas : 5W &#8211; 1W<\/p>\n<p>Antenos var\u017ea: 50\u03a9 ap\u0161viestas LCD ekrano vir\u0161utin\u0117 LED ki\u0161enin\u0117 lemput\u0117 (fiksuota arba mirksin\u010dia lemput\u0117) yra su PTT ir \u201eClippers\u201c ir kod\u0117l kartu su rankiniu dir\u017eeliu, kartu su galiniu spaustuku<\/p>\n<p>Da\u017enio sritis: &#8211; VHF 136-174 MHAtskiros kabelio programuojami kompiuterio matmenys: 60 mm x 132 mm x 35 mm (284 mm su antena) Svoris: 238 g Li-Ion 7,4 V x 2800 mAh baterija ir stalo laivasERALDI M\u00dc\u00dcDAV KAABLIGA PROGRAMMEERITAV PC M\u00f5\u00f5dud: 60mm x 132mm x 35mm (284mm ANTENNIGA) KAAL: 238g Li-Ion 7,4 V x 2800 mAh AKU JA LAUALAADIJA KAASAS<\/p>\n","protected":false},"featured_media":136505,"template":"","meta":{"_acf_changed":false},"product_brand":[],"product_cat":[1269],"product_tag":[],"class_list":{"0":"post-136703","1":"product","2":"type-product","3":"status-publish","4":"has-post-thumbnail","6":"product_cat-imtuvai","8":"first","9":"instock","10":"taxable","11":"shipping-taxable","12":"purchasable","13":"product-type-simple"},"acf":[],"_links":{"self":[{"href":"https:\/\/kingarms.ee\/lt\/wp-json\/wp\/v2\/product\/136703","targetHints":{"allow":["GET"]}}],"collection":[{"href":"https:\/\/kingarms.ee\/lt\/wp-json\/wp\/v2\/product"}],"about":[{"href":"https:\/\/kingarms.ee\/lt\/wp-json\/wp\/v2\/types\/product"}],"wp:featuredmedia":[{"embeddable":true,"href":"https:\/\/kingarms.ee\/lt\/wp-json\/wp\/v2\/media\/136505"}],"wp:attachment":[{"href":"https:\/\/kingarms.ee\/lt\/wp-json\/wp\/v2\/media?parent=136703"}],"wp:term":[{"taxonomy":"product_brand","embeddable":true,"href":"https:\/\/kingarms.ee\/lt\/wp-json\/wp\/v2\/product_brand?post=136703"},{"taxonomy":"product_cat","embeddable":true,"href":"https:\/\/kingarms.ee\/lt\/wp-json\/wp\/v2\/product_cat?post=136703"},{"taxonomy":"product_tag","embeddable":true,"href":"https:\/\/kingarms.ee\/lt\/wp-json\/wp\/v2\/product_tag?post=136703"}],"curies":[{"name":"wp","href":"https:\/\/api.w.org\/{rel}","templated":true}]}}