{"id":136705,"date":"2024-10-15T15:33:28","date_gmt":"2024-10-15T12:33:28","guid":{"rendered":"https:\/\/kingarms.ee\/product\/radijo-siustuvas-uv5rh-baofeng\/"},"modified":"2024-11-03T00:25:34","modified_gmt":"2024-11-02T21:25:34","slug":"radijo-siustuvas-uv5rh-baofeng","status":"publish","type":"product","link":"https:\/\/kingarms.ee\/lt\/product\/radijo-siustuvas-uv5rh-baofeng\/","title":{"rendered":"Radijo si\u0173stuvas UV5RH (\u201eBaofeng\u201c)"},"content":{"rendered":"<p><img loading=\"lazy\" decoding=\"async\" class=\"alignnone size-full wp-image-136369\" src=\"https:\/\/kingarms.ee\/wp-content\/uploads\/2024\/10\/baofeng-dual-band-vhfuhf-amfm-radio-bf-uv5rh.jpg\" alt=\"\" width=\"1000\" height=\"1000\" srcset=\"https:\/\/kingarms.ee\/wp-content\/uploads\/2024\/10\/baofeng-dual-band-vhfuhf-amfm-radio-bf-uv5rh.jpg 1000w, https:\/\/kingarms.ee\/wp-content\/uploads\/2024\/10\/baofeng-dual-band-vhfuhf-amfm-radio-bf-uv5rh-300x300.jpg 300w, https:\/\/kingarms.ee\/wp-content\/uploads\/2024\/10\/baofeng-dual-band-vhfuhf-amfm-radio-bf-uv5rh-150x150.jpg 150w, https:\/\/kingarms.ee\/wp-content\/uploads\/2024\/10\/baofeng-dual-band-vhfuhf-amfm-radio-bf-uv5rh-768x768.jpg 768w, https:\/\/kingarms.ee\/wp-content\/uploads\/2024\/10\/baofeng-dual-band-vhfuhf-amfm-radio-bf-uv5rh-500x500.jpg 500w\" sizes=\"auto, (max-width: 1000px) 100vw, 1000px\" \/><\/p>\n","protected":false},"excerpt":{"rendered":"<p>Radijo si\u0173stuvas UV5RH (Baofeng) Du -Fetal VHF \/UHF ir AM \/FM radijas 999 Da\u017enio ploto kanalai: -FM 76-108MHz -AM 108-136MHz -VHF 136-174 MHz -UHF 400-520 MHz da\u017enis: 2,5 KHz \/ \/ 5 kHz \/ 5 kHz \/ 6,25 kHz \/ 10 kHz \/ 12,5 kHz \/ 20 kHz \/ 25 kHz \/ 50 kHz \/ 50 kHz i\u0161ankstinis galia: 5W &#8211; 1W lanks\u010dios antenos 210 mm antenos. \u201eLCD ekranas su akumuliatoriaus i\u0161saugojimo funkcija Vir\u0161utin\u0117 LED ki\u0161enin\u0117 lemput\u0117 (fiksuota arba mirksin\u010dia \u0161viesa) kartu su PTT ir\u201e Clippers \u201cir kod\u0117l lydimas rankinio laikiklio dir\u017eelis yra lydimas u\u017epakalinio spaustuko, parduodamo su kabelio programuojamais kompiuterio matmenimis: 60 mm x 135 mm x 40 mm svoris: 305 g Li-Ion 7,4 V x 2500 mAh baterija ir darbalaukis kartu su antklotu, taip pat su juodos spalvos USB-C kabeliu<\/p>\n","protected":false},"featured_media":136559,"template":"","meta":{"_acf_changed":false},"product_brand":[],"product_cat":[1269],"product_tag":[],"class_list":{"0":"post-136705","1":"product","2":"type-product","3":"status-publish","4":"has-post-thumbnail","6":"product_cat-imtuvai","8":"first","9":"outofstock","10":"taxable","11":"shipping-taxable","12":"purchasable","13":"product-type-simple"},"acf":[],"_links":{"self":[{"href":"https:\/\/kingarms.ee\/lt\/wp-json\/wp\/v2\/product\/136705","targetHints":{"allow":["GET"]}}],"collection":[{"href":"https:\/\/kingarms.ee\/lt\/wp-json\/wp\/v2\/product"}],"about":[{"href":"https:\/\/kingarms.ee\/lt\/wp-json\/wp\/v2\/types\/product"}],"wp:featuredmedia":[{"embeddable":true,"href":"https:\/\/kingarms.ee\/lt\/wp-json\/wp\/v2\/media\/136559"}],"wp:attachment":[{"href":"https:\/\/kingarms.ee\/lt\/wp-json\/wp\/v2\/media?parent=136705"}],"wp:term":[{"taxonomy":"product_brand","embeddable":true,"href":"https:\/\/kingarms.ee\/lt\/wp-json\/wp\/v2\/product_brand?post=136705"},{"taxonomy":"product_cat","embeddable":true,"href":"https:\/\/kingarms.ee\/lt\/wp-json\/wp\/v2\/product_cat?post=136705"},{"taxonomy":"product_tag","embeddable":true,"href":"https:\/\/kingarms.ee\/lt\/wp-json\/wp\/v2\/product_tag?post=136705"}],"curies":[{"name":"wp","href":"https:\/\/api.w.org\/{rel}","templated":true}]}}