{"id":136706,"date":"2024-10-15T15:27:52","date_gmt":"2024-11-03T07:07:44","guid":{"rendered":"https:\/\/kingarms.ee\/product\/radijo-siustuvas-uv5r-camo-baofeng\/"},"modified":"2024-11-03T10:07:44","modified_gmt":"2024-11-03T07:07:44","slug":"radijo-siustuvas-uv5r-camo-baofeng","status":"publish","type":"product","link":"https:\/\/kingarms.ee\/lt\/product\/radijo-siustuvas-uv5r-camo-baofeng\/","title":{"rendered":"Radijo si\u0173stuvas \u201eUV5R-Camo\u201c (\u201eBaofeng\u201c)"},"content":{"rendered":"<p><img loading=\"lazy\" decoding=\"async\" class=\"alignnone size-full wp-image-136341\" src=\"https:\/\/kingarms.ee\/wp-content\/uploads\/2024\/10\/baofeng-dual-band-vhfuhf-fm-radio-camo-bf-uv5r-camo.jpg\" alt=\"\" width=\"1000\" height=\"1000\" srcset=\"https:\/\/kingarms.ee\/wp-content\/uploads\/2024\/10\/baofeng-dual-band-vhfuhf-fm-radio-camo-bf-uv5r-camo.jpg 1000w, https:\/\/kingarms.ee\/wp-content\/uploads\/2024\/10\/baofeng-dual-band-vhfuhf-fm-radio-camo-bf-uv5r-camo-300x300.jpg 300w, https:\/\/kingarms.ee\/wp-content\/uploads\/2024\/10\/baofeng-dual-band-vhfuhf-fm-radio-camo-bf-uv5r-camo-150x150.jpg 150w, https:\/\/kingarms.ee\/wp-content\/uploads\/2024\/10\/baofeng-dual-band-vhfuhf-fm-radio-camo-bf-uv5r-camo-768x768.jpg 768w, https:\/\/kingarms.ee\/wp-content\/uploads\/2024\/10\/baofeng-dual-band-vhfuhf-fm-radio-camo-bf-uv5r-camo-500x500.jpg 500w\" sizes=\"auto, (max-width: 1000px) 100vw, 1000px\" \/><\/p>\n","protected":false},"excerpt":{"rendered":"<p>Radijo si\u0173stuvas \u201eUV5R-Camo\u201c (Baofeng) Dviej\u0173 eilu\u010di\u0173 VHF\/UHF FM radijo 128 kanalai<\/p>\n<p>Da\u017enio sritis: &#8211; VHF 136-174 MHz &#8211; UHF 400-480 MHz &#8211; FM 65-108MHz Da\u017enis: 2,5 kHz \/ 5 kHz \/ 6,25 kHz \/ 10 kHz \/ 10 kHz \/ 12,5 kHz \/ 25 kHz \u012f priek\u012f: 4W &#8211; 1W 1W 1W 1W 1W 1W 1W 1W 1W 1W<\/p>\n<p>Antenos var\u017ea: 50\u03a9 akumuliatorius su taupymo funkcija ap\u0161viesta skyst\u0173j\u0173 kristal\u0173 ekrano vir\u0161utin\u0117 LED ki\u0161en\u0117s lemput\u0117 (fiksuota arba mirksin\u010dia \u0161viesa), lydima PTT ir \u201eClippers\u201c ir kod\u0117l kartu su rankiniu dir\u017eeliu, lydimu galiniu spaustuku<\/p>\n<p>Atskiros kabelio programuojami kompiuterio matmenys: 58 mm x 110 mm x 32 mm Svoris: 130 g Li-Ion 7,4 V x 1800 mAh baterija ir stalo laivas<\/p>\n<p>Kamuflia\u017eo versija<\/p>\n","protected":false},"featured_media":136565,"template":"","meta":{"_acf_changed":false},"product_brand":[],"product_cat":[1269],"product_tag":[],"class_list":{"0":"post-136706","1":"product","2":"type-product","3":"status-publish","4":"has-post-thumbnail","6":"product_cat-imtuvai","8":"first","9":"instock","10":"taxable","11":"shipping-taxable","12":"purchasable","13":"product-type-simple"},"acf":[],"_links":{"self":[{"href":"https:\/\/kingarms.ee\/lt\/wp-json\/wp\/v2\/product\/136706","targetHints":{"allow":["GET"]}}],"collection":[{"href":"https:\/\/kingarms.ee\/lt\/wp-json\/wp\/v2\/product"}],"about":[{"href":"https:\/\/kingarms.ee\/lt\/wp-json\/wp\/v2\/types\/product"}],"wp:featuredmedia":[{"embeddable":true,"href":"https:\/\/kingarms.ee\/lt\/wp-json\/wp\/v2\/media\/136565"}],"wp:attachment":[{"href":"https:\/\/kingarms.ee\/lt\/wp-json\/wp\/v2\/media?parent=136706"}],"wp:term":[{"taxonomy":"product_brand","embeddable":true,"href":"https:\/\/kingarms.ee\/lt\/wp-json\/wp\/v2\/product_brand?post=136706"},{"taxonomy":"product_cat","embeddable":true,"href":"https:\/\/kingarms.ee\/lt\/wp-json\/wp\/v2\/product_cat?post=136706"},{"taxonomy":"product_tag","embeddable":true,"href":"https:\/\/kingarms.ee\/lt\/wp-json\/wp\/v2\/product_tag?post=136706"}],"curies":[{"name":"wp","href":"https:\/\/api.w.org\/{rel}","templated":true}]}}