{"id":136708,"date":"2024-10-14T17:49:31","date_gmt":"2024-11-03T07:12:33","guid":{"rendered":"https:\/\/kingarms.ee\/product\/radijo-siustuvas-uv5r-baofeng\/"},"modified":"2024-11-03T10:12:33","modified_gmt":"2024-11-03T07:12:33","slug":"radijo-siustuvas-uv5r-baofeng","status":"publish","type":"product","link":"https:\/\/kingarms.ee\/lt\/product\/radijo-siustuvas-uv5r-baofeng\/","title":{"rendered":"Radijo si\u0173stuvas UV5R (\u201eBaofeng\u201c)"},"content":{"rendered":"<p><img loading=\"lazy\" decoding=\"async\" class=\"alignnone size-full wp-image-136307\" src=\"https:\/\/kingarms.ee\/wp-content\/uploads\/2024\/10\/baofeng-dual-band-vhfuhf-fm-radio-bf-uv5r.jpg\" alt=\"\" width=\"1000\" height=\"1000\" srcset=\"https:\/\/kingarms.ee\/wp-content\/uploads\/2024\/10\/baofeng-dual-band-vhfuhf-fm-radio-bf-uv5r.jpg 1000w, https:\/\/kingarms.ee\/wp-content\/uploads\/2024\/10\/baofeng-dual-band-vhfuhf-fm-radio-bf-uv5r-300x300.jpg 300w, https:\/\/kingarms.ee\/wp-content\/uploads\/2024\/10\/baofeng-dual-band-vhfuhf-fm-radio-bf-uv5r-150x150.jpg 150w, https:\/\/kingarms.ee\/wp-content\/uploads\/2024\/10\/baofeng-dual-band-vhfuhf-fm-radio-bf-uv5r-768x768.jpg 768w, https:\/\/kingarms.ee\/wp-content\/uploads\/2024\/10\/baofeng-dual-band-vhfuhf-fm-radio-bf-uv5r-500x500.jpg 500w\" sizes=\"auto, (max-width: 1000px) 100vw, 1000px\" \/><\/p>\n","protected":false},"excerpt":{"rendered":"<p>Radijo si\u0173stuvas UV5R (Baofeng) Dviej\u0173 eilu\u010di\u0173 VHF \/ UHF FM radijo 128 Da\u017enio ploto kanalai: -VHF 136-174 \/ 10 kHz \/ 10 kHz \/ 12,5 kHz \/ 25 kHz Perdavimo galia: 5W &#8211; 1W antenos var\u017ea: 50\u03a9 akumuliatoriaus taupymas LCD ekrano vir\u0161utin\u0117 LED ki\u0161en\u0117s lemput\u0117 (fiksuota arba mirksin\u010dia \u0161viesa) su PTT ir \u201eClippers\u201c ir kod\u0117l rankinis dir\u017eelis apima u\u017epakalin\u012f spaustuk\u0105 su u\u017epakaliniu spaustu Atskiras laidas, kur\u012f reikia programuoti.<\/p>\n","protected":false},"featured_media":136553,"template":"","meta":{"_acf_changed":false},"product_brand":[],"product_cat":[1269],"product_tag":[],"class_list":{"0":"post-136708","1":"product","2":"type-product","3":"status-publish","4":"has-post-thumbnail","6":"product_cat-imtuvai","8":"first","9":"instock","10":"taxable","11":"shipping-taxable","12":"purchasable","13":"product-type-simple"},"acf":[],"_links":{"self":[{"href":"https:\/\/kingarms.ee\/lt\/wp-json\/wp\/v2\/product\/136708","targetHints":{"allow":["GET"]}}],"collection":[{"href":"https:\/\/kingarms.ee\/lt\/wp-json\/wp\/v2\/product"}],"about":[{"href":"https:\/\/kingarms.ee\/lt\/wp-json\/wp\/v2\/types\/product"}],"wp:featuredmedia":[{"embeddable":true,"href":"https:\/\/kingarms.ee\/lt\/wp-json\/wp\/v2\/media\/136553"}],"wp:attachment":[{"href":"https:\/\/kingarms.ee\/lt\/wp-json\/wp\/v2\/media?parent=136708"}],"wp:term":[{"taxonomy":"product_brand","embeddable":true,"href":"https:\/\/kingarms.ee\/lt\/wp-json\/wp\/v2\/product_brand?post=136708"},{"taxonomy":"product_cat","embeddable":true,"href":"https:\/\/kingarms.ee\/lt\/wp-json\/wp\/v2\/product_cat?post=136708"},{"taxonomy":"product_tag","embeddable":true,"href":"https:\/\/kingarms.ee\/lt\/wp-json\/wp\/v2\/product_tag?post=136708"}],"curies":[{"name":"wp","href":"https:\/\/api.w.org\/{rel}","templated":true}]}}