{"id":136710,"date":"2024-10-14T17:41:29","date_gmt":"2024-11-03T07:19:28","guid":{"rendered":"https:\/\/kingarms.ee\/product\/radijo-siustuvas-uv5plus-baofeng\/"},"modified":"2024-11-03T10:19:28","modified_gmt":"2024-11-03T07:19:28","slug":"radijo-siustuvas-uv5plus-baofeng","status":"publish","type":"product","link":"https:\/\/kingarms.ee\/lt\/product\/radijo-siustuvas-uv5plus-baofeng\/","title":{"rendered":"Radijo si\u0173stuvas \u201eUV5Plus\u201c (\u201eBaofeng\u201c)"},"content":{"rendered":"<p><img loading=\"lazy\" decoding=\"async\" class=\"alignnone size-full wp-image-136273\" src=\"https:\/\/kingarms.ee\/wp-content\/uploads\/2024\/10\/baofeng-dual-band-vhfuhf-fm-radio-upgraded-version-orange-bf-uv5plus.jpg\" alt=\"\" width=\"1000\" height=\"1000\" srcset=\"https:\/\/kingarms.ee\/wp-content\/uploads\/2024\/10\/baofeng-dual-band-vhfuhf-fm-radio-upgraded-version-orange-bf-uv5plus.jpg 1000w, https:\/\/kingarms.ee\/wp-content\/uploads\/2024\/10\/baofeng-dual-band-vhfuhf-fm-radio-upgraded-version-orange-bf-uv5plus-300x300.jpg 300w, https:\/\/kingarms.ee\/wp-content\/uploads\/2024\/10\/baofeng-dual-band-vhfuhf-fm-radio-upgraded-version-orange-bf-uv5plus-150x150.jpg 150w, https:\/\/kingarms.ee\/wp-content\/uploads\/2024\/10\/baofeng-dual-band-vhfuhf-fm-radio-upgraded-version-orange-bf-uv5plus-768x768.jpg 768w, https:\/\/kingarms.ee\/wp-content\/uploads\/2024\/10\/baofeng-dual-band-vhfuhf-fm-radio-upgraded-version-orange-bf-uv5plus-500x500.jpg 500w\" sizes=\"auto, (max-width: 1000px) 100vw, 1000px\" \/><\/p>\n","protected":false},"excerpt":{"rendered":"<p>Radijo si\u0173stuvas \u201eUV5Plus\u201c (\u201eBaofeng\u201c) Dviej\u0173 fon\u0173 VHF\/UHF FM radijas atnaujino 128 versijos kanalus<\/p>\n<p>Da\u017enio sritis: &#8211; VHF 136-174 MHz &#8211; UHF 400-520 MHz &#8211; FM 65-108MHz Da\u017enis: 2,5 kHz \/ 5 kHz \/ 6,25 kHz \/ 10 kHz \/ 12,5 kHz \/ 25 kHz \u012f priek\u012f: 5W &#8211; 1W 1W 1W AntNA \u012evov\u0117 Mikrofono stebuklas: 600\u03a9 Baterijos ap\u0161viestas skyst\u0173j\u0173 kristal\u0173 ekranas 2x antena (120 mm ir 165 mm) Vir\u0161u<\/p>\n<p>Atskirai parduodami programuojami kompiuteri\u0173 vandens ir dulki\u0173 klinika (IP67) Matmenys: 55 mm x 130 mm x 35 mm (282 mm su antena) Svoris: 250 g Li-Ion 8,4 V x 1800 mAh baterija ir darbalaukis<\/p>\n","protected":false},"featured_media":136547,"template":"","meta":{"_acf_changed":false},"product_brand":[],"product_cat":[1269],"product_tag":[],"class_list":{"0":"post-136710","1":"product","2":"type-product","3":"status-publish","4":"has-post-thumbnail","6":"product_cat-imtuvai","8":"first","9":"instock","10":"taxable","11":"shipping-taxable","12":"purchasable","13":"product-type-simple"},"acf":[],"_links":{"self":[{"href":"https:\/\/kingarms.ee\/lt\/wp-json\/wp\/v2\/product\/136710","targetHints":{"allow":["GET"]}}],"collection":[{"href":"https:\/\/kingarms.ee\/lt\/wp-json\/wp\/v2\/product"}],"about":[{"href":"https:\/\/kingarms.ee\/lt\/wp-json\/wp\/v2\/types\/product"}],"wp:featuredmedia":[{"embeddable":true,"href":"https:\/\/kingarms.ee\/lt\/wp-json\/wp\/v2\/media\/136547"}],"wp:attachment":[{"href":"https:\/\/kingarms.ee\/lt\/wp-json\/wp\/v2\/media?parent=136710"}],"wp:term":[{"taxonomy":"product_brand","embeddable":true,"href":"https:\/\/kingarms.ee\/lt\/wp-json\/wp\/v2\/product_brand?post=136710"},{"taxonomy":"product_cat","embeddable":true,"href":"https:\/\/kingarms.ee\/lt\/wp-json\/wp\/v2\/product_cat?post=136710"},{"taxonomy":"product_tag","embeddable":true,"href":"https:\/\/kingarms.ee\/lt\/wp-json\/wp\/v2\/product_tag?post=136710"}],"curies":[{"name":"wp","href":"https:\/\/api.w.org\/{rel}","templated":true}]}}