{"id":136718,"date":"2024-10-15T15:49:35","date_gmt":"2024-11-03T07:34:52","guid":{"rendered":"https:\/\/kingarms.ee\/product\/radijo-siustuvas-uvs9-baofeng\/"},"modified":"2024-11-03T10:34:52","modified_gmt":"2024-11-03T07:34:52","slug":"radijo-siustuvas-uvs9-baofeng","status":"publish","type":"product","link":"https:\/\/kingarms.ee\/lt\/product\/radijo-siustuvas-uvs9-baofeng\/","title":{"rendered":"Radijo si\u0173stuvas UVS9 (\u201eBaofeng\u201c)"},"content":{"rendered":"<p><img loading=\"lazy\" decoding=\"async\" class=\"alignnone size-full wp-image-136443\" src=\"https:\/\/kingarms.ee\/wp-content\/uploads\/2024\/10\/baofeng-dual-band-vhfuhf-radio-bf-uvs9.jpg\" alt=\"\" width=\"1000\" height=\"1000\" srcset=\"https:\/\/kingarms.ee\/wp-content\/uploads\/2024\/10\/baofeng-dual-band-vhfuhf-radio-bf-uvs9.jpg 1000w, https:\/\/kingarms.ee\/wp-content\/uploads\/2024\/10\/baofeng-dual-band-vhfuhf-radio-bf-uvs9-300x300.jpg 300w, https:\/\/kingarms.ee\/wp-content\/uploads\/2024\/10\/baofeng-dual-band-vhfuhf-radio-bf-uvs9-150x150.jpg 150w, https:\/\/kingarms.ee\/wp-content\/uploads\/2024\/10\/baofeng-dual-band-vhfuhf-radio-bf-uvs9-768x768.jpg 768w, https:\/\/kingarms.ee\/wp-content\/uploads\/2024\/10\/baofeng-dual-band-vhfuhf-radio-bf-uvs9-500x500.jpg 500w\" sizes=\"auto, (max-width: 1000px) 100vw, 1000px\" \/><\/p>\n","protected":false},"excerpt":{"rendered":"<p>Radijo si\u0173stuvas \u201eUVS9\u201c (\u201eBaofeng\u201c) Dviej\u0173 \u0161ar\u0173 VHF\/UHF radijas<br \/>\n128 kanalai<br \/>\nDa\u017enis:<br \/>\n&#8211; VHF 136-174 MHz<br \/>\n&#8211; UHF 400-520 MHz<br \/>\n\u012e priek\u012f galia: 8W &#8211; 1W<br \/>\nLCD ekranas su akumuliatoriaus i\u0161saugojimo funkcija<br \/>\nVir\u0161utin\u0117 LED ki\u0161en\u0117s lempa (fiksuota arba mirksin\u010dia \u0161viesa)<br \/>\nLydimas PTT ir Klipari ir kod\u0117l<br \/>\nAteina su rankiniu dir\u017eeliu<br \/>\nAteina su galiniu spaustuku<br \/>\nPARDUOTUVI<br \/>\nMatmenys: 58 mm x 110 mm x 32 mm (be antenos)<br \/>\nSvoris: 160 g<br \/>\nLi-Ion 7,4 V x 2000 mAh baterija ir lent\u0173 nus\u0117dimas<br \/>\nJuodas<\/p>\n","protected":false},"featured_media":136499,"template":"","meta":{"_acf_changed":false},"product_brand":[],"product_cat":[1269],"product_tag":[],"class_list":{"0":"post-136718","1":"product","2":"type-product","3":"status-publish","4":"has-post-thumbnail","6":"product_cat-imtuvai","8":"first","9":"instock","10":"taxable","11":"shipping-taxable","12":"purchasable","13":"product-type-simple"},"acf":[],"_links":{"self":[{"href":"https:\/\/kingarms.ee\/lt\/wp-json\/wp\/v2\/product\/136718","targetHints":{"allow":["GET"]}}],"collection":[{"href":"https:\/\/kingarms.ee\/lt\/wp-json\/wp\/v2\/product"}],"about":[{"href":"https:\/\/kingarms.ee\/lt\/wp-json\/wp\/v2\/types\/product"}],"wp:featuredmedia":[{"embeddable":true,"href":"https:\/\/kingarms.ee\/lt\/wp-json\/wp\/v2\/media\/136499"}],"wp:attachment":[{"href":"https:\/\/kingarms.ee\/lt\/wp-json\/wp\/v2\/media?parent=136718"}],"wp:term":[{"taxonomy":"product_brand","embeddable":true,"href":"https:\/\/kingarms.ee\/lt\/wp-json\/wp\/v2\/product_brand?post=136718"},{"taxonomy":"product_cat","embeddable":true,"href":"https:\/\/kingarms.ee\/lt\/wp-json\/wp\/v2\/product_cat?post=136718"},{"taxonomy":"product_tag","embeddable":true,"href":"https:\/\/kingarms.ee\/lt\/wp-json\/wp\/v2\/product_tag?post=136718"}],"curies":[{"name":"wp","href":"https:\/\/api.w.org\/{rel}","templated":true}]}}