{"id":136726,"date":"2024-08-13T19:04:47","date_gmt":"2024-08-13T16:04:47","guid":{"rendered":"https:\/\/kingarms.ee\/product\/zaibo-laikrodzio-kvarco-metalas\/"},"modified":"2024-11-03T16:43:50","modified_gmt":"2024-11-03T13:43:50","slug":"baltymu-auklu-kvarco-metalas","status":"publish","type":"product","link":"https:\/\/kingarms.ee\/lt\/product\/baltymu-auklu-kvarco-metalas\/","title":{"rendered":"\u017daibo\/laikrod\u017eio (kvarco) metalas"},"content":{"rendered":"<p><img loading=\"lazy\" decoding=\"async\" class=\"alignnone size-full wp-image-102366\" src=\"https:\/\/kingarms.ee\/wp-content\/uploads\/2024\/08\/20240813_185723-removebg-preview.png\" alt=\"\" width=\"433\" height=\"577\" srcset=\"https:\/\/kingarms.ee\/wp-content\/uploads\/2024\/08\/20240813_185723-removebg-preview.png 433w, https:\/\/kingarms.ee\/wp-content\/uploads\/2024\/08\/20240813_185723-removebg-preview-225x300.png 225w, https:\/\/kingarms.ee\/wp-content\/uploads\/2024\/08\/20240813_185723-removebg-preview-150x200.png 150w\" sizes=\"auto, (max-width: 433px) 100vw, 433px\" \/><\/p>\n","protected":false},"excerpt":{"rendered":"<p>Lengvesnis\/laikrod\u017eio (kvarco) metalas su labai gra\u017eia i\u0161vaizda ir auk\u0161tos kokyb\u0117s \u017eaibas. Auk\u0161tos kokyb\u0117s metalas pagamintas be v\u0117jo yra puikiai tinka dovanai<\/p>\n","protected":false},"featured_media":135854,"template":"","meta":{"_acf_changed":false},"product_brand":[],"product_cat":[1263,1274],"product_tag":[],"class_list":{"0":"post-136726","1":"product","2":"type-product","3":"status-publish","4":"has-post-thumbnail","6":"product_cat-kelioniu-prekes","7":"product_cat-kita-lt","9":"first","10":"instock","11":"taxable","12":"shipping-taxable","13":"purchasable","14":"product-type-simple"},"acf":[],"_links":{"self":[{"href":"https:\/\/kingarms.ee\/lt\/wp-json\/wp\/v2\/product\/136726","targetHints":{"allow":["GET"]}}],"collection":[{"href":"https:\/\/kingarms.ee\/lt\/wp-json\/wp\/v2\/product"}],"about":[{"href":"https:\/\/kingarms.ee\/lt\/wp-json\/wp\/v2\/types\/product"}],"wp:featuredmedia":[{"embeddable":true,"href":"https:\/\/kingarms.ee\/lt\/wp-json\/wp\/v2\/media\/135854"}],"wp:attachment":[{"href":"https:\/\/kingarms.ee\/lt\/wp-json\/wp\/v2\/media?parent=136726"}],"wp:term":[{"taxonomy":"product_brand","embeddable":true,"href":"https:\/\/kingarms.ee\/lt\/wp-json\/wp\/v2\/product_brand?post=136726"},{"taxonomy":"product_cat","embeddable":true,"href":"https:\/\/kingarms.ee\/lt\/wp-json\/wp\/v2\/product_cat?post=136726"},{"taxonomy":"product_tag","embeddable":true,"href":"https:\/\/kingarms.ee\/lt\/wp-json\/wp\/v2\/product_tag?post=136726"}],"curies":[{"name":"wp","href":"https:\/\/api.w.org\/{rel}","templated":true}]}}