{"id":136728,"date":"2024-08-12T15:30:07","date_gmt":"2024-08-12T12:30:07","guid":{"rendered":"https:\/\/kingarms.ee\/product\/pipiru-purskimo-dviguba-pakuote-2-vnt-x-60ml\/"},"modified":"2024-11-03T16:47:20","modified_gmt":"2024-11-03T13:47:20","slug":"peppergase-dual-pack-2tk-x-60ml","status":"publish","type":"product","link":"https:\/\/kingarms.ee\/lt\/product\/peppergase-dual-pack-2tk-x-60ml\/","title":{"rendered":"Pipir\u0173 pur\u0161kimo dviguba pakuot\u0117 (2 vnt x 60ml)"},"content":{"rendered":"<p><img loading=\"lazy\" decoding=\"async\" class=\"alignnone size-full wp-image-102346\" src=\"https:\/\/kingarms.ee\/wp-content\/uploads\/2024\/08\/s-pdpxl.jpg\" alt=\"\" width=\"459\" height=\"459\" srcset=\"https:\/\/kingarms.ee\/wp-content\/uploads\/2024\/08\/s-pdpxl.jpg 459w, https:\/\/kingarms.ee\/wp-content\/uploads\/2024\/08\/s-pdpxl-300x300.jpg 300w, https:\/\/kingarms.ee\/wp-content\/uploads\/2024\/08\/s-pdpxl-150x150.jpg 150w\" sizes=\"auto, (max-width: 459px) 100vw, 459px\" \/><\/p>\n","protected":false},"excerpt":{"rendered":"<p>Pipir\u0173 duj\u0173 dviguba pakuot\u0117 (2 vnt x 60 ml) Pipir\u0173 pur\u0161kiklis NATO \u017ealia (2 vnt x 60 ml) Vienas stipriausi\u0173 pipir\u0173 pipir\u0173 rinkoje. Tinka naudoti patalpose.<\/p>\n","protected":false},"featured_media":135850,"template":"","meta":{"_acf_changed":false},"product_brand":[],"product_cat":[1254],"product_tag":[],"class_list":{"0":"post-136728","1":"product","2":"type-product","3":"status-publish","4":"has-post-thumbnail","6":"product_cat-pipiru-purskiklis","8":"first","9":"instock","10":"taxable","11":"shipping-taxable","12":"purchasable","13":"product-type-simple"},"acf":[],"_links":{"self":[{"href":"https:\/\/kingarms.ee\/lt\/wp-json\/wp\/v2\/product\/136728","targetHints":{"allow":["GET"]}}],"collection":[{"href":"https:\/\/kingarms.ee\/lt\/wp-json\/wp\/v2\/product"}],"about":[{"href":"https:\/\/kingarms.ee\/lt\/wp-json\/wp\/v2\/types\/product"}],"wp:featuredmedia":[{"embeddable":true,"href":"https:\/\/kingarms.ee\/lt\/wp-json\/wp\/v2\/media\/135850"}],"wp:attachment":[{"href":"https:\/\/kingarms.ee\/lt\/wp-json\/wp\/v2\/media?parent=136728"}],"wp:term":[{"taxonomy":"product_brand","embeddable":true,"href":"https:\/\/kingarms.ee\/lt\/wp-json\/wp\/v2\/product_brand?post=136728"},{"taxonomy":"product_cat","embeddable":true,"href":"https:\/\/kingarms.ee\/lt\/wp-json\/wp\/v2\/product_cat?post=136728"},{"taxonomy":"product_tag","embeddable":true,"href":"https:\/\/kingarms.ee\/lt\/wp-json\/wp\/v2\/product_tag?post=136728"}],"curies":[{"name":"wp","href":"https:\/\/api.w.org\/{rel}","templated":true}]}}