{"id":136746,"date":"2024-04-09T23:02:37","date_gmt":"2024-11-05T09:35:29","guid":{"rendered":"https:\/\/kingarms.ee\/product\/saugus-saunamojo-ginklo-umarex\/"},"modified":"2024-11-05T12:35:29","modified_gmt":"2024-11-05T09:35:29","slug":"saugus-tarvale-uumarex","status":"publish","type":"product","link":"https:\/\/kingarms.ee\/lt\/product\/saugus-tarvale-uumarex\/","title":{"rendered":"Saugus \u0161aunamojo ginklo (UMAREX)<br>"},"content":{"rendered":"<p><img loading=\"lazy\" decoding=\"async\" class=\"alignnone size-full wp-image-101020\" src=\"https:\/\/kingarms.ee\/wp-content\/uploads\/2024\/04\/kasetka-na-pieniadze-umarex-safety-box-l-61d0cecfab3d4abd91d345cded80c5d8-b5e9d8ca.jpeg\" alt=\"\" width=\"900\" height=\"900\" srcset=\"https:\/\/kingarms.ee\/wp-content\/uploads\/2024\/04\/kasetka-na-pieniadze-umarex-safety-box-l-61d0cecfab3d4abd91d345cded80c5d8-b5e9d8ca.jpeg 900w, https:\/\/kingarms.ee\/wp-content\/uploads\/2024\/04\/kasetka-na-pieniadze-umarex-safety-box-l-61d0cecfab3d4abd91d345cded80c5d8-b5e9d8ca-300x300.jpeg 300w, https:\/\/kingarms.ee\/wp-content\/uploads\/2024\/04\/kasetka-na-pieniadze-umarex-safety-box-l-61d0cecfab3d4abd91d345cded80c5d8-b5e9d8ca-150x150.jpeg 150w, https:\/\/kingarms.ee\/wp-content\/uploads\/2024\/04\/kasetka-na-pieniadze-umarex-safety-box-l-61d0cecfab3d4abd91d345cded80c5d8-b5e9d8ca-768x768.jpeg 768w, https:\/\/kingarms.ee\/wp-content\/uploads\/2024\/04\/kasetka-na-pieniadze-umarex-safety-box-l-61d0cecfab3d4abd91d345cded80c5d8-b5e9d8ca-500x500.jpeg 500w\" sizes=\"auto, (max-width: 900px) 100vw, 900px\" \/><\/p>\n","protected":false},"excerpt":{"rendered":"<p>Saugus \u0161aunamojo ginklo (UMAREX) 1 atidarymo metodas: kodas. Saugumas yra pagamintas i\u0161 auk\u0161tos kokyb\u0117s plieno lentos, kuri u\u017etikrina b\u016bsto patvarum\u0105 d\u0117l traum\u0173. Vir\u0161utinis dangtelis yra pagamintas i\u0161 sm\u016bgio atsparaus plieno, u\u017etikrinan\u010dio apsaug\u0105 nuo gr\u0119\u017eimo, r\u016bd\u017ei\u0173 ir sukr\u0117tim\u0173. Nor\u0117dami i\u0161vengti rank\u0173 su\u017ealojim\u0173, dangtis atidaromas automati\u0161kai. Kritimas &#8211; saugus neatsidaro krentant. 2 tvirtinimo detal\u0117s: &#8211; Saugi su nuimamu stipriu plienine virve, padengta PVC plastiku. Tai puikus b\u016bdas pasiimti seif\u0105 su savimi \u012f vie\u0161but\u012f, biur\u0105, sporto sal\u0119 ar transport\u0105 automobilyje. Svarbiausia yra rasti saugi\u0105 viet\u0105 tai patvirtinti. Tai u\u017etikrina, kad j\u016bs\u0173 vertyb\u0117s neprarandamos ar pavogtos. &#8211; Seifo apa\u010dioje yra 2 priedai. Seifas yra su 2 inkaro var\u017etais. Idealiai tinka \u0161aunamuoju ginklu ar vertingam daikt\u0173 laikymui.<\/p>\n","protected":false},"featured_media":135293,"template":"","meta":{"_acf_changed":false},"product_brand":[],"product_cat":[1270],"product_tag":[],"class_list":{"0":"post-136746","1":"product","2":"type-product","3":"status-publish","4":"has-post-thumbnail","6":"product_cat-safes-lt","8":"first","9":"instock","10":"sale","11":"taxable","12":"shipping-taxable","13":"purchasable","14":"product-type-simple"},"acf":[],"_links":{"self":[{"href":"https:\/\/kingarms.ee\/lt\/wp-json\/wp\/v2\/product\/136746","targetHints":{"allow":["GET"]}}],"collection":[{"href":"https:\/\/kingarms.ee\/lt\/wp-json\/wp\/v2\/product"}],"about":[{"href":"https:\/\/kingarms.ee\/lt\/wp-json\/wp\/v2\/types\/product"}],"wp:featuredmedia":[{"embeddable":true,"href":"https:\/\/kingarms.ee\/lt\/wp-json\/wp\/v2\/media\/135293"}],"wp:attachment":[{"href":"https:\/\/kingarms.ee\/lt\/wp-json\/wp\/v2\/media?parent=136746"}],"wp:term":[{"taxonomy":"product_brand","embeddable":true,"href":"https:\/\/kingarms.ee\/lt\/wp-json\/wp\/v2\/product_brand?post=136746"},{"taxonomy":"product_cat","embeddable":true,"href":"https:\/\/kingarms.ee\/lt\/wp-json\/wp\/v2\/product_cat?post=136746"},{"taxonomy":"product_tag","embeddable":true,"href":"https:\/\/kingarms.ee\/lt\/wp-json\/wp\/v2\/product_tag?post=136746"}],"curies":[{"name":"wp","href":"https:\/\/api.w.org\/{rel}","templated":true}]}}