{"id":136749,"date":"2024-04-05T17:59:01","date_gmt":"2024-11-05T09:43:32","guid":{"rendered":"https:\/\/kingarms.ee\/product\/m4-elektrinis-tepalas-2000bb\/"},"modified":"2024-11-05T12:43:32","modified_gmt":"2024-11-05T09:43:32","slug":"m4-electric-eletment-2000bbs","status":"publish","type":"product","link":"https:\/\/kingarms.ee\/lt\/product\/m4-electric-eletment-2000bbs\/","title":{"rendered":"M4 elektrinis tepalas (2000BB)<br>"},"content":{"rendered":"<p><img loading=\"lazy\" decoding=\"async\" class=\"alignnone size-full wp-image-100971\" src=\"https:\/\/kingarms.ee\/wp-content\/uploads\/2024\/04\/0c6b8aae94b3c2321ecbc2403bb299e33ef207cb_1152225636_1.webp\" alt=\"\" width=\"800\" height=\"533\" srcset=\"https:\/\/kingarms.ee\/wp-content\/uploads\/2024\/04\/0c6b8aae94b3c2321ecbc2403bb299e33ef207cb_1152225636_1.webp 800w, https:\/\/kingarms.ee\/wp-content\/uploads\/2024\/04\/0c6b8aae94b3c2321ecbc2403bb299e33ef207cb_1152225636_1-300x200.webp 300w, https:\/\/kingarms.ee\/wp-content\/uploads\/2024\/04\/0c6b8aae94b3c2321ecbc2403bb299e33ef207cb_1152225636_1-768x512.webp 768w, https:\/\/kingarms.ee\/wp-content\/uploads\/2024\/04\/0c6b8aae94b3c2321ecbc2403bb299e33ef207cb_1152225636_1-500x333.webp 500w, https:\/\/kingarms.ee\/wp-content\/uploads\/2024\/04\/0c6b8aae94b3c2321ecbc2403bb299e33ef207cb_1152225636_1-150x100.webp 150w\" sizes=\"auto, (max-width: 800px) 100vw, 800px\" \/><\/p>\n","protected":false},"excerpt":{"rendered":"<p>2000 m. \u201eBB\u201c elektrinis tepalas M4 \u201eAirSoft\u201c ginklai, skirti polimero tepalui, kuriame yra iki 2000 BBS, yra skirtas naudoti su M4 \/ M16 kopijomis. Virpelyje yra \u012frengtas elektrinis BB sukimosi mechanizmas, kur\u012f kontroliuoja jungiklis ant u\u017epakalin\u0117s d\u0117klo sienos. BB yra dedamas i\u0161 vir\u0161aus, kaip ir \u012fprastuose Hi-cap pad\u0117kluose. Maitinimo \u0161altinis yra 4 AAA baterijos (ne\u012ftrauktos).<\/p>\n","protected":false},"featured_media":135266,"template":"","meta":{"_acf_changed":false},"product_brand":[],"product_cat":[1199],"product_tag":[],"class_list":{"0":"post-136749","1":"product","2":"type-product","3":"status-publish","4":"has-post-thumbnail","6":"product_cat-airsoft-lt","8":"first","9":"instock","10":"taxable","11":"shipping-taxable","12":"purchasable","13":"product-type-simple"},"acf":[],"_links":{"self":[{"href":"https:\/\/kingarms.ee\/lt\/wp-json\/wp\/v2\/product\/136749","targetHints":{"allow":["GET"]}}],"collection":[{"href":"https:\/\/kingarms.ee\/lt\/wp-json\/wp\/v2\/product"}],"about":[{"href":"https:\/\/kingarms.ee\/lt\/wp-json\/wp\/v2\/types\/product"}],"wp:featuredmedia":[{"embeddable":true,"href":"https:\/\/kingarms.ee\/lt\/wp-json\/wp\/v2\/media\/135266"}],"wp:attachment":[{"href":"https:\/\/kingarms.ee\/lt\/wp-json\/wp\/v2\/media?parent=136749"}],"wp:term":[{"taxonomy":"product_brand","embeddable":true,"href":"https:\/\/kingarms.ee\/lt\/wp-json\/wp\/v2\/product_brand?post=136749"},{"taxonomy":"product_cat","embeddable":true,"href":"https:\/\/kingarms.ee\/lt\/wp-json\/wp\/v2\/product_cat?post=136749"},{"taxonomy":"product_tag","embeddable":true,"href":"https:\/\/kingarms.ee\/lt\/wp-json\/wp\/v2\/product_tag?post=136749"}],"curies":[{"name":"wp","href":"https:\/\/api.w.org\/{rel}","templated":true}]}}