{"id":136751,"date":"2024-03-16T11:22:40","date_gmt":"2024-11-05T10:05:49","guid":{"rendered":"https:\/\/kingarms.ee\/product\/zygio-dusas-20-litru\/"},"modified":"2024-11-05T13:05:49","modified_gmt":"2024-11-05T10:05:49","slug":"zygiai-20-litru","status":"publish","type":"product","link":"https:\/\/kingarms.ee\/lt\/product\/zygiai-20-litru\/","title":{"rendered":"\u017dygio du\u0161as (20 litr\u0173)<br>"},"content":{"rendered":"<p><img loading=\"lazy\" decoding=\"async\" class=\"alignnone size-full wp-image-100755\" src=\"https:\/\/kingarms.ee\/wp-content\/uploads\/2024\/03\/3ed7420b3ce2ea13db44376df496c451.webp\" alt=\"\" width=\"787\" height=\"743\" srcset=\"https:\/\/kingarms.ee\/wp-content\/uploads\/2024\/03\/3ed7420b3ce2ea13db44376df496c451.webp 787w, https:\/\/kingarms.ee\/wp-content\/uploads\/2024\/03\/3ed7420b3ce2ea13db44376df496c451-300x283.webp 300w, https:\/\/kingarms.ee\/wp-content\/uploads\/2024\/03\/3ed7420b3ce2ea13db44376df496c451-768x725.webp 768w, https:\/\/kingarms.ee\/wp-content\/uploads\/2024\/03\/3ed7420b3ce2ea13db44376df496c451-500x472.webp 500w, https:\/\/kingarms.ee\/wp-content\/uploads\/2024\/03\/3ed7420b3ce2ea13db44376df496c451-150x142.webp 150w\" sizes=\"auto, (max-width: 787px) 100vw, 787px\" \/><\/p>\n","protected":false},"excerpt":{"rendered":"<p>Stiprus polivinilo chlorido vamzdelis: 100% polipropileno t\u016bris: 20 litr\u0173 &#8211; lankstus vamzdis, vo\u017etuvas ir du\u0161o galvut\u0117 &#8211; pakabinamas virvelis apie 2 m<\/p>\n<p>&nbsp;<\/p>\n","protected":false},"featured_media":135188,"template":"","meta":{"_acf_changed":false},"product_brand":[],"product_cat":[1263],"product_tag":[],"class_list":{"0":"post-136751","1":"product","2":"type-product","3":"status-publish","4":"has-post-thumbnail","6":"product_cat-kelioniu-prekes","8":"first","9":"instock","10":"taxable","11":"shipping-taxable","12":"purchasable","13":"product-type-simple"},"acf":[],"_links":{"self":[{"href":"https:\/\/kingarms.ee\/lt\/wp-json\/wp\/v2\/product\/136751","targetHints":{"allow":["GET"]}}],"collection":[{"href":"https:\/\/kingarms.ee\/lt\/wp-json\/wp\/v2\/product"}],"about":[{"href":"https:\/\/kingarms.ee\/lt\/wp-json\/wp\/v2\/types\/product"}],"wp:featuredmedia":[{"embeddable":true,"href":"https:\/\/kingarms.ee\/lt\/wp-json\/wp\/v2\/media\/135188"}],"wp:attachment":[{"href":"https:\/\/kingarms.ee\/lt\/wp-json\/wp\/v2\/media?parent=136751"}],"wp:term":[{"taxonomy":"product_brand","embeddable":true,"href":"https:\/\/kingarms.ee\/lt\/wp-json\/wp\/v2\/product_brand?post=136751"},{"taxonomy":"product_cat","embeddable":true,"href":"https:\/\/kingarms.ee\/lt\/wp-json\/wp\/v2\/product_cat?post=136751"},{"taxonomy":"product_tag","embeddable":true,"href":"https:\/\/kingarms.ee\/lt\/wp-json\/wp\/v2\/product_tag?post=136751"}],"curies":[{"name":"wp","href":"https:\/\/api.w.org\/{rel}","templated":true}]}}