{"id":136759,"date":"2024-03-09T20:07:37","date_gmt":"2024-11-05T10:40:49","guid":{"rendered":"https:\/\/kingarms.ee\/product\/airsoft-weapon-sa-f01-flex-specna-arms\/"},"modified":"2024-11-05T13:40:49","modified_gmt":"2024-11-05T10:40:49","slug":"airsoft-relv-sa-f01-flex-specna-aarms","status":"publish","type":"product","link":"https:\/\/kingarms.ee\/lt\/product\/airsoft-relv-sa-f01-flex-specna-aarms\/","title":{"rendered":"\u201eAirSoft Weapon SA-F01 Flex\u201c (\u201eSpecna Arms\u201c)<br>"},"content":{"rendered":"<p><img loading=\"lazy\" decoding=\"async\" class=\"alignnone size-full wp-image-100464\" src=\"https:\/\/kingarms.ee\/wp-content\/uploads\/2024\/03\/615def0c84b9b04ff89609e52e228b9a29d2acf1_1152231749_1.webp\" alt=\"\" width=\"2000\" height=\"1333\" srcset=\"https:\/\/kingarms.ee\/wp-content\/uploads\/2024\/03\/615def0c84b9b04ff89609e52e228b9a29d2acf1_1152231749_1.webp 2000w, https:\/\/kingarms.ee\/wp-content\/uploads\/2024\/03\/615def0c84b9b04ff89609e52e228b9a29d2acf1_1152231749_1-300x200.webp 300w, https:\/\/kingarms.ee\/wp-content\/uploads\/2024\/03\/615def0c84b9b04ff89609e52e228b9a29d2acf1_1152231749_1-1024x682.webp 1024w, https:\/\/kingarms.ee\/wp-content\/uploads\/2024\/03\/615def0c84b9b04ff89609e52e228b9a29d2acf1_1152231749_1-768x512.webp 768w, https:\/\/kingarms.ee\/wp-content\/uploads\/2024\/03\/615def0c84b9b04ff89609e52e228b9a29d2acf1_1152231749_1-1536x1024.webp 1536w, https:\/\/kingarms.ee\/wp-content\/uploads\/2024\/03\/615def0c84b9b04ff89609e52e228b9a29d2acf1_1152231749_1-500x333.webp 500w, https:\/\/kingarms.ee\/wp-content\/uploads\/2024\/03\/615def0c84b9b04ff89609e52e228b9a29d2acf1_1152231749_1-150x100.webp 150w\" sizes=\"auto, (max-width: 2000px) 100vw, 2000px\" \/><\/p>\n","protected":false},"excerpt":{"rendered":"<p>\u201eAirSoft Weapon SA-F01 Flex\u201c (\u201eSpecna Arms\u201c) Gamintojo \u201eSpecna\u201c ginkl\u0173 greitis<\/p>\n<p> [FPS]  370 Gearboxi versioon Gearbox v2 Tulistamis t\u00fc\u00fcp Poolautomaatne Laagrite l\u00e4bim\u00f5\u00f5t GB <\/p>\n<p> [mm]  8 Sisemise toru pikkus<br \/>\n [mm]  235 Salve maht<br \/>\n [tk]  300 Hop-Up Jah Kaasas aku: EI Keere t\u00fc\u00fcp 14mm CCW Kiire vedru vahetuse s\u00fcsteem: Jah Pistik T\u00fc\u00fcp Tamiya v\u00e4ike V\u00e4rvus Must Toote kaal [g] 2130 Materjal Plastik Minimaalne pikkus <\/p>\n<p> [mm]  650 Toote pikkus<br \/>\n [cm]  73,50 MOSFET\/ETU: EI Specna relvaliin FLEX\u2122 Toiteallikas Elektriline<\/p>\n","protected":false},"featured_media":135037,"template":"","meta":{"_acf_changed":false},"product_brand":[],"product_cat":[1139],"product_tag":[],"class_list":{"0":"post-136759","1":"product","2":"type-product","3":"status-publish","4":"has-post-thumbnail","6":"product_cat-elektro-pneumatiniai-ginklai","8":"first","9":"onbackorder","10":"taxable","11":"shipping-taxable","12":"product-type-simple"},"acf":[],"_links":{"self":[{"href":"https:\/\/kingarms.ee\/lt\/wp-json\/wp\/v2\/product\/136759","targetHints":{"allow":["GET"]}}],"collection":[{"href":"https:\/\/kingarms.ee\/lt\/wp-json\/wp\/v2\/product"}],"about":[{"href":"https:\/\/kingarms.ee\/lt\/wp-json\/wp\/v2\/types\/product"}],"wp:featuredmedia":[{"embeddable":true,"href":"https:\/\/kingarms.ee\/lt\/wp-json\/wp\/v2\/media\/135037"}],"wp:attachment":[{"href":"https:\/\/kingarms.ee\/lt\/wp-json\/wp\/v2\/media?parent=136759"}],"wp:term":[{"taxonomy":"product_brand","embeddable":true,"href":"https:\/\/kingarms.ee\/lt\/wp-json\/wp\/v2\/product_brand?post=136759"},{"taxonomy":"product_cat","embeddable":true,"href":"https:\/\/kingarms.ee\/lt\/wp-json\/wp\/v2\/product_cat?post=136759"},{"taxonomy":"product_tag","embeddable":true,"href":"https:\/\/kingarms.ee\/lt\/wp-json\/wp\/v2\/product_tag?post=136759"}],"curies":[{"name":"wp","href":"https:\/\/api.w.org\/{rel}","templated":true}]}}