{"id":136774,"date":"2024-02-29T19:39:21","date_gmt":"2024-11-05T11:42:05","guid":{"rendered":"https:\/\/kingarms.ee\/product\/miego-kilimelis-alyvuogiu-zalia-mil-tec\/"},"modified":"2024-11-05T14:42:05","modified_gmt":"2024-11-05T11:42:05","slug":"miego-kilimetes-alyvuogiu-zalios-mil-tec","status":"publish","type":"product","link":"https:\/\/kingarms.ee\/lt\/product\/miego-kilimetes-alyvuogiu-zalios-mil-tec\/","title":{"rendered":"Miego kilim\u0117lis, alyvuogi\u0173 \u017ealia (MIL-TEC)"},"content":{"rendered":"<p><img loading=\"lazy\" decoding=\"async\" class=\"alignnone size-full wp-image-98873\" src=\"https:\/\/kingarms.ee\/wp-content\/uploads\/2024\/02\/uniplast-magamismatt-oliivroheline.jpg\" alt=\"\" width=\"800\" height=\"800\" srcset=\"https:\/\/kingarms.ee\/wp-content\/uploads\/2024\/02\/uniplast-magamismatt-oliivroheline.jpg 800w, https:\/\/kingarms.ee\/wp-content\/uploads\/2024\/02\/uniplast-magamismatt-oliivroheline-300x300.jpg 300w, https:\/\/kingarms.ee\/wp-content\/uploads\/2024\/02\/uniplast-magamismatt-oliivroheline-150x150.jpg 150w, https:\/\/kingarms.ee\/wp-content\/uploads\/2024\/02\/uniplast-magamismatt-oliivroheline-768x768.jpg 768w, https:\/\/kingarms.ee\/wp-content\/uploads\/2024\/02\/uniplast-magamismatt-oliivroheline-500x500.jpg 500w\" sizes=\"auto, (max-width: 800px) 100vw, 800px\" \/><\/p>\n","protected":false},"excerpt":{"rendered":"<p>Matmenys: 180x50x0,7 cm svoris: 0,22 kg<\/p>\n<p>Lengvas ir kompakti\u0161kas miego kilim\u0117lis<\/p>\n","protected":false},"featured_media":134846,"template":"","meta":{"_acf_changed":false},"product_brand":[],"product_cat":[1263],"product_tag":[],"class_list":{"0":"post-136774","1":"product","2":"type-product","3":"status-publish","4":"has-post-thumbnail","6":"product_cat-kelioniu-prekes","8":"first","9":"instock","10":"taxable","11":"shipping-taxable","12":"purchasable","13":"product-type-simple"},"acf":[],"_links":{"self":[{"href":"https:\/\/kingarms.ee\/lt\/wp-json\/wp\/v2\/product\/136774","targetHints":{"allow":["GET"]}}],"collection":[{"href":"https:\/\/kingarms.ee\/lt\/wp-json\/wp\/v2\/product"}],"about":[{"href":"https:\/\/kingarms.ee\/lt\/wp-json\/wp\/v2\/types\/product"}],"wp:featuredmedia":[{"embeddable":true,"href":"https:\/\/kingarms.ee\/lt\/wp-json\/wp\/v2\/media\/134846"}],"wp:attachment":[{"href":"https:\/\/kingarms.ee\/lt\/wp-json\/wp\/v2\/media?parent=136774"}],"wp:term":[{"taxonomy":"product_brand","embeddable":true,"href":"https:\/\/kingarms.ee\/lt\/wp-json\/wp\/v2\/product_brand?post=136774"},{"taxonomy":"product_cat","embeddable":true,"href":"https:\/\/kingarms.ee\/lt\/wp-json\/wp\/v2\/product_cat?post=136774"},{"taxonomy":"product_tag","embeddable":true,"href":"https:\/\/kingarms.ee\/lt\/wp-json\/wp\/v2\/product_tag?post=136774"}],"curies":[{"name":"wp","href":"https:\/\/api.w.org\/{rel}","templated":true}]}}