{"id":136800,"date":"2024-02-24T13:52:23","date_gmt":"2024-11-05T12:07:24","guid":{"rendered":"https:\/\/kingarms.ee\/product\/isgyvenimo-svilpukas-kritiniu-atveju\/"},"modified":"2024-11-05T15:07:24","modified_gmt":"2024-11-05T12:07:24","slug":"haad-in-the-man-atveju","status":"publish","type":"product","link":"https:\/\/kingarms.ee\/lt\/product\/haad-in-the-man-atveju\/","title":{"rendered":"I\u0161gyvenimo \u0161vilpukas kritiniu atveju"},"content":{"rendered":"<p><img loading=\"lazy\" decoding=\"async\" class=\"alignnone size-full wp-image-98095\" src=\"https:\/\/kingarms.ee\/wp-content\/uploads\/2024\/02\/86fb04c7-8668-4df6-9456-f890b53722cf_1959x1959-ezgif.com-webp-to-png-converter.png\" alt=\"\" width=\"800\" height=\"800\" srcset=\"https:\/\/kingarms.ee\/wp-content\/uploads\/2024\/02\/86fb04c7-8668-4df6-9456-f890b53722cf_1959x1959-ezgif.com-webp-to-png-converter.png 800w, https:\/\/kingarms.ee\/wp-content\/uploads\/2024\/02\/86fb04c7-8668-4df6-9456-f890b53722cf_1959x1959-ezgif.com-webp-to-png-converter-300x300.png 300w, https:\/\/kingarms.ee\/wp-content\/uploads\/2024\/02\/86fb04c7-8668-4df6-9456-f890b53722cf_1959x1959-ezgif.com-webp-to-png-converter-150x150.png 150w, https:\/\/kingarms.ee\/wp-content\/uploads\/2024\/02\/86fb04c7-8668-4df6-9456-f890b53722cf_1959x1959-ezgif.com-webp-to-png-converter-768x768.png 768w, https:\/\/kingarms.ee\/wp-content\/uploads\/2024\/02\/86fb04c7-8668-4df6-9456-f890b53722cf_1959x1959-ezgif.com-webp-to-png-converter-500x500.png 500w\" sizes=\"auto, (max-width: 800px) 100vw, 800px\" \/><\/p>\n","protected":false},"excerpt":{"rendered":"<p>\u201e7-viename\u201c avarinio i\u0161gyvenimo \u0161vilpukas: daugiafunkcinis lauko \u012frankis baidar\u0117ms, valtis, \u017eygiai \u017eygiai, stovyklavimas, laipiojimas, med\u017eiokl\u0117, \u017evejyba ir gelb\u0117jimo darbai.<\/p>\n","protected":false},"featured_media":134802,"template":"","meta":{"_acf_changed":false},"product_brand":[],"product_cat":[1263],"product_tag":[],"class_list":{"0":"post-136800","1":"product","2":"type-product","3":"status-publish","4":"has-post-thumbnail","6":"product_cat-kelioniu-prekes","8":"first","9":"instock","10":"taxable","11":"shipping-taxable","12":"purchasable","13":"product-type-simple"},"acf":[],"_links":{"self":[{"href":"https:\/\/kingarms.ee\/lt\/wp-json\/wp\/v2\/product\/136800","targetHints":{"allow":["GET"]}}],"collection":[{"href":"https:\/\/kingarms.ee\/lt\/wp-json\/wp\/v2\/product"}],"about":[{"href":"https:\/\/kingarms.ee\/lt\/wp-json\/wp\/v2\/types\/product"}],"wp:featuredmedia":[{"embeddable":true,"href":"https:\/\/kingarms.ee\/lt\/wp-json\/wp\/v2\/media\/134802"}],"wp:attachment":[{"href":"https:\/\/kingarms.ee\/lt\/wp-json\/wp\/v2\/media?parent=136800"}],"wp:term":[{"taxonomy":"product_brand","embeddable":true,"href":"https:\/\/kingarms.ee\/lt\/wp-json\/wp\/v2\/product_brand?post=136800"},{"taxonomy":"product_cat","embeddable":true,"href":"https:\/\/kingarms.ee\/lt\/wp-json\/wp\/v2\/product_cat?post=136800"},{"taxonomy":"product_tag","embeddable":true,"href":"https:\/\/kingarms.ee\/lt\/wp-json\/wp\/v2\/product_tag?post=136800"}],"curies":[{"name":"wp","href":"https:\/\/api.w.org\/{rel}","templated":true}]}}