{"id":136823,"date":"2024-07-30T14:38:38","date_gmt":"2024-11-05T13:11:47","guid":{"rendered":"https:\/\/kingarms.ee\/product\/tactinis-krepsys-js-taktine\/"},"modified":"2024-11-05T16:11:47","modified_gmt":"2024-11-05T13:11:47","slug":"taktinis-bag-pilkos-js-taktinis","status":"publish","type":"product","link":"https:\/\/kingarms.ee\/lt\/product\/taktinis-bag-pilkos-js-taktinis\/","title":{"rendered":"Tactinis Krep\u0161ys JS Taktin\u0117"},"content":{"rendered":"<p><img loading=\"lazy\" decoding=\"async\" class=\"alignnone size-full wp-image-102144\" src=\"https:\/\/kingarms.ee\/wp-content\/uploads\/2024\/07\/js-tactical-tactical-duffle-bag-wolf-grey-js-1613g.jpg\" alt=\"\" width=\"1000\" height=\"1000\" srcset=\"https:\/\/kingarms.ee\/wp-content\/uploads\/2024\/07\/js-tactical-tactical-duffle-bag-wolf-grey-js-1613g.jpg 1000w, https:\/\/kingarms.ee\/wp-content\/uploads\/2024\/07\/js-tactical-tactical-duffle-bag-wolf-grey-js-1613g-300x300.jpg 300w, https:\/\/kingarms.ee\/wp-content\/uploads\/2024\/07\/js-tactical-tactical-duffle-bag-wolf-grey-js-1613g-150x150.jpg 150w, https:\/\/kingarms.ee\/wp-content\/uploads\/2024\/07\/js-tactical-tactical-duffle-bag-wolf-grey-js-1613g-768x768.jpg 768w, https:\/\/kingarms.ee\/wp-content\/uploads\/2024\/07\/js-tactical-tactical-duffle-bag-wolf-grey-js-1613g-500x500.jpg 500w\" sizes=\"auto, (max-width: 1000px) 100vw, 1000px\" \/><\/p>\n","protected":false},"excerpt":{"rendered":"<p>Taktinis krep\u0161ys pilka js taktin\u0117<\/p>\n<p>Auk\u0161tos kokyb\u0117s taktinis krep\u0161ys i\u0161 gamintojo \u201eJS Tactical\u201c<br \/>\nGali b\u016bti ne\u0161amas ir naudojamas kaip kuprin\u0117.<br \/>\n65 litr\u0173 talpa<br \/>\nU\u017eraktas<br \/>\n\u0160onin\u0117s ki\u0161en\u0117s<br \/>\n\u201eVelcro\u201c skydelis i\u0161 vienos pus\u0117s, kur galima pastatyti Estijos v\u0117liavos emblem\u0105<br \/>\nMatmenys 600 mm x 420 mm x 270 mm<br \/>\nSvoris 920 g<br \/>\nSpalva: tamsiai pilka<\/p>\n","protected":false},"featured_media":135752,"template":"","meta":{"_acf_changed":false},"product_brand":[],"product_cat":[1208,1243],"product_tag":[],"class_list":{"0":"post-136823","1":"product","2":"type-product","3":"status-publish","4":"has-post-thumbnail","6":"product_cat-atvejai-ir-krepsiai","7":"product_cat-kuprines","9":"first","10":"instock","11":"sale","12":"taxable","13":"shipping-taxable","14":"purchasable","15":"product-type-simple"},"acf":[],"_links":{"self":[{"href":"https:\/\/kingarms.ee\/lt\/wp-json\/wp\/v2\/product\/136823","targetHints":{"allow":["GET"]}}],"collection":[{"href":"https:\/\/kingarms.ee\/lt\/wp-json\/wp\/v2\/product"}],"about":[{"href":"https:\/\/kingarms.ee\/lt\/wp-json\/wp\/v2\/types\/product"}],"wp:featuredmedia":[{"embeddable":true,"href":"https:\/\/kingarms.ee\/lt\/wp-json\/wp\/v2\/media\/135752"}],"wp:attachment":[{"href":"https:\/\/kingarms.ee\/lt\/wp-json\/wp\/v2\/media?parent=136823"}],"wp:term":[{"taxonomy":"product_brand","embeddable":true,"href":"https:\/\/kingarms.ee\/lt\/wp-json\/wp\/v2\/product_brand?post=136823"},{"taxonomy":"product_cat","embeddable":true,"href":"https:\/\/kingarms.ee\/lt\/wp-json\/wp\/v2\/product_cat?post=136823"},{"taxonomy":"product_tag","embeddable":true,"href":"https:\/\/kingarms.ee\/lt\/wp-json\/wp\/v2\/product_tag?post=136823"}],"curies":[{"name":"wp","href":"https:\/\/api.w.org\/{rel}","templated":true}]}}