{"id":136826,"date":"2024-07-19T19:12:40","date_gmt":"2024-11-05T13:14:46","guid":{"rendered":"https:\/\/kingarms.ee\/product\/oro-shautasvas-pcp-kuzey-k900\/"},"modified":"2024-11-05T16:14:46","modified_gmt":"2024-11-05T13:14:46","slug":"gresme-pcp-kuzey-k900","status":"publish","type":"product","link":"https:\/\/kingarms.ee\/lt\/product\/gresme-pcp-kuzey-k900\/","title":{"rendered":"Oro Shautasvas PCP Kuzey K900"},"content":{"rendered":"<p><img loading=\"lazy\" decoding=\"async\" class=\"alignnone size-full wp-image-102078\" src=\"https:\/\/kingarms.ee\/wp-content\/uploads\/2024\/07\/eng_pl_Kuzey-K900-Tact-177-4-5mm-PCP-Air-Rifle-with-Sound-Moderator-121167_1.webp\" alt=\"\" width=\"1200\" height=\"1200\" srcset=\"https:\/\/kingarms.ee\/wp-content\/uploads\/2024\/07\/eng_pl_Kuzey-K900-Tact-177-4-5mm-PCP-Air-Rifle-with-Sound-Moderator-121167_1.webp 1200w, https:\/\/kingarms.ee\/wp-content\/uploads\/2024\/07\/eng_pl_Kuzey-K900-Tact-177-4-5mm-PCP-Air-Rifle-with-Sound-Moderator-121167_1-300x300.webp 300w, https:\/\/kingarms.ee\/wp-content\/uploads\/2024\/07\/eng_pl_Kuzey-K900-Tact-177-4-5mm-PCP-Air-Rifle-with-Sound-Moderator-121167_1-1024x1024.webp 1024w, https:\/\/kingarms.ee\/wp-content\/uploads\/2024\/07\/eng_pl_Kuzey-K900-Tact-177-4-5mm-PCP-Air-Rifle-with-Sound-Moderator-121167_1-150x150.webp 150w, https:\/\/kingarms.ee\/wp-content\/uploads\/2024\/07\/eng_pl_Kuzey-K900-Tact-177-4-5mm-PCP-Air-Rifle-with-Sound-Moderator-121167_1-768x768.webp 768w, https:\/\/kingarms.ee\/wp-content\/uploads\/2024\/07\/eng_pl_Kuzey-K900-Tact-177-4-5mm-PCP-Air-Rifle-with-Sound-Moderator-121167_1-500x500.webp 500w\" sizes=\"auto, (max-width: 1200px) 100vw, 1200px\" \/><\/p>\n","protected":false},"excerpt":{"rendered":"<p>\u201eKuzey\u201c yra visi\u0161kai naujas PCP oro \u0161autuvas Turkijoje. \u0160is modelis suteikia jums daug \u0161audymo su vienu \u012fdaru. Sulankstoma spintel\u0117 ir AR15 pistoleto rankena suteikia \u0161iam \u0161autuvui taktin\u012f vaizd\u0105. Sukra<br \/>\n\u2022 Vienas u\u017epild\u0117 iki 300 kadr\u0173<br \/>\n\u2022 Du pad\u0117klai<br \/>\n\u2022 Atsarginis oro balionas<br \/>\n\u2022 Bipodas<br \/>\n!  <\/p>\n","protected":false},"featured_media":135741,"template":"","meta":{"_acf_changed":false},"product_brand":[],"product_cat":[1146],"product_tag":[],"class_list":{"0":"post-136826","1":"product","2":"type-product","3":"status-publish","4":"has-post-thumbnail","6":"product_cat-pcp-hpa-lt","8":"first","9":"instock","10":"taxable","11":"shipping-taxable","12":"purchasable","13":"product-type-simple"},"acf":[],"_links":{"self":[{"href":"https:\/\/kingarms.ee\/lt\/wp-json\/wp\/v2\/product\/136826","targetHints":{"allow":["GET"]}}],"collection":[{"href":"https:\/\/kingarms.ee\/lt\/wp-json\/wp\/v2\/product"}],"about":[{"href":"https:\/\/kingarms.ee\/lt\/wp-json\/wp\/v2\/types\/product"}],"wp:featuredmedia":[{"embeddable":true,"href":"https:\/\/kingarms.ee\/lt\/wp-json\/wp\/v2\/media\/135741"}],"wp:attachment":[{"href":"https:\/\/kingarms.ee\/lt\/wp-json\/wp\/v2\/media?parent=136826"}],"wp:term":[{"taxonomy":"product_brand","embeddable":true,"href":"https:\/\/kingarms.ee\/lt\/wp-json\/wp\/v2\/product_brand?post=136826"},{"taxonomy":"product_cat","embeddable":true,"href":"https:\/\/kingarms.ee\/lt\/wp-json\/wp\/v2\/product_cat?post=136826"},{"taxonomy":"product_tag","embeddable":true,"href":"https:\/\/kingarms.ee\/lt\/wp-json\/wp\/v2\/product_tag?post=136826"}],"curies":[{"name":"wp","href":"https:\/\/api.w.org\/{rel}","templated":true}]}}