{"id":136827,"date":"2024-04-04T15:43:17","date_gmt":"2024-11-05T13:34:52","guid":{"rendered":"https:\/\/kingarms.ee\/product\/oro-shautuas-pcp-borner-puncher-nish-s-borner-siurblys\/"},"modified":"2024-11-05T16:34:52","modified_gmt":"2024-11-05T13:34:52","slug":"gresmes-pcp-borner-puncher-sish-s-borner-pump","status":"publish","type":"product","link":"https:\/\/kingarms.ee\/lt\/product\/gresmes-pcp-borner-puncher-sish-s-borner-pump\/","title":{"rendered":"Oro Shautuas PCP \u201eBorner Puncher Nish S + Borner\u201c Siurblys"},"content":{"rendered":"<p><img loading=\"lazy\" decoding=\"async\" class=\"alignnone size-full wp-image-100955\" src=\"https:\/\/kingarms.ee\/wp-content\/uploads\/2024\/04\/BornerPCPPuncherNishSkompressori_3950001289065_6cc758d223661ab107e04014054e7e4c_1.jpg\" alt=\"\" width=\"1080\" height=\"1080\" srcset=\"https:\/\/kingarms.ee\/wp-content\/uploads\/2024\/04\/BornerPCPPuncherNishSkompressori_3950001289065_6cc758d223661ab107e04014054e7e4c_1.jpg 1080w, https:\/\/kingarms.ee\/wp-content\/uploads\/2024\/04\/BornerPCPPuncherNishSkompressori_3950001289065_6cc758d223661ab107e04014054e7e4c_1-300x300.jpg 300w, https:\/\/kingarms.ee\/wp-content\/uploads\/2024\/04\/BornerPCPPuncherNishSkompressori_3950001289065_6cc758d223661ab107e04014054e7e4c_1-1024x1024.jpg 1024w, https:\/\/kingarms.ee\/wp-content\/uploads\/2024\/04\/BornerPCPPuncherNishSkompressori_3950001289065_6cc758d223661ab107e04014054e7e4c_1-150x150.jpg 150w, https:\/\/kingarms.ee\/wp-content\/uploads\/2024\/04\/BornerPCPPuncherNishSkompressori_3950001289065_6cc758d223661ab107e04014054e7e4c_1-768x768.jpg 768w, https:\/\/kingarms.ee\/wp-content\/uploads\/2024\/04\/BornerPCPPuncherNishSkompressori_3950001289065_6cc758d223661ab107e04014054e7e4c_1-500x500.jpg 500w\" sizes=\"auto, (max-width: 1080px) 100vw, 1080px\" \/><\/p>\n","protected":false},"excerpt":{"rendered":"<p>\u201eAir PCP Borner Puncher Nish S + Borner Pump Borner PCP Puncher Nish S Air Gun\u201c su 45 mm su PCP automatiniu siurblio \u201eBorner PCP\u201c ginklais yra auk\u0161tos kokyb\u0117s ir sujungia auk\u0161t\u0105 ir meistri\u0161kum\u0105. \u201eBorner PCP Puncher Nish S\u201c yra galingas PCP oro pistoletas su \u0161onine svirtimi. Gali\u0105 galima sureguliuoti reguliuojan\u010diu ratu \u0161one. Dviguboje sintetin\u0117je med\u017eiagoje yra \u201ePicatinny\u201c magistral\u0117s aksesuarai. Ant pistoleto galite rasti 11 mm autobus\u0105, kad patvirtintum\u0117te autobuso ir aud\u0117jo taikin\u012f. Svoris 3,30 kg<br \/>\nKalibro 0,177 (4,5 mm)<br \/>\nJuodas sintetinis atlyginimas<br \/>\nMaksimalus i\u0161\u0117jimo greitis 1000 kadr\u0173 per sekund\u0119 ir 305 m\/s<br \/>\nBendras ilgis 84 cm<br \/>\n11 mm ant stovo ir aud\u0117jo<br \/>\nVamzd\u017eio ilgis 53 cm<br \/>\nD\u0117klo 14 t\u016brio kompiuteriai<br \/>\nPneumatika auk\u0161\u010diau<\/p>\n","protected":false},"featured_media":135262,"template":"","meta":{"_acf_changed":false},"product_brand":[],"product_cat":[1146],"product_tag":[],"class_list":{"0":"post-136827","1":"product","2":"type-product","3":"status-publish","4":"has-post-thumbnail","6":"product_cat-pcp-hpa-lt","8":"first","9":"instock","10":"taxable","11":"shipping-taxable","12":"purchasable","13":"product-type-simple"},"acf":[],"_links":{"self":[{"href":"https:\/\/kingarms.ee\/lt\/wp-json\/wp\/v2\/product\/136827","targetHints":{"allow":["GET"]}}],"collection":[{"href":"https:\/\/kingarms.ee\/lt\/wp-json\/wp\/v2\/product"}],"about":[{"href":"https:\/\/kingarms.ee\/lt\/wp-json\/wp\/v2\/types\/product"}],"wp:featuredmedia":[{"embeddable":true,"href":"https:\/\/kingarms.ee\/lt\/wp-json\/wp\/v2\/media\/135262"}],"wp:attachment":[{"href":"https:\/\/kingarms.ee\/lt\/wp-json\/wp\/v2\/media?parent=136827"}],"wp:term":[{"taxonomy":"product_brand","embeddable":true,"href":"https:\/\/kingarms.ee\/lt\/wp-json\/wp\/v2\/product_brand?post=136827"},{"taxonomy":"product_cat","embeddable":true,"href":"https:\/\/kingarms.ee\/lt\/wp-json\/wp\/v2\/product_cat?post=136827"},{"taxonomy":"product_tag","embeddable":true,"href":"https:\/\/kingarms.ee\/lt\/wp-json\/wp\/v2\/product_tag?post=136827"}],"curies":[{"name":"wp","href":"https:\/\/api.w.org\/{rel}","templated":true}]}}