{"id":136835,"date":"2024-02-19T15:00:19","date_gmt":"2024-11-05T14:30:23","guid":{"rendered":"https:\/\/kingarms.ee\/product\/papludimio-tabletes-miskai\/"},"modified":"2024-11-05T17:30:23","modified_gmt":"2024-11-05T14:30:23","slug":"papludimio-platformos-mediena","status":"publish","type":"product","link":"https:\/\/kingarms.ee\/lt\/product\/papludimio-platformos-mediena\/","title":{"rendered":"Papl\u016bdimio tablet\u0117s (mi\u0161kai)"},"content":{"rendered":"<p><img loading=\"lazy\" decoding=\"async\" class=\"alignnone size-full wp-image-97555\" src=\"https:\/\/kingarms.ee\/wp-content\/uploads\/2024\/02\/%D0%91%D0%B5%D0%B7-%D0%B8%D0%BC%D0%B5%D0%BD%D0%B8-1.png\" alt=\"\" width=\"500\" height=\"375\"><\/p>\n","protected":false},"excerpt":{"rendered":"<p>Papl\u016bdimio papl\u016bdimio (Woodland) papl\u016bdimys yra nuo 39 iki 46 dyd\u017eio. Gali suma\u017einti dyd\u012f, kaip norite (\u017ei\u016br\u0117kite daugiau paveiksl\u0117lyje)<\/p>\n","protected":false},"featured_media":134714,"template":"","meta":{"_acf_changed":false},"product_brand":[],"product_cat":[1228,1263,1274],"product_tag":[],"class_list":{"0":"post-136835","1":"product","2":"type-product","3":"status-publish","4":"has-post-thumbnail","6":"product_cat-batai","7":"product_cat-kelioniu-prekes","8":"product_cat-kita-lt","10":"first","11":"instock","12":"sale","13":"taxable","14":"shipping-taxable","15":"purchasable","16":"product-type-simple"},"acf":[],"_links":{"self":[{"href":"https:\/\/kingarms.ee\/lt\/wp-json\/wp\/v2\/product\/136835","targetHints":{"allow":["GET"]}}],"collection":[{"href":"https:\/\/kingarms.ee\/lt\/wp-json\/wp\/v2\/product"}],"about":[{"href":"https:\/\/kingarms.ee\/lt\/wp-json\/wp\/v2\/types\/product"}],"wp:featuredmedia":[{"embeddable":true,"href":"https:\/\/kingarms.ee\/lt\/wp-json\/wp\/v2\/media\/134714"}],"wp:attachment":[{"href":"https:\/\/kingarms.ee\/lt\/wp-json\/wp\/v2\/media?parent=136835"}],"wp:term":[{"taxonomy":"product_brand","embeddable":true,"href":"https:\/\/kingarms.ee\/lt\/wp-json\/wp\/v2\/product_brand?post=136835"},{"taxonomy":"product_cat","embeddable":true,"href":"https:\/\/kingarms.ee\/lt\/wp-json\/wp\/v2\/product_cat?post=136835"},{"taxonomy":"product_tag","embeddable":true,"href":"https:\/\/kingarms.ee\/lt\/wp-json\/wp\/v2\/product_tag?post=136835"}],"curies":[{"name":"wp","href":"https:\/\/api.w.org\/{rel}","templated":true}]}}