{"id":136849,"date":"2024-07-19T18:35:35","date_gmt":"2024-11-05T15:54:15","guid":{"rendered":"https:\/\/kingarms.ee\/product\/optinis-taikinys-vobler-premium-3-9x40\/"},"modified":"2024-11-05T18:54:15","modified_gmt":"2024-11-05T15:54:15","slug":"optinis-aim-vogler-pemium-3-9x40","status":"publish","type":"product","link":"https:\/\/kingarms.ee\/lt\/product\/optinis-aim-vogler-pemium-3-9x40\/","title":{"rendered":"Optinis Taikinys \u201eV\u00f6bler premium 3-9&#215;40\u201c"},"content":{"rendered":"<p><img loading=\"lazy\" decoding=\"async\" class=\"alignnone size-full wp-image-101941\" src=\"https:\/\/kingarms.ee\/wp-content\/uploads\/2024\/07\/eng_pl_Riflescope-Vogler-Premium-3-9x40-Mil-Dot-Mount-113700_2_3.jpg\" alt=\"\" width=\"1200\" height=\"1200\" srcset=\"https:\/\/kingarms.ee\/wp-content\/uploads\/2024\/07\/eng_pl_Riflescope-Vogler-Premium-3-9x40-Mil-Dot-Mount-113700_2_3.jpg 1200w, https:\/\/kingarms.ee\/wp-content\/uploads\/2024\/07\/eng_pl_Riflescope-Vogler-Premium-3-9x40-Mil-Dot-Mount-113700_2_3-300x300.jpg 300w, https:\/\/kingarms.ee\/wp-content\/uploads\/2024\/07\/eng_pl_Riflescope-Vogler-Premium-3-9x40-Mil-Dot-Mount-113700_2_3-1024x1024.jpg 1024w, https:\/\/kingarms.ee\/wp-content\/uploads\/2024\/07\/eng_pl_Riflescope-Vogler-Premium-3-9x40-Mil-Dot-Mount-113700_2_3-150x150.jpg 150w, https:\/\/kingarms.ee\/wp-content\/uploads\/2024\/07\/eng_pl_Riflescope-Vogler-Premium-3-9x40-Mil-Dot-Mount-113700_2_3-768x768.jpg 768w, https:\/\/kingarms.ee\/wp-content\/uploads\/2024\/07\/eng_pl_Riflescope-Vogler-Premium-3-9x40-Mil-Dot-Mount-113700_2_3-500x500.jpg 500w\" sizes=\"auto, (max-width: 1200px) 100vw, 1200px\" \/><\/p>\n","protected":false},"excerpt":{"rendered":"<p>Optinis taikinys \u201eV\u00f6bler Premium 3-9&#215;40\u201c technin\u0117 specifikacija:<br \/>\nPadidinimas: 3-9x<br \/>\nObjektyvo skersmuo: 40 mm<br \/>\nTinklelis: Mildot<br \/>\nNeper\u0161lampamas: taip<br \/>\nR\u016bko pasiprie\u0161inimas: taip (azotas)<br \/>\nProfesinis: taip<br \/>\nOptin\u0117s dangos: visi\u0161kai daugialyp\u0117 i\u0161d\u0117styta<br \/>\nSpustel\u0117kite vert\u0119 i\u0161 100 jard\u0173: 1\/4 &#8221;<br \/>\nVamzdelio skersmuo: 25,4 mm \/ 1 &#8221;<br \/>\nIlgis: 310,0 mm \/ 12,20 &#8221;<br \/>\nSvoris: 345,0 g \/ 12,17 uncijos<br \/>\nApdaila: juodas kilim\u0117lis<br \/>\n\u012ediegimas: Du ponas ponas 11 mm autobusui<br \/>\nPriedai: aki\u0173 ir objektyvo apsaugos dangteliai<br \/>\nGamintojas: \u201eVogler Optik\u201c<\/p>\n","protected":false},"featured_media":135626,"template":"","meta":{"_acf_changed":false},"product_brand":[],"product_cat":[1205],"product_tag":[],"class_list":{"0":"post-136849","1":"product","2":"type-product","3":"status-publish","4":"has-post-thumbnail","6":"product_cat-vaizdai-lt","8":"first","9":"instock","10":"taxable","11":"shipping-taxable","12":"purchasable","13":"product-type-simple"},"acf":[],"_links":{"self":[{"href":"https:\/\/kingarms.ee\/lt\/wp-json\/wp\/v2\/product\/136849","targetHints":{"allow":["GET"]}}],"collection":[{"href":"https:\/\/kingarms.ee\/lt\/wp-json\/wp\/v2\/product"}],"about":[{"href":"https:\/\/kingarms.ee\/lt\/wp-json\/wp\/v2\/types\/product"}],"wp:featuredmedia":[{"embeddable":true,"href":"https:\/\/kingarms.ee\/lt\/wp-json\/wp\/v2\/media\/135626"}],"wp:attachment":[{"href":"https:\/\/kingarms.ee\/lt\/wp-json\/wp\/v2\/media?parent=136849"}],"wp:term":[{"taxonomy":"product_brand","embeddable":true,"href":"https:\/\/kingarms.ee\/lt\/wp-json\/wp\/v2\/product_brand?post=136849"},{"taxonomy":"product_cat","embeddable":true,"href":"https:\/\/kingarms.ee\/lt\/wp-json\/wp\/v2\/product_cat?post=136849"},{"taxonomy":"product_tag","embeddable":true,"href":"https:\/\/kingarms.ee\/lt\/wp-json\/wp\/v2\/product_tag?post=136849"}],"curies":[{"name":"wp","href":"https:\/\/api.w.org\/{rel}","templated":true}]}}