{"id":136850,"date":"2024-03-12T14:59:20","date_gmt":"2024-11-05T16:15:38","guid":{"rendered":"https:\/\/kingarms.ee\/product\/krizes-rinkkinys-4-zmonai\/"},"modified":"2024-11-05T19:15:38","modified_gmt":"2024-11-05T16:15:38","slug":"krizes-rinkinys-4","status":"publish","type":"product","link":"https:\/\/kingarms.ee\/lt\/product\/krizes-rinkinys-4\/","title":{"rendered":"Kriz\u0117s Rinkkinys (4 \u017dmonai)"},"content":{"rendered":"<p><img loading=\"lazy\" decoding=\"async\" class=\"alignnone size-full wp-image-100580\" src=\"https:\/\/kingarms.ee\/wp-content\/uploads\/2024\/03\/%D0%91%D0%B5%D0%B7-%D0%B8%D0%BC%D0%B5%D0%BD%D0%B8-7-scaled.jpg\" alt=\"\" width=\"2560\" height=\"1919\"><\/p>\n","protected":false},"excerpt":{"rendered":"<p>Krizi\u0173 rinkin\u012f (4 \u017emoni\u0173) rinkin\u012f sudaro: kuprin\u0117<br \/>\nPamat\u0117<br \/>\nRadijas<br \/>\nI\u0161gyvenimo antklod\u0117 x4<br \/>\nVandens valymo tablet\u0117s x4<br \/>\n2 kasdienis maistas x4<br \/>\nVanduo x4<br \/>\nUniversal\u016bs \u012franki\u0173 priedai<br \/>\nPalapin\u0117s i\u0161likimas x4<br \/>\nRungtyn\u0117s\/\u017daibas<br \/>\nKompasas<br \/>\n\u0160vilpukas<br \/>\nKarabinai<br \/>\nKrizini\u0173 situacij\u0173 elgesio vadovas<\/p>\n<p><span style=\"color: #ff0000;\">Atminkite, kad vaizdas yra iliustracinis, o turinys gali skirtis pagal poreik\u012f.<\/span><\/p>\n","protected":false},"featured_media":135096,"template":"","meta":{"_acf_changed":false},"product_brand":[],"product_cat":[1263,1329,1219],"product_tag":[],"class_list":{"0":"post-136850","1":"product","2":"type-product","3":"status-publish","4":"has-post-thumbnail","6":"product_cat-kelioniu-prekes","7":"product_cat-kriziu-rinkinys","8":"product_cat-pirmoji-pagalba","10":"first","11":"instock","12":"taxable","13":"shipping-taxable","14":"purchasable","15":"product-type-simple"},"acf":[],"_links":{"self":[{"href":"https:\/\/kingarms.ee\/lt\/wp-json\/wp\/v2\/product\/136850","targetHints":{"allow":["GET"]}}],"collection":[{"href":"https:\/\/kingarms.ee\/lt\/wp-json\/wp\/v2\/product"}],"about":[{"href":"https:\/\/kingarms.ee\/lt\/wp-json\/wp\/v2\/types\/product"}],"wp:featuredmedia":[{"embeddable":true,"href":"https:\/\/kingarms.ee\/lt\/wp-json\/wp\/v2\/media\/135096"}],"wp:attachment":[{"href":"https:\/\/kingarms.ee\/lt\/wp-json\/wp\/v2\/media?parent=136850"}],"wp:term":[{"taxonomy":"product_brand","embeddable":true,"href":"https:\/\/kingarms.ee\/lt\/wp-json\/wp\/v2\/product_brand?post=136850"},{"taxonomy":"product_cat","embeddable":true,"href":"https:\/\/kingarms.ee\/lt\/wp-json\/wp\/v2\/product_cat?post=136850"},{"taxonomy":"product_tag","embeddable":true,"href":"https:\/\/kingarms.ee\/lt\/wp-json\/wp\/v2\/product_tag?post=136850"}],"curies":[{"name":"wp","href":"https:\/\/api.w.org\/{rel}","templated":true}]}}