{"id":136860,"date":"2024-02-10T13:05:33","date_gmt":"2024-11-06T08:45:50","guid":{"rendered":"https:\/\/kingarms.ee\/product\/ginklu-krepsys-remington-113%d1%8515%d1%8525%d1%856\/"},"modified":"2024-11-06T11:45:50","modified_gmt":"2024-11-06T08:45:50","slug":"ginklu-remington-113%d1%8515%d1%8525%d1%856","status":"publish","type":"product","link":"https:\/\/kingarms.ee\/lt\/product\/ginklu-remington-113%d1%8515%d1%8525%d1%856\/","title":{"rendered":"Ginkl\u0173 krep\u0161ys \u201eRemington 113\u044515\u044525\u04456\u201c"},"content":{"rendered":"<p><img loading=\"lazy\" decoding=\"async\" class=\"alignnone size-full wp-image-95930\" src=\"https:\/\/kingarms.ee\/wp-content\/uploads\/2024\/02\/img_99274.jpg\" alt=\"\" width=\"1000\" height=\"667\" srcset=\"https:\/\/kingarms.ee\/wp-content\/uploads\/2024\/02\/img_99274.jpg 1000w, https:\/\/kingarms.ee\/wp-content\/uploads\/2024\/02\/img_99274-300x200.jpg 300w, https:\/\/kingarms.ee\/wp-content\/uploads\/2024\/02\/img_99274-768x512.jpg 768w, https:\/\/kingarms.ee\/wp-content\/uploads\/2024\/02\/img_99274-500x334.jpg 500w, https:\/\/kingarms.ee\/wp-content\/uploads\/2024\/02\/img_99274-150x100.jpg 150w\" sizes=\"auto, (max-width: 1000px) 100vw, 1000px\" \/><\/p>\n","protected":false},"excerpt":{"rendered":"<p>Remington 123x15x25x6 pistoleto d\u0117klas. I\u0161orinis audinys &#8211; alyvuogi\u0173 aplankas. Viduje yra putplas\u010dio guma, padengta sintetiniu audiniu. Korpuso apa\u010dioje ir vir\u0161uje yra padengtos odos imitacija. Yra ki\u0161en\u0117 ma\u017eiems daiktams. Lagamin\u0105 galima d\u0117v\u0117ti ant rankenos arba ant peties: specialus dir\u017eelis. Tinka \u0161autuvams be tikslo ir ma\u017e\u0173 bei vidutinio dyd\u017eio \u0161autuv\u0173.<\/p>\n","protected":false},"featured_media":134629,"template":"","meta":{"_acf_changed":false},"product_brand":[],"product_cat":[1197,1245],"product_tag":[],"class_list":{"0":"post-136860","1":"product","2":"type-product","3":"status-publish","4":"has-post-thumbnail","6":"product_cat-maisai","7":"product_cat-maisai-lt","9":"first","10":"instock","11":"taxable","12":"shipping-taxable","13":"purchasable","14":"product-type-simple"},"acf":[],"_links":{"self":[{"href":"https:\/\/kingarms.ee\/lt\/wp-json\/wp\/v2\/product\/136860","targetHints":{"allow":["GET"]}}],"collection":[{"href":"https:\/\/kingarms.ee\/lt\/wp-json\/wp\/v2\/product"}],"about":[{"href":"https:\/\/kingarms.ee\/lt\/wp-json\/wp\/v2\/types\/product"}],"wp:featuredmedia":[{"embeddable":true,"href":"https:\/\/kingarms.ee\/lt\/wp-json\/wp\/v2\/media\/134629"}],"wp:attachment":[{"href":"https:\/\/kingarms.ee\/lt\/wp-json\/wp\/v2\/media?parent=136860"}],"wp:term":[{"taxonomy":"product_brand","embeddable":true,"href":"https:\/\/kingarms.ee\/lt\/wp-json\/wp\/v2\/product_brand?post=136860"},{"taxonomy":"product_cat","embeddable":true,"href":"https:\/\/kingarms.ee\/lt\/wp-json\/wp\/v2\/product_cat?post=136860"},{"taxonomy":"product_tag","embeddable":true,"href":"https:\/\/kingarms.ee\/lt\/wp-json\/wp\/v2\/product_tag?post=136860"}],"curies":[{"name":"wp","href":"https:\/\/api.w.org\/{rel}","templated":true}]}}