{"id":136864,"date":"2024-02-10T12:38:30","date_gmt":"2024-11-06T08:47:49","guid":{"rendered":"https:\/\/kingarms.ee\/product\/ginklu-krepsys-remington-130cm\/"},"modified":"2024-11-06T11:47:49","modified_gmt":"2024-11-06T08:47:49","slug":"ginklu-remington-130cm","status":"publish","type":"product","link":"https:\/\/kingarms.ee\/lt\/product\/ginklu-remington-130cm\/","title":{"rendered":"Ginkl\u0173 krep\u0161ys \u201eRemington 130cm\u201c"},"content":{"rendered":"<p><img loading=\"lazy\" decoding=\"async\" class=\"alignnone size-full wp-image-95918\" src=\"https:\/\/kingarms.ee\/wp-content\/uploads\/2024\/02\/chehol-remington-dlya-ruzhya-130-sm-5.jpg\" alt=\"\" width=\"840\" height=\"700\" srcset=\"https:\/\/kingarms.ee\/wp-content\/uploads\/2024\/02\/chehol-remington-dlya-ruzhya-130-sm-5.jpg 840w, https:\/\/kingarms.ee\/wp-content\/uploads\/2024\/02\/chehol-remington-dlya-ruzhya-130-sm-5-300x250.jpg 300w, https:\/\/kingarms.ee\/wp-content\/uploads\/2024\/02\/chehol-remington-dlya-ruzhya-130-sm-5-768x640.jpg 768w, https:\/\/kingarms.ee\/wp-content\/uploads\/2024\/02\/chehol-remington-dlya-ruzhya-130-sm-5-500x417.jpg 500w, https:\/\/kingarms.ee\/wp-content\/uploads\/2024\/02\/chehol-remington-dlya-ruzhya-130-sm-5-150x125.jpg 150w\" sizes=\"auto, (max-width: 840px) 100vw, 840px\" \/><\/p>\n","protected":false},"excerpt":{"rendered":"<p>Presti\u017einio \u201eRemington\u201c prek\u0117s \u017eenklo, skirto med\u017eiokl\u0117s pistoletams, \u0161autuvams ir karabinams, danga.<br \/>\nVe\u017e\u0117jas ir reguliuojamas bei nuimamas pe\u010di\u0173 dir\u017eelis, kad b\u016bt\u0173 galima geriau transportuoti.<br \/>\nI\u0161orin\u0117 ki\u0161en\u0117, skirta laikyti priedus, amunicij\u0105 ir pana\u0161iai.<br \/>\nPagaminta i\u0161 pirmosios klas\u0117s \u201eCordura\u201c.<br \/>\nSpalva: sm\u0117lio ruda.<br \/>\nAuk\u0161to patvarumo d\u0117klas, idealus \u0161autuvui apsaugoti nuo sm\u016bgi\u0173 ir \u012fbr\u0117\u017eim\u0173.<br \/>\nDydis: 130 cm (idealiai tinka 110\u2013120 cm \u0161autuvams).<br \/>\nSvarbu: \u017dymi\u0173 dang\u0173 matmenys visada yra i\u0161oriniai matmenys. Atminkite, kad mai\u0161as turi b\u016bti didesnis pistolete, kad jis tinkamai u\u017edaryt\u0173. <\/p>\n","protected":false},"featured_media":134627,"template":"","meta":{"_acf_changed":false},"product_brand":[],"product_cat":[1245],"product_tag":[],"class_list":{"0":"post-136864","1":"product","2":"type-product","3":"status-publish","4":"has-post-thumbnail","6":"product_cat-maisai-lt","8":"first","9":"instock","10":"taxable","11":"shipping-taxable","12":"purchasable","13":"product-type-simple"},"acf":[],"_links":{"self":[{"href":"https:\/\/kingarms.ee\/lt\/wp-json\/wp\/v2\/product\/136864","targetHints":{"allow":["GET"]}}],"collection":[{"href":"https:\/\/kingarms.ee\/lt\/wp-json\/wp\/v2\/product"}],"about":[{"href":"https:\/\/kingarms.ee\/lt\/wp-json\/wp\/v2\/types\/product"}],"wp:featuredmedia":[{"embeddable":true,"href":"https:\/\/kingarms.ee\/lt\/wp-json\/wp\/v2\/media\/134627"}],"wp:attachment":[{"href":"https:\/\/kingarms.ee\/lt\/wp-json\/wp\/v2\/media?parent=136864"}],"wp:term":[{"taxonomy":"product_brand","embeddable":true,"href":"https:\/\/kingarms.ee\/lt\/wp-json\/wp\/v2\/product_brand?post=136864"},{"taxonomy":"product_cat","embeddable":true,"href":"https:\/\/kingarms.ee\/lt\/wp-json\/wp\/v2\/product_cat?post=136864"},{"taxonomy":"product_tag","embeddable":true,"href":"https:\/\/kingarms.ee\/lt\/wp-json\/wp\/v2\/product_tag?post=136864"}],"curies":[{"name":"wp","href":"https:\/\/api.w.org\/{rel}","templated":true}]}}