{"id":136867,"date":"2024-02-09T16:03:37","date_gmt":"2024-11-06T08:49:52","guid":{"rendered":"https:\/\/kingarms.ee\/product\/jackery-explorer-500-nesiojama-elektrine-akumuliatoriu-stotis\/"},"modified":"2024-11-06T11:49:52","modified_gmt":"2024-11-06T08:49:52","slug":"jackery-explorer-500-portable-power-station-akuja","status":"publish","type":"product","link":"https:\/\/kingarms.ee\/lt\/product\/jackery-explorer-500-portable-power-station-akuja\/","title":{"rendered":"\u201eJackery Explorer 500\u201c ne\u0161iojama elektrin\u0117 &#8211; akumuliatori\u0173 stotis"},"content":{"rendered":"","protected":false},"excerpt":{"rendered":"<p><span style=\"font-weight: 400;\">Ne\u0161iojamos akumuliatoriaus stoties \u201eJackery Explorer 500\u201c \u012fkrauna ma\u017eos galios \u012frang\u0105 ilgomis valandomis. Didel\u0117 518 WH akumuliatoriaus talpa, sulankstoma rankena, ergonominis dizainas ir pramon\u0117s pirmaujanti BMS technologijos akumuliatori\u0173 stotis yra ideali lauko ir avarini\u0173 nam\u0173 atsarg\u0173 sprendimams. Tai labai lengva ne\u0161iotis, sveriant tik 6,3 kg.  <\/span><\/p>\n","protected":false},"featured_media":134610,"template":"","meta":{"_acf_changed":false},"product_brand":[],"product_cat":[1264],"product_tag":[],"class_list":{"0":"post-136867","1":"product","2":"type-product","3":"status-publish","4":"has-post-thumbnail","6":"product_cat-galios-bankas","8":"first","9":"instock","10":"taxable","11":"shipping-taxable","12":"purchasable","13":"product-type-simple"},"acf":[],"_links":{"self":[{"href":"https:\/\/kingarms.ee\/lt\/wp-json\/wp\/v2\/product\/136867","targetHints":{"allow":["GET"]}}],"collection":[{"href":"https:\/\/kingarms.ee\/lt\/wp-json\/wp\/v2\/product"}],"about":[{"href":"https:\/\/kingarms.ee\/lt\/wp-json\/wp\/v2\/types\/product"}],"wp:featuredmedia":[{"embeddable":true,"href":"https:\/\/kingarms.ee\/lt\/wp-json\/wp\/v2\/media\/134610"}],"wp:attachment":[{"href":"https:\/\/kingarms.ee\/lt\/wp-json\/wp\/v2\/media?parent=136867"}],"wp:term":[{"taxonomy":"product_brand","embeddable":true,"href":"https:\/\/kingarms.ee\/lt\/wp-json\/wp\/v2\/product_brand?post=136867"},{"taxonomy":"product_cat","embeddable":true,"href":"https:\/\/kingarms.ee\/lt\/wp-json\/wp\/v2\/product_cat?post=136867"},{"taxonomy":"product_tag","embeddable":true,"href":"https:\/\/kingarms.ee\/lt\/wp-json\/wp\/v2\/product_tag?post=136867"}],"curies":[{"name":"wp","href":"https:\/\/api.w.org\/{rel}","templated":true}]}}